{"id":1115,"date":"2015-01-15T08:05:43","date_gmt":"2015-01-15T08:05:43","guid":{"rendered":"http:\/\/109.168.97.153\/\/\/?page_id=1115"},"modified":"2024-05-03T03:40:06","modified_gmt":"2024-05-03T01:40:06","slug":"servizi-gestiti","status":"publish","type":"page","link":"https:\/\/www.cyberfero.com\/it\/cloud-products-and-services\/cloud-macchine-virtuali\/servizi-gestiti\/","title":{"rendered":"Servizi gestiti"},"content":{"rendered":"<p>servizi gestiti<\/p>\n<h2>servizi gestiti<\/h2>\n<p><strong>Cyberfero<\/strong> e&#8217; in grado di create profili clienti personalizzati e controlli di sistema\/sicurezza su richiesta.<\/p>\n<p>\/it\/contatti\/contatti\/<\/p>\n<p>Contattaci<\/p>\n<p>99% Uptime garantito<\/p>\n<p>Supporto 24&#215;7<\/p>\n<p><a href=\"https:\/\/cloud.cyberfero.com\/cart\/iaas-cloud-server---managed-services\/&amp;step=0\" target=\"_blank\" rel=\"noopener noreferrer\">Monitoraggio pro-attivo<\/a><\/p>\n<h4>Servizio di monitoraggio automatico<\/h4>\n<p>Il tuo server sara&#8217; monitorato mediante il nostro sistema di monitoring per la verifica automatica delle risorse di sistema e delle rispettive performance. Installeremo un agent software sul tuo server in modo da comunicare le informazioni di sistema in modo sicuro al nostro server di monitoraggio centrale. Il servizio \u00e8 relativo ad ogni singolo Cloud Server, \u00e8 necessario ordinare un servizio gestito per ogni Cloud Server che si intende coprire con questo servizio.<\/p>\n<ul>\n<li>Installazione e configurazione agent software<\/li>\n<li>Report degli elementi configurati<\/li>\n<li>Report degli allarmi configurati<\/li>\n<li>E-mail automatica su allarmi di tipo High e Disaster<\/li>\n<\/ul>\n<ul>\n<li>Mobile app (Android,iOS e Windows Phone sono supportati)<\/li>\n<li>Client per Mac OS X<\/li>\n<li>Estensione Chrome per il controllo automatico delle degli allarmi e degli eventi<\/li>\n<\/ul>\n<p>Servizi gestiti<\/p>\n<h4><\/h4>\n<h4><\/h4>\n<h4>Servizi gestitiServizio di Security Patch<\/h4>\n<p>Applicheremo manualmente tutte le patch di sicurezza e di sistema al tuo Cloud Server. Saranno oggetto del servizio solo i sistemi operativi ed i programmi standard (quelli contenuti nell&#8217;immagine server da voi selezionata in fase di acquisto). Prima di ogni attivit\u00e0 sar\u00e0 nostra cura effettuare un backup completo del sistema in modo da ri-pristinare lo stato del server in caso di problemi di compatibilit\u00e0. Il servizio \u00e8 relativo ad ogni singolo Cloud Server, \u00e8 necessario ordinare un servizio gestito per ogni Cloud Server che si intende coprire con questo servizio.<\/p>\n<ul>\n<li>Controllo regolare degli aggiornamenti (ogni settimana)<\/li>\n<li>Controllo delle vulnerabilit\u00e0 del sistema non ancora coperte dal produttore<\/li>\n<li>Report sulle attivit\u00e0 di aggiornamento<\/li>\n<\/ul>\n<p>Servizi gestiti<\/p>\n<h4>Servizio di controllo dei log<\/h4>\n<p>Controllo periodico dei log di sistema e delle applicazioni per individuare errori o comportamenti anomali. Saranno oggetto del servizio solo i sistemi operativi ed i programmi standard (quelli contenuti nell&#8217;immagine server da voi selezionata in fase di acquisto). Il servizio \u00e8 relativo ad ogni singolo Cloud Server, \u00e8 necessario ordinare un servizio gestito per ogni Cloud Server che si intende coprire con questo servizio.<\/p>\n<ul>\n<li>Controllo log di sistema<\/li>\n<\/ul>\n<ul>\n<li>Controllo log delle applicazioni<\/li>\n<\/ul>\n<h4>Servizio completo di monitoraggio<\/h4>\n<p>Include &#8220;<b>Servizio di monitoraggio automatico<\/b>&#8220;, &#8220;<b>Servizio di Security Patch<\/b>&#8221; and &#8220;<b>Servizio di controllo dei log<\/b>&#8220;. Il servizio \u00e8 relativo ad ogni singolo Cloud Server, \u00e8 necessario ordinare un servizio gestito per ogni Cloud Server che si intende coprire con questo servizio.<\/p>\n<p>Servizi gestiti<\/p>\n<ul>\n<li>Installazione e configurazione agent software<\/li>\n<li>Report degli elementi configurati<\/li>\n<li>Report degli allarmi configurati<\/li>\n<li>E-mail automatica su allarmi di tipo High e Disaster<\/li>\n<\/ul>\n<ul>\n<li>Mobile app (Android,iOS e Windows Phone sono supportati)<\/li>\n<li>Client per Mac OS X<\/li>\n<li>Estensione Chrome per il controllo automatico delle degli allarmi e degli eventi<\/li>\n<\/ul>\n<p>Servizi gestiti<\/p>\n<h4>Servizio di Vulnerability Assessment<\/h4>\n<p>Verranno eseguiti quotidianamente dei Vulnerability Scan automatici al fine di valutare la sicurezza del tuo Cloud Server. Il servizio \u00e8 per un solo Cloud Server, \u00e8 necessario ordinare il servizio di monitoraggio per ciascun server che si intende monitorare.<\/p>\n<p><a href=\"http:\/\/cyberfero.com\/wp-content\/uploads\/2015\/01\/cloud_service-5.png\" rel=\"attachment wp-att-864\"><img decoding=\"async\" class=\"alignnone size-full wp-image-864\" src=\"http:\/\/cyberfero.com\/wp-content\/uploads\/2015\/01\/cloud_service-5.png\" alt=\"servizi gestiti\" width=\"165\" height=\"165\" srcset=\"https:\/\/www.cyberfero.com\/wp-content\/uploads\/2015\/01\/cloud_service-5.png 165w, https:\/\/www.cyberfero.com\/wp-content\/uploads\/2015\/01\/cloud_service-5-150x150.png 150w\" sizes=\"(max-width: 165px) 100vw, 165px\" \/><\/a><\/p>\n<p>Servizi gestiti<\/p>\n<p><a href=\"https:\/\/www.cyberfero.com\/it\/cloud-products-and-services\/cloud-macchine-virtuali\/\">Cloud Server<\/a><\/p>\n","protected":false},"excerpt":{"rendered":"<p>servizi gestiti servizi gestiti Cyberfero e&#8217; in grado di create profili clienti personalizzati e controlli di sistema\/sicurezza su richiesta. \/it\/contatti\/contatti\/ Contattaci 99% Uptime garantito Supporto 24&#215;7 Monitoraggio pro-attivo Servizio di monitoraggio automatico Il tuo server sara&#8217; monitorato mediante il nostro sistema di monitoring per la verifica automatica delle risorse di sistema e delle rispettive performance. Installeremo un agent software sul&#8230;<\/p>\n","protected":false},"author":2,"featured_media":0,"parent":1966,"menu_order":0,"comment_status":"open","ping_status":"closed","template":"managed_service-template.php","meta":{"_acf_changed":false,"_monsterinsights_skip_tracking":false,"_monsterinsights_sitenote_active":false,"_monsterinsights_sitenote_note":"","_monsterinsights_sitenote_category":0,"_uf_show_specific_survey":0,"_uf_disable_surveys":false,"footnotes":""},"class_list":["post-1115","page","type-page","status-publish","hentry"],"acf":[],"yoast_head":"<!-- This site is optimized with the Yoast SEO Premium plugin v24.2 (Yoast SEO v27.3) - https:\/\/yoast.com\/product\/yoast-seo-premium-wordpress\/ -->\n<title>Servizi gestiti | Managed Service | Cyberfero<\/title>\n<meta name=\"description\" content=\"servizi gestiti. Cyberfero \u00e8 in grado di create profili clienti personalizzati e controlli di sistema\/sicurezza su richiesta.\" \/>\n<meta name=\"robots\" content=\"index, follow, max-snippet:-1, max-image-preview:large, max-video-preview:-1\" \/>\n<link rel=\"canonical\" href=\"https:\/\/www.cyberfero.com\/it\/cloud-products-and-services\/cloud-macchine-virtuali\/servizi-gestiti\/\" \/>\n<meta property=\"og:locale\" content=\"it_IT\" \/>\n<meta property=\"og:type\" content=\"article\" \/>\n<meta property=\"og:title\" content=\"Servizi gestiti\" \/>\n<meta property=\"og:description\" content=\"servizi gestiti. Cyberfero \u00e8 in grado di create profili clienti personalizzati e controlli di sistema\/sicurezza su richiesta.\" \/>\n<meta property=\"og:url\" content=\"https:\/\/www.cyberfero.com\/it\/cloud-products-and-services\/cloud-macchine-virtuali\/servizi-gestiti\/\" \/>\n<meta property=\"og:site_name\" content=\"Cyberfero\" \/>\n<meta property=\"article:publisher\" content=\"https:\/\/www.facebook.com\/Cyberfero\" \/>\n<meta property=\"article:modified_time\" content=\"2024-05-03T01:40:06+00:00\" \/>\n<meta property=\"og:image\" content=\"http:\/\/cyberfero.com\/wp-content\/uploads\/2015\/01\/cloud_service-5.png\" \/>\n<meta name=\"twitter:card\" content=\"summary_large_image\" \/>\n<meta name=\"twitter:site\" content=\"@secureod\" \/>\n<meta name=\"twitter:label1\" content=\"Tempo di lettura stimato\" \/>\n\t<meta name=\"twitter:data1\" content=\"3 minuti\" \/>\n<script type=\"application\/ld+json\" class=\"yoast-schema-graph\">{\"@context\":\"https:\\\/\\\/schema.org\",\"@graph\":[{\"@type\":\"WebPage\",\"@id\":\"https:\\\/\\\/www.cyberfero.com\\\/it\\\/cloud-products-and-services\\\/cloud-macchine-virtuali\\\/servizi-gestiti\\\/\",\"url\":\"https:\\\/\\\/www.cyberfero.com\\\/it\\\/cloud-products-and-services\\\/cloud-macchine-virtuali\\\/servizi-gestiti\\\/\",\"name\":\"Servizi gestiti | Managed Service | Cyberfero\",\"isPartOf\":{\"@id\":\"https:\\\/\\\/www.cyberfero.com\\\/it\\\/#website\"},\"primaryImageOfPage\":{\"@id\":\"https:\\\/\\\/www.cyberfero.com\\\/it\\\/cloud-products-and-services\\\/cloud-macchine-virtuali\\\/servizi-gestiti\\\/#primaryimage\"},\"image\":{\"@id\":\"https:\\\/\\\/www.cyberfero.com\\\/it\\\/cloud-products-and-services\\\/cloud-macchine-virtuali\\\/servizi-gestiti\\\/#primaryimage\"},\"thumbnailUrl\":\"http:\\\/\\\/cyberfero.com\\\/wp-content\\\/uploads\\\/2015\\\/01\\\/cloud_service-5.png\",\"datePublished\":\"2015-01-15T08:05:43+00:00\",\"dateModified\":\"2024-05-03T01:40:06+00:00\",\"description\":\"servizi gestiti. Cyberfero \u00e8 in grado di create profili clienti personalizzati e controlli di sistema\\\/sicurezza su richiesta.\",\"breadcrumb\":{\"@id\":\"https:\\\/\\\/www.cyberfero.com\\\/it\\\/cloud-products-and-services\\\/cloud-macchine-virtuali\\\/servizi-gestiti\\\/#breadcrumb\"},\"inLanguage\":\"it-IT\",\"potentialAction\":[{\"@type\":\"ReadAction\",\"target\":[\"https:\\\/\\\/www.cyberfero.com\\\/it\\\/cloud-products-and-services\\\/cloud-macchine-virtuali\\\/servizi-gestiti\\\/\"]}]},{\"@type\":\"ImageObject\",\"inLanguage\":\"it-IT\",\"@id\":\"https:\\\/\\\/www.cyberfero.com\\\/it\\\/cloud-products-and-services\\\/cloud-macchine-virtuali\\\/servizi-gestiti\\\/#primaryimage\",\"url\":\"http:\\\/\\\/cyberfero.com\\\/wp-content\\\/uploads\\\/2015\\\/01\\\/cloud_service-5.png\",\"contentUrl\":\"http:\\\/\\\/cyberfero.com\\\/wp-content\\\/uploads\\\/2015\\\/01\\\/cloud_service-5.png\"},{\"@type\":\"BreadcrumbList\",\"@id\":\"https:\\\/\\\/www.cyberfero.com\\\/it\\\/cloud-products-and-services\\\/cloud-macchine-virtuali\\\/servizi-gestiti\\\/#breadcrumb\",\"itemListElement\":[{\"@type\":\"ListItem\",\"position\":1,\"name\":\"Home\",\"item\":\"https:\\\/\\\/www.cyberfero.com\\\/it\\\/\"},{\"@type\":\"ListItem\",\"position\":2,\"name\":\"Prodotti e Servizi Cloud\",\"item\":\"https:\\\/\\\/www.cyberfero.com\\\/it\\\/cloud-products-and-services\\\/\"},{\"@type\":\"ListItem\",\"position\":3,\"name\":\"Cloud Macchine Virtuali\",\"item\":\"https:\\\/\\\/www.cyberfero.com\\\/it\\\/cloud-products-and-services\\\/cloud-macchine-virtuali\\\/\"},{\"@type\":\"ListItem\",\"position\":4,\"name\":\"Servizi gestiti\"}]},{\"@type\":\"WebSite\",\"@id\":\"https:\\\/\\\/www.cyberfero.com\\\/it\\\/#website\",\"url\":\"https:\\\/\\\/www.cyberfero.com\\\/it\\\/\",\"name\":\"Cyberfero\",\"description\":\"Managed Security Service Provider\",\"publisher\":{\"@id\":\"https:\\\/\\\/www.cyberfero.com\\\/it\\\/#organization\"},\"potentialAction\":[{\"@type\":\"SearchAction\",\"target\":{\"@type\":\"EntryPoint\",\"urlTemplate\":\"https:\\\/\\\/www.cyberfero.com\\\/it\\\/?s={search_term_string}\"},\"query-input\":{\"@type\":\"PropertyValueSpecification\",\"valueRequired\":true,\"valueName\":\"search_term_string\"}}],\"inLanguage\":\"it-IT\"},{\"@type\":[\"Organization\",\"Place\",\"ProfessionalService\"],\"@id\":\"https:\\\/\\\/www.cyberfero.com\\\/it\\\/#organization\",\"name\":\"Cyberfero s.r.l.\",\"url\":\"https:\\\/\\\/www.cyberfero.com\\\/it\\\/\",\"logo\":{\"@id\":\"https:\\\/\\\/www.cyberfero.com\\\/it\\\/cloud-products-and-services\\\/cloud-macchine-virtuali\\\/servizi-gestiti\\\/#local-main-organization-logo\"},\"image\":{\"@id\":\"https:\\\/\\\/www.cyberfero.com\\\/it\\\/cloud-products-and-services\\\/cloud-macchine-virtuali\\\/servizi-gestiti\\\/#local-main-organization-logo\"},\"sameAs\":[\"https:\\\/\\\/www.facebook.com\\\/Cyberfero\",\"https:\\\/\\\/x.com\\\/secureod\",\"https:\\\/\\\/www.instagram.com\\\/cyber_fero\\\/\",\"https:\\\/\\\/www.linkedin.com\\\/company\\\/cyberfero\",\"http:\\\/\\\/www.pinterest.com\\\/cyberfero\",\"https:\\\/\\\/www.youtube.com\\\/user\\\/secureod\"],\"address\":{\"@id\":\"https:\\\/\\\/www.cyberfero.com\\\/it\\\/cloud-products-and-services\\\/cloud-macchine-virtuali\\\/servizi-gestiti\\\/#local-main-place-address\"},\"telephone\":[\"+39 0522 1685330\"],\"openingHoursSpecification\":[{\"@type\":\"OpeningHoursSpecification\",\"dayOfWeek\":[\"Monday\",\"Tuesday\",\"Wednesday\",\"Thursday\",\"Friday\"],\"opens\":\"09:00\",\"closes\":\"18:30\"},{\"@type\":\"OpeningHoursSpecification\",\"dayOfWeek\":[\"Saturday\",\"Sunday\"],\"opens\":\"00:00\",\"closes\":\"00:00\"}],\"email\":\"info@cyberfero.com\",\"faxNumber\":\"+39 0522 015371\",\"areaServed\":\"Italia\",\"vatID\":\"03058120357\",\"taxID\":\"03058120357\",\"priceRange\":\"$$$\",\"currenciesAccepted\":\"\u20ac\",\"paymentAccepted\":\"paypal, bonifico bancario\"},{\"@type\":\"PostalAddress\",\"@id\":\"https:\\\/\\\/www.cyberfero.com\\\/it\\\/cloud-products-and-services\\\/cloud-macchine-virtuali\\\/servizi-gestiti\\\/#local-main-place-address\",\"streetAddress\":\"Via Statuto, 3\",\"addressLocality\":\"Reggio Emilia\",\"postalCode\":\"42121\",\"addressRegion\":\"Italia\",\"addressCountry\":\"IT\"},{\"@type\":\"ImageObject\",\"inLanguage\":\"it-IT\",\"@id\":\"https:\\\/\\\/www.cyberfero.com\\\/it\\\/cloud-products-and-services\\\/cloud-macchine-virtuali\\\/servizi-gestiti\\\/#local-main-organization-logo\",\"url\":\"https:\\\/\\\/www.cyberfero.com\\\/wp-content\\\/uploads\\\/2024\\\/05\\\/Color-logo-no-background.png\",\"contentUrl\":\"https:\\\/\\\/www.cyberfero.com\\\/wp-content\\\/uploads\\\/2024\\\/05\\\/Color-logo-no-background.png\",\"width\":3163,\"height\":922,\"caption\":\"Cyberfero s.r.l.\"}]}<\/script>\n<meta name=\"geo.placename\" content=\"Reggio Emilia\" \/>\n<meta name=\"geo.region\" content=\"Italia\" \/>\n<!-- \/ Yoast SEO Premium plugin. -->","yoast_head_json":{"title":"Servizi gestiti | Managed Service | Cyberfero","description":"servizi gestiti. Cyberfero \u00e8 in grado di create profili clienti personalizzati e controlli di sistema\/sicurezza su richiesta.","robots":{"index":"index","follow":"follow","max-snippet":"max-snippet:-1","max-image-preview":"max-image-preview:large","max-video-preview":"max-video-preview:-1"},"canonical":"https:\/\/www.cyberfero.com\/it\/cloud-products-and-services\/cloud-macchine-virtuali\/servizi-gestiti\/","og_locale":"it_IT","og_type":"article","og_title":"Servizi gestiti","og_description":"servizi gestiti. Cyberfero \u00e8 in grado di create profili clienti personalizzati e controlli di sistema\/sicurezza su richiesta.","og_url":"https:\/\/www.cyberfero.com\/it\/cloud-products-and-services\/cloud-macchine-virtuali\/servizi-gestiti\/","og_site_name":"Cyberfero","article_publisher":"https:\/\/www.facebook.com\/Cyberfero","article_modified_time":"2024-05-03T01:40:06+00:00","og_image":[{"url":"http:\/\/cyberfero.com\/wp-content\/uploads\/2015\/01\/cloud_service-5.png","type":"","width":"","height":""}],"twitter_card":"summary_large_image","twitter_site":"@secureod","twitter_misc":{"Tempo di lettura stimato":"3 minuti"},"schema":{"@context":"https:\/\/schema.org","@graph":[{"@type":"WebPage","@id":"https:\/\/www.cyberfero.com\/it\/cloud-products-and-services\/cloud-macchine-virtuali\/servizi-gestiti\/","url":"https:\/\/www.cyberfero.com\/it\/cloud-products-and-services\/cloud-macchine-virtuali\/servizi-gestiti\/","name":"Servizi gestiti | Managed Service | Cyberfero","isPartOf":{"@id":"https:\/\/www.cyberfero.com\/it\/#website"},"primaryImageOfPage":{"@id":"https:\/\/www.cyberfero.com\/it\/cloud-products-and-services\/cloud-macchine-virtuali\/servizi-gestiti\/#primaryimage"},"image":{"@id":"https:\/\/www.cyberfero.com\/it\/cloud-products-and-services\/cloud-macchine-virtuali\/servizi-gestiti\/#primaryimage"},"thumbnailUrl":"http:\/\/cyberfero.com\/wp-content\/uploads\/2015\/01\/cloud_service-5.png","datePublished":"2015-01-15T08:05:43+00:00","dateModified":"2024-05-03T01:40:06+00:00","description":"servizi gestiti. Cyberfero \u00e8 in grado di create profili clienti personalizzati e controlli di sistema\/sicurezza su richiesta.","breadcrumb":{"@id":"https:\/\/www.cyberfero.com\/it\/cloud-products-and-services\/cloud-macchine-virtuali\/servizi-gestiti\/#breadcrumb"},"inLanguage":"it-IT","potentialAction":[{"@type":"ReadAction","target":["https:\/\/www.cyberfero.com\/it\/cloud-products-and-services\/cloud-macchine-virtuali\/servizi-gestiti\/"]}]},{"@type":"ImageObject","inLanguage":"it-IT","@id":"https:\/\/www.cyberfero.com\/it\/cloud-products-and-services\/cloud-macchine-virtuali\/servizi-gestiti\/#primaryimage","url":"http:\/\/cyberfero.com\/wp-content\/uploads\/2015\/01\/cloud_service-5.png","contentUrl":"http:\/\/cyberfero.com\/wp-content\/uploads\/2015\/01\/cloud_service-5.png"},{"@type":"BreadcrumbList","@id":"https:\/\/www.cyberfero.com\/it\/cloud-products-and-services\/cloud-macchine-virtuali\/servizi-gestiti\/#breadcrumb","itemListElement":[{"@type":"ListItem","position":1,"name":"Home","item":"https:\/\/www.cyberfero.com\/it\/"},{"@type":"ListItem","position":2,"name":"Prodotti e Servizi Cloud","item":"https:\/\/www.cyberfero.com\/it\/cloud-products-and-services\/"},{"@type":"ListItem","position":3,"name":"Cloud Macchine Virtuali","item":"https:\/\/www.cyberfero.com\/it\/cloud-products-and-services\/cloud-macchine-virtuali\/"},{"@type":"ListItem","position":4,"name":"Servizi gestiti"}]},{"@type":"WebSite","@id":"https:\/\/www.cyberfero.com\/it\/#website","url":"https:\/\/www.cyberfero.com\/it\/","name":"Cyberfero","description":"Managed Security Service Provider","publisher":{"@id":"https:\/\/www.cyberfero.com\/it\/#organization"},"potentialAction":[{"@type":"SearchAction","target":{"@type":"EntryPoint","urlTemplate":"https:\/\/www.cyberfero.com\/it\/?s={search_term_string}"},"query-input":{"@type":"PropertyValueSpecification","valueRequired":true,"valueName":"search_term_string"}}],"inLanguage":"it-IT"},{"@type":["Organization","Place","ProfessionalService"],"@id":"https:\/\/www.cyberfero.com\/it\/#organization","name":"Cyberfero s.r.l.","url":"https:\/\/www.cyberfero.com\/it\/","logo":{"@id":"https:\/\/www.cyberfero.com\/it\/cloud-products-and-services\/cloud-macchine-virtuali\/servizi-gestiti\/#local-main-organization-logo"},"image":{"@id":"https:\/\/www.cyberfero.com\/it\/cloud-products-and-services\/cloud-macchine-virtuali\/servizi-gestiti\/#local-main-organization-logo"},"sameAs":["https:\/\/www.facebook.com\/Cyberfero","https:\/\/x.com\/secureod","https:\/\/www.instagram.com\/cyber_fero\/","https:\/\/www.linkedin.com\/company\/cyberfero","http:\/\/www.pinterest.com\/cyberfero","https:\/\/www.youtube.com\/user\/secureod"],"address":{"@id":"https:\/\/www.cyberfero.com\/it\/cloud-products-and-services\/cloud-macchine-virtuali\/servizi-gestiti\/#local-main-place-address"},"telephone":["+39 0522 1685330"],"openingHoursSpecification":[{"@type":"OpeningHoursSpecification","dayOfWeek":["Monday","Tuesday","Wednesday","Thursday","Friday"],"opens":"09:00","closes":"18:30"},{"@type":"OpeningHoursSpecification","dayOfWeek":["Saturday","Sunday"],"opens":"00:00","closes":"00:00"}],"email":"info@cyberfero.com","faxNumber":"+39 0522 015371","areaServed":"Italia","vatID":"03058120357","taxID":"03058120357","priceRange":"$$$","currenciesAccepted":"\u20ac","paymentAccepted":"paypal, bonifico bancario"},{"@type":"PostalAddress","@id":"https:\/\/www.cyberfero.com\/it\/cloud-products-and-services\/cloud-macchine-virtuali\/servizi-gestiti\/#local-main-place-address","streetAddress":"Via Statuto, 3","addressLocality":"Reggio Emilia","postalCode":"42121","addressRegion":"Italia","addressCountry":"IT"},{"@type":"ImageObject","inLanguage":"it-IT","@id":"https:\/\/www.cyberfero.com\/it\/cloud-products-and-services\/cloud-macchine-virtuali\/servizi-gestiti\/#local-main-organization-logo","url":"https:\/\/www.cyberfero.com\/wp-content\/uploads\/2024\/05\/Color-logo-no-background.png","contentUrl":"https:\/\/www.cyberfero.com\/wp-content\/uploads\/2024\/05\/Color-logo-no-background.png","width":3163,"height":922,"caption":"Cyberfero s.r.l."}]},"geo.placename":"Reggio Emilia","geo.region":"Italia"},"_links":{"self":[{"href":"https:\/\/www.cyberfero.com\/it\/wp-json\/wp\/v2\/pages\/1115","targetHints":{"allow":["GET"]}}],"collection":[{"href":"https:\/\/www.cyberfero.com\/it\/wp-json\/wp\/v2\/pages"}],"about":[{"href":"https:\/\/www.cyberfero.com\/it\/wp-json\/wp\/v2\/types\/page"}],"author":[{"embeddable":true,"href":"https:\/\/www.cyberfero.com\/it\/wp-json\/wp\/v2\/users\/2"}],"replies":[{"embeddable":true,"href":"https:\/\/www.cyberfero.com\/it\/wp-json\/wp\/v2\/comments?post=1115"}],"version-history":[{"count":3,"href":"https:\/\/www.cyberfero.com\/it\/wp-json\/wp\/v2\/pages\/1115\/revisions"}],"predecessor-version":[{"id":19194,"href":"https:\/\/www.cyberfero.com\/it\/wp-json\/wp\/v2\/pages\/1115\/revisions\/19194"}],"up":[{"embeddable":true,"href":"https:\/\/www.cyberfero.com\/it\/wp-json\/wp\/v2\/pages\/1966"}],"wp:attachment":[{"href":"https:\/\/www.cyberfero.com\/it\/wp-json\/wp\/v2\/media?parent=1115"}],"curies":[{"name":"wp","href":"https:\/\/api.w.org\/{rel}","templated":true}]}}