{"id":1128,"date":"2015-01-08T09:34:49","date_gmt":"2015-01-08T09:34:49","guid":{"rendered":"http:\/\/109.168.97.153\/\/\/?page_id=1128"},"modified":"2020-06-23T08:51:45","modified_gmt":"2020-06-23T06:51:45","slug":"prezzi","status":"publish","type":"page","link":"https:\/\/www.cyberfero.com\/it\/prezzi\/","title":{"rendered":"Prezzi"},"content":{"rendered":"<p>Prezzi<\/p>\n<p>Pronti per partire? Qui trovi i nostri listini.<\/p>\n<h4>risorse cloud <b>prezzi<\/b><\/h4>\n<p>Eroghiamo una piattaforma Cloud, potente ed estremamente flessibile sia per le configurazioni sia per i prezzi. Sono incluse tutte le caratteristiche enterprise come IPv6, sistema di backup e soluzione Firewall.<\/p>\n<p>&nbsp;<\/p>\n<p>E&#8217; possibile modificare la configurazione del proprio Cloud Server in modo da soddisfare le proprie esigenze, \u00e8 sufficiente spostare gli indicatori di configurazione nella relativa pagine per gli ordini. Dopo l&#8217;ordine \u00e8 ancora possibile modificare le configurazioni configurandole a piace o selezionando un set pre-impostato come (<a href=\"https:\/\/cloud.cyberfero.com\/?cmd=cart&amp;action=add&amp;id=189&amp;languagechange=Italian&amp;action=changecurr&amp;currency=7\">VPS M<\/a>, <a href=\"https:\/\/cloud.cyberfero.com\/?cmd=cart&amp;action=add&amp;id=186&amp;languagechange=Italian&amp;action=changecurr&amp;currency=7\">VPS L<\/a>, <a href=\"https:\/\/cloud.cyberfero.com\/?cmd=cart&amp;action=add&amp;id=187&amp;languagechange=Italian&amp;action=changecurr&amp;currency=7\">VPS XL<\/a>, <a href=\"https:\/\/cloud.cyberfero.com\/?cmd=cart&amp;action=add&amp;id=188&amp;languagechange=Italian&amp;action=changecurr&amp;currency=7\">VPS XXL<\/a>, <a href=\"https:\/\/cloud.cyberfero.com\/?cmd=cart&amp;action=add&amp;id=206&amp;languagechange=Italian&amp;action=changecurr&amp;currency=7\">SuperCloud<\/a>).<\/p>\n<p>&nbsp;<\/p>\n<p>Puoi acquistare le risorse per il tuo Cloud Server in un&#8217;unica volta ed utilizzare per creare pi\u00f9 server all&#8217;interno dell&#8217;area utente. Per esempio \u00e8 possibile acquistare 4 CPU, 4GB RAM and 40Gb hard per creare 4 VPS, ti \u00e8 sufficiente regolare i configuratori relativi alle singole risorse hardware.<\/p>\n<p>A partire da 1 core, 512 RAM, 20 GB SAS hard disk da \u20ac 2,83 al mese!<\/p>\n<p>https:\/\/cloud.cyberfero.com\/cart\/iaas-public-cloud&#8212;vps&#038;languagechange=Italian<\/p>\n<p>Inizia ora<\/p>\n<p>* Le risorse sono garantite al 100%<\/p>\n<p>A partire da \u20ac2,83 al mese!<\/p>\n<p>dettagli<\/p>\n<p>prezzo unitario per<\/p>\n<p>unita&#8217;<\/p>\n<p>CPU Cores<\/p>\n<p>Intel Xeon Quad-Core X5620 2.460GHz<\/p>\n<p>Core*<\/p>\n<p>\u20ac3,94\/mese<\/p>\n<p>RAM<\/p>\n<p>1.866 MHZ DDR4<\/p>\n<p>1024MB aggiuntivo<\/p>\n<p>\u20ac2,42\/mese<\/p>\n<p>SAS Storage<\/p>\n<p>SAS, 15k + sistema Raid<\/p>\n<p>1GB aggiuntivo<\/p>\n<p>\u20ac0,01\/mese<\/p>\n<p>Indirizzo IPv4<\/p>\n<p>Indirizzo IPv4 pubblico assegnato al tuo server<\/p>\n<p>Indirizzo IP<\/p>\n<p>\u20ac1,37\/mese<\/p>\n<p>Indirizzo IPv6<\/p>\n<p>Indirizzo IPv6 pubblico assegnato al tuo server<\/p>\n<p>Indirizzo IP<\/p>\n<p>\u20ac0,01\/mese<\/p>\n<p>Indirizzo IP Privato<\/p>\n<p>Indirizzo IPv4 privato assegnato al tuo server<\/p>\n<p>Indirizzo IP<\/p>\n<p>\u20ac0.00\/mese<\/p>\n<p>Inclusi gratuitamente per ogni server<\/p>\n<p>Fino a 1Gbps Uplink, Gratis 1Gbps LAN privata, Firewall<\/p>\n<p>System e recovery console<\/p>\n<p>Traffico in uscita ed in entrata<\/p>\n<p>accesso VNC,RDP\/SSH<\/p>\n<p>Snapshot Backup (4 punti di backup: ogni giorno, ogni settimana, ogni mese e ogni anno) e motore personalizzato per i template<\/p>\n<p>API, iOS Android Apps<\/p>\n<p>24\/7\/365 Support Tecnico<\/p>\n<p>99% SLA (Service Level Agreement)<\/p>\n<p>Extra opzionali<\/p>\n<p>IaaS Public Cloud &#8211; Load Balancer &#8211; Cluster<\/p>\n<p>\u20ac 15,96<\/p>\n<p>per ogni server al mese<\/p>\n<p>Consulenza tecnica (fuori dal supporto)<\/p>\n<p>\u20ac 50,00<\/p>\n<p>per ogni ora<\/p>\n<p>Termini<\/p>\n<p>Le fatture ricorrenti sono generate 1 giorno prima<\/p>\n<p>Gli account vengono sospesi dopo 1 giorno e rimossi dopo 10 se le relativi fatture sono insolute<\/p>\n<p>Upgrades\/Downgrades sono gestisti come pro-rata ogni giorno<\/p>\n<p>Tutti i servizi sono auto-gestisti, con pieno supporto<\/p>\n<p><a href=\"https:\/\/www.cyberfero.com\/wp-content\/uploads\/2016\/03\/50discount.jpg\"><img decoding=\"async\" class=\"alignnone wp-image-2627 size-full\" src=\"https:\/\/www.cyberfero.com\/wp-content\/uploads\/2016\/03\/50discount.jpg\" alt=\"prezzi\" width=\"170\" height=\"165\"><\/a><\/p>\n<p>&nbsp;<\/p>\n<p>Link Utili:<\/p>\n<p><a href=\"https:\/\/www.cyberfero.com\/it\/cloud-products-and-services\/cloud-macchine-virtuali\/\">Cloud server<\/a><\/p>\n<p>&nbsp;<\/p>\n","protected":false},"excerpt":{"rendered":"<p>Prezzi Pronti per partire? Qui trovi i nostri listini. risorse cloud prezzi Eroghiamo una piattaforma Cloud, potente ed estremamente flessibile sia per le configurazioni sia per i prezzi. Sono incluse tutte le caratteristiche enterprise come IPv6, sistema di backup e soluzione Firewall. &nbsp; E&#8217; possibile modificare la configurazione del proprio Cloud Server in modo da soddisfare le proprie esigenze, \u00e8&#8230;<\/p>\n","protected":false},"author":2,"featured_media":0,"parent":0,"menu_order":0,"comment_status":"open","ping_status":"closed","template":"prices-template.php","meta":{"_acf_changed":false,"_monsterinsights_skip_tracking":false,"_monsterinsights_sitenote_active":false,"_monsterinsights_sitenote_note":"","_monsterinsights_sitenote_category":0,"_uf_show_specific_survey":0,"_uf_disable_surveys":false,"footnotes":""},"class_list":["post-1128","page","type-page","status-publish","hentry"],"acf":[],"yoast_head":"<!-- This site is optimized with the Yoast SEO Premium plugin v24.2 (Yoast SEO v27.5) - https:\/\/yoast.com\/product\/yoast-seo-premium-wordpress\/ -->\n<title>Prezzi | Modelli Cloud, Prezzi | Secure Online Desktop<\/title>\n<meta name=\"description\" content=\"Prezzi. Pronti per partire? Qui trovi i nostri listini. A partire da 1 core, 512 RAM, 20 GB SAS hard disk da \u20ac 2,83 al mese!\" \/>\n<meta name=\"robots\" content=\"index, follow, max-snippet:-1, max-image-preview:large, max-video-preview:-1\" \/>\n<link rel=\"canonical\" href=\"https:\/\/www.cyberfero.com\/it\/prezzi\/\" \/>\n<meta property=\"og:locale\" content=\"it_IT\" \/>\n<meta property=\"og:type\" content=\"article\" \/>\n<meta property=\"og:title\" content=\"Prezzi\" \/>\n<meta property=\"og:description\" content=\"Prezzi. Pronti per partire? Qui trovi i nostri listini. A partire da 1 core, 512 RAM, 20 GB SAS hard disk da \u20ac 2,83 al mese!\" \/>\n<meta property=\"og:url\" content=\"https:\/\/www.cyberfero.com\/it\/prezzi\/\" \/>\n<meta property=\"og:site_name\" content=\"Cyberfero\" \/>\n<meta property=\"article:publisher\" content=\"https:\/\/www.facebook.com\/Cyberfero\" \/>\n<meta property=\"article:modified_time\" content=\"2020-06-23T06:51:45+00:00\" \/>\n<meta property=\"og:image\" content=\"https:\/\/www.cyberfero.com\/wp-content\/uploads\/2016\/03\/50discount.jpg\" \/>\n<meta name=\"twitter:card\" content=\"summary_large_image\" \/>\n<meta name=\"twitter:site\" content=\"@secureod\" \/>\n<meta name=\"twitter:label1\" content=\"Tempo di lettura stimato\" \/>\n\t<meta name=\"twitter:data1\" content=\"2 minuti\" \/>\n<script type=\"application\/ld+json\" class=\"yoast-schema-graph\">{\"@context\":\"https:\\\/\\\/schema.org\",\"@graph\":[{\"@type\":\"WebPage\",\"@id\":\"https:\\\/\\\/www.cyberfero.com\\\/it\\\/prezzi\\\/\",\"url\":\"https:\\\/\\\/www.cyberfero.com\\\/it\\\/prezzi\\\/\",\"name\":\"Prezzi | Modelli Cloud, Prezzi | Secure Online Desktop\",\"isPartOf\":{\"@id\":\"https:\\\/\\\/www.cyberfero.com\\\/it\\\/#website\"},\"primaryImageOfPage\":{\"@id\":\"https:\\\/\\\/www.cyberfero.com\\\/it\\\/prezzi\\\/#primaryimage\"},\"image\":{\"@id\":\"https:\\\/\\\/www.cyberfero.com\\\/it\\\/prezzi\\\/#primaryimage\"},\"thumbnailUrl\":\"https:\\\/\\\/www.cyberfero.com\\\/wp-content\\\/uploads\\\/2016\\\/03\\\/50discount.jpg\",\"datePublished\":\"2015-01-08T09:34:49+00:00\",\"dateModified\":\"2020-06-23T06:51:45+00:00\",\"description\":\"Prezzi. Pronti per partire? Qui trovi i nostri listini. A partire da 1 core, 512 RAM, 20 GB SAS hard disk da \u20ac 2,83 al mese!\",\"breadcrumb\":{\"@id\":\"https:\\\/\\\/www.cyberfero.com\\\/it\\\/prezzi\\\/#breadcrumb\"},\"inLanguage\":\"it-IT\",\"potentialAction\":[{\"@type\":\"ReadAction\",\"target\":[\"https:\\\/\\\/www.cyberfero.com\\\/it\\\/prezzi\\\/\"]}]},{\"@type\":\"ImageObject\",\"inLanguage\":\"it-IT\",\"@id\":\"https:\\\/\\\/www.cyberfero.com\\\/it\\\/prezzi\\\/#primaryimage\",\"url\":\"https:\\\/\\\/www.cyberfero.com\\\/wp-content\\\/uploads\\\/2016\\\/03\\\/50discount.jpg\",\"contentUrl\":\"https:\\\/\\\/www.cyberfero.com\\\/wp-content\\\/uploads\\\/2016\\\/03\\\/50discount.jpg\"},{\"@type\":\"BreadcrumbList\",\"@id\":\"https:\\\/\\\/www.cyberfero.com\\\/it\\\/prezzi\\\/#breadcrumb\",\"itemListElement\":[{\"@type\":\"ListItem\",\"position\":1,\"name\":\"Home\",\"item\":\"https:\\\/\\\/www.cyberfero.com\\\/it\\\/\"},{\"@type\":\"ListItem\",\"position\":2,\"name\":\"Prezzi\"}]},{\"@type\":\"WebSite\",\"@id\":\"https:\\\/\\\/www.cyberfero.com\\\/it\\\/#website\",\"url\":\"https:\\\/\\\/www.cyberfero.com\\\/it\\\/\",\"name\":\"Cyberfero\",\"description\":\"Managed Security Service Provider\",\"publisher\":{\"@id\":\"https:\\\/\\\/www.cyberfero.com\\\/it\\\/#organization\"},\"potentialAction\":[{\"@type\":\"SearchAction\",\"target\":{\"@type\":\"EntryPoint\",\"urlTemplate\":\"https:\\\/\\\/www.cyberfero.com\\\/it\\\/?s={search_term_string}\"},\"query-input\":{\"@type\":\"PropertyValueSpecification\",\"valueRequired\":true,\"valueName\":\"search_term_string\"}}],\"inLanguage\":\"it-IT\"},{\"@type\":[\"Organization\",\"Place\",\"ProfessionalService\"],\"@id\":\"https:\\\/\\\/www.cyberfero.com\\\/it\\\/#organization\",\"name\":\"Cyberfero s.r.l.\",\"url\":\"https:\\\/\\\/www.cyberfero.com\\\/it\\\/\",\"logo\":{\"@id\":\"https:\\\/\\\/www.cyberfero.com\\\/it\\\/prezzi\\\/#local-main-organization-logo\"},\"image\":{\"@id\":\"https:\\\/\\\/www.cyberfero.com\\\/it\\\/prezzi\\\/#local-main-organization-logo\"},\"sameAs\":[\"https:\\\/\\\/www.facebook.com\\\/Cyberfero\",\"https:\\\/\\\/x.com\\\/secureod\",\"https:\\\/\\\/www.instagram.com\\\/cyber_fero\\\/\",\"https:\\\/\\\/www.linkedin.com\\\/company\\\/cyberfero\",\"http:\\\/\\\/www.pinterest.com\\\/cyberfero\",\"https:\\\/\\\/www.youtube.com\\\/user\\\/secureod\"],\"address\":{\"@id\":\"https:\\\/\\\/www.cyberfero.com\\\/it\\\/prezzi\\\/#local-main-place-address\"},\"telephone\":[\"+39 0522 1685330\"],\"openingHoursSpecification\":[{\"@type\":\"OpeningHoursSpecification\",\"dayOfWeek\":[\"Monday\",\"Tuesday\",\"Wednesday\",\"Thursday\",\"Friday\"],\"opens\":\"09:00\",\"closes\":\"18:30\"},{\"@type\":\"OpeningHoursSpecification\",\"dayOfWeek\":[\"Saturday\",\"Sunday\"],\"opens\":\"00:00\",\"closes\":\"00:00\"}],\"email\":\"info@cyberfero.com\",\"faxNumber\":\"+39 0522 015371\",\"areaServed\":\"Italia\",\"vatID\":\"03058120357\",\"taxID\":\"03058120357\",\"priceRange\":\"$$$\",\"currenciesAccepted\":\"\u20ac\",\"paymentAccepted\":\"paypal, bonifico bancario\"},{\"@type\":\"PostalAddress\",\"@id\":\"https:\\\/\\\/www.cyberfero.com\\\/it\\\/prezzi\\\/#local-main-place-address\",\"streetAddress\":\"Via Statuto, 3\",\"addressLocality\":\"Reggio Emilia\",\"postalCode\":\"42121\",\"addressRegion\":\"Italia\",\"addressCountry\":\"IT\"},{\"@type\":\"ImageObject\",\"inLanguage\":\"it-IT\",\"@id\":\"https:\\\/\\\/www.cyberfero.com\\\/it\\\/prezzi\\\/#local-main-organization-logo\",\"url\":\"https:\\\/\\\/www.cyberfero.com\\\/wp-content\\\/uploads\\\/2024\\\/05\\\/Color-logo-no-background.png\",\"contentUrl\":\"https:\\\/\\\/www.cyberfero.com\\\/wp-content\\\/uploads\\\/2024\\\/05\\\/Color-logo-no-background.png\",\"width\":3163,\"height\":922,\"caption\":\"Cyberfero s.r.l.\"}]}<\/script>\n<meta name=\"geo.placename\" content=\"Reggio Emilia\" \/>\n<meta name=\"geo.region\" content=\"Italia\" \/>\n<!-- \/ Yoast SEO Premium plugin. -->","yoast_head_json":{"title":"Prezzi | Modelli Cloud, Prezzi | Secure Online Desktop","description":"Prezzi. Pronti per partire? Qui trovi i nostri listini. A partire da 1 core, 512 RAM, 20 GB SAS hard disk da \u20ac 2,83 al mese!","robots":{"index":"index","follow":"follow","max-snippet":"max-snippet:-1","max-image-preview":"max-image-preview:large","max-video-preview":"max-video-preview:-1"},"canonical":"https:\/\/www.cyberfero.com\/it\/prezzi\/","og_locale":"it_IT","og_type":"article","og_title":"Prezzi","og_description":"Prezzi. Pronti per partire? Qui trovi i nostri listini. A partire da 1 core, 512 RAM, 20 GB SAS hard disk da \u20ac 2,83 al mese!","og_url":"https:\/\/www.cyberfero.com\/it\/prezzi\/","og_site_name":"Cyberfero","article_publisher":"https:\/\/www.facebook.com\/Cyberfero","article_modified_time":"2020-06-23T06:51:45+00:00","og_image":[{"url":"https:\/\/www.cyberfero.com\/wp-content\/uploads\/2016\/03\/50discount.jpg","type":"","width":"","height":""}],"twitter_card":"summary_large_image","twitter_site":"@secureod","twitter_misc":{"Tempo di lettura stimato":"2 minuti"},"schema":{"@context":"https:\/\/schema.org","@graph":[{"@type":"WebPage","@id":"https:\/\/www.cyberfero.com\/it\/prezzi\/","url":"https:\/\/www.cyberfero.com\/it\/prezzi\/","name":"Prezzi | Modelli Cloud, Prezzi | Secure Online Desktop","isPartOf":{"@id":"https:\/\/www.cyberfero.com\/it\/#website"},"primaryImageOfPage":{"@id":"https:\/\/www.cyberfero.com\/it\/prezzi\/#primaryimage"},"image":{"@id":"https:\/\/www.cyberfero.com\/it\/prezzi\/#primaryimage"},"thumbnailUrl":"https:\/\/www.cyberfero.com\/wp-content\/uploads\/2016\/03\/50discount.jpg","datePublished":"2015-01-08T09:34:49+00:00","dateModified":"2020-06-23T06:51:45+00:00","description":"Prezzi. Pronti per partire? Qui trovi i nostri listini. A partire da 1 core, 512 RAM, 20 GB SAS hard disk da \u20ac 2,83 al mese!","breadcrumb":{"@id":"https:\/\/www.cyberfero.com\/it\/prezzi\/#breadcrumb"},"inLanguage":"it-IT","potentialAction":[{"@type":"ReadAction","target":["https:\/\/www.cyberfero.com\/it\/prezzi\/"]}]},{"@type":"ImageObject","inLanguage":"it-IT","@id":"https:\/\/www.cyberfero.com\/it\/prezzi\/#primaryimage","url":"https:\/\/www.cyberfero.com\/wp-content\/uploads\/2016\/03\/50discount.jpg","contentUrl":"https:\/\/www.cyberfero.com\/wp-content\/uploads\/2016\/03\/50discount.jpg"},{"@type":"BreadcrumbList","@id":"https:\/\/www.cyberfero.com\/it\/prezzi\/#breadcrumb","itemListElement":[{"@type":"ListItem","position":1,"name":"Home","item":"https:\/\/www.cyberfero.com\/it\/"},{"@type":"ListItem","position":2,"name":"Prezzi"}]},{"@type":"WebSite","@id":"https:\/\/www.cyberfero.com\/it\/#website","url":"https:\/\/www.cyberfero.com\/it\/","name":"Cyberfero","description":"Managed Security Service Provider","publisher":{"@id":"https:\/\/www.cyberfero.com\/it\/#organization"},"potentialAction":[{"@type":"SearchAction","target":{"@type":"EntryPoint","urlTemplate":"https:\/\/www.cyberfero.com\/it\/?s={search_term_string}"},"query-input":{"@type":"PropertyValueSpecification","valueRequired":true,"valueName":"search_term_string"}}],"inLanguage":"it-IT"},{"@type":["Organization","Place","ProfessionalService"],"@id":"https:\/\/www.cyberfero.com\/it\/#organization","name":"Cyberfero s.r.l.","url":"https:\/\/www.cyberfero.com\/it\/","logo":{"@id":"https:\/\/www.cyberfero.com\/it\/prezzi\/#local-main-organization-logo"},"image":{"@id":"https:\/\/www.cyberfero.com\/it\/prezzi\/#local-main-organization-logo"},"sameAs":["https:\/\/www.facebook.com\/Cyberfero","https:\/\/x.com\/secureod","https:\/\/www.instagram.com\/cyber_fero\/","https:\/\/www.linkedin.com\/company\/cyberfero","http:\/\/www.pinterest.com\/cyberfero","https:\/\/www.youtube.com\/user\/secureod"],"address":{"@id":"https:\/\/www.cyberfero.com\/it\/prezzi\/#local-main-place-address"},"telephone":["+39 0522 1685330"],"openingHoursSpecification":[{"@type":"OpeningHoursSpecification","dayOfWeek":["Monday","Tuesday","Wednesday","Thursday","Friday"],"opens":"09:00","closes":"18:30"},{"@type":"OpeningHoursSpecification","dayOfWeek":["Saturday","Sunday"],"opens":"00:00","closes":"00:00"}],"email":"info@cyberfero.com","faxNumber":"+39 0522 015371","areaServed":"Italia","vatID":"03058120357","taxID":"03058120357","priceRange":"$$$","currenciesAccepted":"\u20ac","paymentAccepted":"paypal, bonifico bancario"},{"@type":"PostalAddress","@id":"https:\/\/www.cyberfero.com\/it\/prezzi\/#local-main-place-address","streetAddress":"Via Statuto, 3","addressLocality":"Reggio Emilia","postalCode":"42121","addressRegion":"Italia","addressCountry":"IT"},{"@type":"ImageObject","inLanguage":"it-IT","@id":"https:\/\/www.cyberfero.com\/it\/prezzi\/#local-main-organization-logo","url":"https:\/\/www.cyberfero.com\/wp-content\/uploads\/2024\/05\/Color-logo-no-background.png","contentUrl":"https:\/\/www.cyberfero.com\/wp-content\/uploads\/2024\/05\/Color-logo-no-background.png","width":3163,"height":922,"caption":"Cyberfero s.r.l."}]},"geo.placename":"Reggio Emilia","geo.region":"Italia"},"_links":{"self":[{"href":"https:\/\/www.cyberfero.com\/it\/wp-json\/wp\/v2\/pages\/1128","targetHints":{"allow":["GET"]}}],"collection":[{"href":"https:\/\/www.cyberfero.com\/it\/wp-json\/wp\/v2\/pages"}],"about":[{"href":"https:\/\/www.cyberfero.com\/it\/wp-json\/wp\/v2\/types\/page"}],"author":[{"embeddable":true,"href":"https:\/\/www.cyberfero.com\/it\/wp-json\/wp\/v2\/users\/2"}],"replies":[{"embeddable":true,"href":"https:\/\/www.cyberfero.com\/it\/wp-json\/wp\/v2\/comments?post=1128"}],"version-history":[{"count":0,"href":"https:\/\/www.cyberfero.com\/it\/wp-json\/wp\/v2\/pages\/1128\/revisions"}],"wp:attachment":[{"href":"https:\/\/www.cyberfero.com\/it\/wp-json\/wp\/v2\/media?parent=1128"}],"curies":[{"name":"wp","href":"https:\/\/api.w.org\/{rel}","templated":true}]}}