{"id":1142,"date":"2015-01-09T09:36:05","date_gmt":"2015-01-09T09:36:05","guid":{"rendered":"http:\/\/109.168.97.153\/\/\/?page_id=1142"},"modified":"2020-05-02T09:05:43","modified_gmt":"2020-05-02T07:05:43","slug":"cloud-conference-caratteristiche","status":"publish","type":"page","link":"https:\/\/www.cyberfero.com\/it\/cloud-products-and-services\/web-conference-2\/cloud-conference-caratteristiche\/","title":{"rendered":"Caratteristiche"},"content":{"rendered":"<p>caratteristiche<\/p>\n<h2>Cloud Conference caratteristiche<\/h2>\n<p>&#8220;Cloud Web Conference&#8221; \u00e8 un sistema di video conferenza in Cloud che <br \/>non richiede l&#8217;uso di software, nessuna installazione \u00e8 necessaria perch\u00e9 ogni componente \u00e8 disponibile in cloud.<\/p>\n<p><a href=\"https:\/\/cloud.cyberfero.com\/cart\/cloud-conference\/\" target=\"_blank\" rel=\"noopener noreferrer\">Cloud Conference<\/a> caratteristiche<\/p>\n<p>Sistema operativo supportato<\/p>\n<p>Qualsiasi OS che supporta Adobe Flash<\/p>\n<p>Dispositivi supportati<\/p>\n<p>Qualsiasi dispositivo in grado di connettersi ad internet dotati di microfono e altoparlante<\/p>\n<p>Connessioni simultanee<\/p>\n<p>Fino a 80 utenti<\/p>\n<p>Lavagna<\/p>\n<p>Si<\/p>\n<p>Chat pubblica e privata<\/p>\n<p>Si<\/p>\n<p>Pulsante &#8220;mano alzata&#8221; e <br \/>&#8220;abbassa tutte le mani&#8221;<\/p>\n<p>Si<\/p>\n<p>Condivi schermo<\/p>\n<p>Si<\/p>\n<p>File supportati in presentazione<\/p>\n<p>Qualsiasi documento Office or PDF<\/p>\n<p>Registrazione<\/p>\n<p>Presto in arrivo&#8230; (Built-in recording and playback)<\/p>\n<p>Lingua supportate<\/p>\n<p>Arabic (Syria), Azerbaijani, Basque, Bengali, Bulgarian, Catalan, Chinese (Simplified and Traditional), Croatian, Czech, Danish, Dutch, English, Estonian, Farsi, Finnish, French, French (Canadian), Fulan, German, Greek, Hebrew, Hungarian, Indonesian, Italian, Japanese, Korean, Latvian, Lithuanian, Mongolian, Nepalease, Norwegian, Polish, Portuguese (Brazilian), Portuguese, Romanian, Russian, Serbian (Cyrillic), Serbian (Latin), Sinhala, Slovak, Slovenian, Spanish, Spanish (Latin America), Swedish, Thai, Turkish, Ukrainian, Vietnamese, Welsh<\/p>\n<p><a href=\"http:\/\/cyberfero.com\/wp-content\/uploads\/2015\/01\/step-4.jpg\" rel=\"attachment wp-att-520\"><img decoding=\"async\" class=\"alignnone size-full wp-image-520\" src=\"http:\/\/cyberfero.com\/wp-content\/uploads\/2015\/01\/step-4.jpg\" alt=\"caratteristiche\" width=\"245\" height=\"142\"><\/a><\/p>\n<p>Sistema operativo supportato<\/p>\n<p>Qualsiasi OS che supporta Adobe Flash<\/p>\n<p>Dispositivi supportati<\/p>\n<p>Qualsiasi dispositivo in grado di connettersi ad internet dotati di microfono e altoparlante<\/p>\n<p>Connessioni simultanee<\/p>\n<p>Fino a 80 utenti<\/p>\n<p>Lavagna<\/p>\n<p>Si<\/p>\n<p>Chat pubblica e privata<\/p>\n<p>Si<\/p>\n<p>Pulsante &#8220;mano alzata&#8221; e <br \/>&#8220;abbassa tutte le mani&#8221;<\/p>\n<p>Si<\/p>\n<p>Condivi schermo<\/p>\n<p>Si<\/p>\n<p>File supportati in presentazione<\/p>\n<p>Qualsiasi documento Office or PDF<\/p>\n<p>Registrazione<\/p>\n<p>Presto in arrivo&#8230; (Built-in recording and playback)<\/p>\n<p>Lingua supportate<\/p>\n<p>Arabic (Syria), Azerbaijani, Basque, Bengali, Bulgarian, Catalan, Chinese (Simplified and Traditional), Croatian, Czech, Danish, Dutch, English, Estonian, Farsi, Finnish, French, French (Canadian), Fulan, German, Greek, Hebrew, Hungarian, Indonesian, Italian, Japanese, Korean, Latvian, Lithuanian, Mongolian, Nepalease, Norwegian, Polish, Portuguese (Brazilian), Portuguese, Romanian, Russian, Serbian (Cyrillic), Serbian (Latin), Sinhala, Slovak, Slovenian, Spanish, Spanish (Latin America), Swedish, Thai, Turkish, Ukrainian, Vietnamese, Welsh<\/p>\n<p>Sistema operativo supportato<\/p>\n<p>Qualsiasi OS che supporta Adobe Flash<\/p>\n<p>Dispositivi supportati<\/p>\n<p>Qualsiasi dispositivo in grado di connettersi ad internet dotati di microfono e altoparlante<\/p>\n<p>Connessioni simultanee<\/p>\n<p>Fino a 80 utenti<\/p>\n<p>Lavagna<\/p>\n<p>Si<\/p>\n<p>Chat pubblica e privata<\/p>\n<p>Si<\/p>\n<p>Pulsante &#8220;mano alzata&#8221; e <br \/>&#8220;abbassa tutte le mani&#8221;<\/p>\n<p>Si<\/p>\n<p>Condivi schermo<\/p>\n<p>Si<\/p>\n<p>File supportati in presentazione<\/p>\n<p>Qualsiasi documento Office or PDF<\/p>\n<p>Registrazione<\/p>\n<p>Presto in arrivo&#8230; (Built-in recording and playback)<\/p>\n<p>Lingua supportate<\/p>\n<p>Arabic (Syria), Azerbaijani, Basque, Bengali, Bulgarian, Catalan, Chinese (Simplified and Traditional), Croatian, Czech, Danish, Dutch, English, Estonian, Farsi, Finnish, French, French (Canadian), Fulan, German, Greek, Hebrew, Hungarian, Indonesian, Italian, Japanese, Korean, Latvian, Lithuanian, Mongolian, Nepalease, Norwegian, Polish, Portuguese (Brazilian), Portuguese, Romanian, Russian, Serbian (Cyrillic), Serbian (Latin), Sinhala, Slovak, Slovenian, Spanish, Spanish (Latin America), Swedish, Thai, Turkish, Ukrainian, Vietnamese, Welsh<\/p>\n<p>https:\/\/www.cyberfero.com\/it\/cloud-conference\/<\/p>\n<p><a href=\"https:\/\/www.cyberfero.com\/it\/cloud-conference\/\">cloud conference<\/a><\/p>\n","protected":false},"excerpt":{"rendered":"<p>caratteristiche Cloud Conference caratteristiche &#8220;Cloud Web Conference&#8221; \u00e8 un sistema di video conferenza in Cloud che non richiede l&#8217;uso di software, nessuna installazione \u00e8 necessaria perch\u00e9 ogni componente \u00e8 disponibile in cloud. Cloud Conference caratteristiche Sistema operativo supportato Qualsiasi OS che supporta Adobe Flash Dispositivi supportati Qualsiasi dispositivo in grado di connettersi ad internet dotati di microfono e altoparlante Connessioni&#8230;<\/p>\n","protected":false},"author":2,"featured_media":0,"parent":1132,"menu_order":0,"comment_status":"open","ping_status":"closed","template":"features-template.php","meta":{"_acf_changed":false,"_monsterinsights_skip_tracking":false,"_monsterinsights_sitenote_active":false,"_monsterinsights_sitenote_note":"","_monsterinsights_sitenote_category":0,"_uf_show_specific_survey":0,"_uf_disable_surveys":false,"footnotes":""},"class_list":["post-1142","page","type-page","status-publish","hentry"],"acf":[],"yoast_head":"<!-- This site is optimized with the Yoast SEO Premium plugin v24.2 (Yoast SEO v27.3) - https:\/\/yoast.com\/product\/yoast-seo-premium-wordpress\/ -->\n<title>Caratteristiche Cloud Web Conference | Secure Online Desktop<\/title>\n<meta name=\"description\" content=\"Caratteristiche:Cloud Web Conference \u00e8 un sistema di video conferenza in Cloud che non richiede l&#039;uso di software, nessuna installazione \u00e8 necessaria perch\u00e9\" \/>\n<meta name=\"robots\" content=\"index, follow, max-snippet:-1, max-image-preview:large, max-video-preview:-1\" \/>\n<link rel=\"canonical\" href=\"https:\/\/www.cyberfero.com\/it\/cloud-products-and-services\/web-conference-2\/cloud-conference-caratteristiche\/\" \/>\n<meta property=\"og:locale\" content=\"it_IT\" \/>\n<meta property=\"og:type\" content=\"article\" \/>\n<meta property=\"og:title\" content=\"Caratteristiche\" \/>\n<meta property=\"og:description\" content=\"Caratteristiche:Cloud Web Conference \u00e8 un sistema di video conferenza in Cloud che non richiede l&#039;uso di software, nessuna installazione \u00e8 necessaria perch\u00e9\" \/>\n<meta property=\"og:url\" content=\"https:\/\/www.cyberfero.com\/it\/cloud-products-and-services\/web-conference-2\/cloud-conference-caratteristiche\/\" \/>\n<meta property=\"og:site_name\" content=\"Cyberfero\" \/>\n<meta property=\"article:publisher\" content=\"https:\/\/www.facebook.com\/Cyberfero\" \/>\n<meta property=\"article:modified_time\" content=\"2020-05-02T07:05:43+00:00\" \/>\n<meta property=\"og:image\" content=\"http:\/\/cyberfero.com\/wp-content\/uploads\/2015\/01\/step-4.jpg\" \/>\n<meta name=\"twitter:card\" content=\"summary_large_image\" \/>\n<meta name=\"twitter:site\" content=\"@secureod\" \/>\n<meta name=\"twitter:label1\" content=\"Tempo di lettura stimato\" \/>\n\t<meta name=\"twitter:data1\" content=\"2 minuti\" \/>\n<script type=\"application\/ld+json\" class=\"yoast-schema-graph\">{\"@context\":\"https:\\\/\\\/schema.org\",\"@graph\":[{\"@type\":\"WebPage\",\"@id\":\"https:\\\/\\\/www.cyberfero.com\\\/it\\\/cloud-products-and-services\\\/web-conference-2\\\/cloud-conference-caratteristiche\\\/\",\"url\":\"https:\\\/\\\/www.cyberfero.com\\\/it\\\/cloud-products-and-services\\\/web-conference-2\\\/cloud-conference-caratteristiche\\\/\",\"name\":\"Caratteristiche Cloud Web Conference | Secure Online Desktop\",\"isPartOf\":{\"@id\":\"https:\\\/\\\/www.cyberfero.com\\\/it\\\/#website\"},\"primaryImageOfPage\":{\"@id\":\"https:\\\/\\\/www.cyberfero.com\\\/it\\\/cloud-products-and-services\\\/web-conference-2\\\/cloud-conference-caratteristiche\\\/#primaryimage\"},\"image\":{\"@id\":\"https:\\\/\\\/www.cyberfero.com\\\/it\\\/cloud-products-and-services\\\/web-conference-2\\\/cloud-conference-caratteristiche\\\/#primaryimage\"},\"thumbnailUrl\":\"http:\\\/\\\/cyberfero.com\\\/wp-content\\\/uploads\\\/2015\\\/01\\\/step-4.jpg\",\"datePublished\":\"2015-01-09T09:36:05+00:00\",\"dateModified\":\"2020-05-02T07:05:43+00:00\",\"description\":\"Caratteristiche:Cloud Web Conference \u00e8 un sistema di video conferenza in Cloud che non richiede l'uso di software, nessuna installazione \u00e8 necessaria perch\u00e9\",\"breadcrumb\":{\"@id\":\"https:\\\/\\\/www.cyberfero.com\\\/it\\\/cloud-products-and-services\\\/web-conference-2\\\/cloud-conference-caratteristiche\\\/#breadcrumb\"},\"inLanguage\":\"it-IT\",\"potentialAction\":[{\"@type\":\"ReadAction\",\"target\":[\"https:\\\/\\\/www.cyberfero.com\\\/it\\\/cloud-products-and-services\\\/web-conference-2\\\/cloud-conference-caratteristiche\\\/\"]}]},{\"@type\":\"ImageObject\",\"inLanguage\":\"it-IT\",\"@id\":\"https:\\\/\\\/www.cyberfero.com\\\/it\\\/cloud-products-and-services\\\/web-conference-2\\\/cloud-conference-caratteristiche\\\/#primaryimage\",\"url\":\"http:\\\/\\\/cyberfero.com\\\/wp-content\\\/uploads\\\/2015\\\/01\\\/step-4.jpg\",\"contentUrl\":\"http:\\\/\\\/cyberfero.com\\\/wp-content\\\/uploads\\\/2015\\\/01\\\/step-4.jpg\"},{\"@type\":\"BreadcrumbList\",\"@id\":\"https:\\\/\\\/www.cyberfero.com\\\/it\\\/cloud-products-and-services\\\/web-conference-2\\\/cloud-conference-caratteristiche\\\/#breadcrumb\",\"itemListElement\":[{\"@type\":\"ListItem\",\"position\":1,\"name\":\"Home\",\"item\":\"https:\\\/\\\/www.cyberfero.com\\\/it\\\/\"},{\"@type\":\"ListItem\",\"position\":2,\"name\":\"Prodotti e Servizi Cloud\",\"item\":\"https:\\\/\\\/www.cyberfero.com\\\/it\\\/cloud-products-and-services\\\/\"},{\"@type\":\"ListItem\",\"position\":3,\"name\":\"Conferenza Cloud\",\"item\":\"https:\\\/\\\/www.cyberfero.com\\\/it\\\/cloud-products-and-services\\\/web-conference-2\\\/\"},{\"@type\":\"ListItem\",\"position\":4,\"name\":\"Caratteristiche\"}]},{\"@type\":\"WebSite\",\"@id\":\"https:\\\/\\\/www.cyberfero.com\\\/it\\\/#website\",\"url\":\"https:\\\/\\\/www.cyberfero.com\\\/it\\\/\",\"name\":\"Cyberfero\",\"description\":\"Managed Security Service Provider\",\"publisher\":{\"@id\":\"https:\\\/\\\/www.cyberfero.com\\\/it\\\/#organization\"},\"potentialAction\":[{\"@type\":\"SearchAction\",\"target\":{\"@type\":\"EntryPoint\",\"urlTemplate\":\"https:\\\/\\\/www.cyberfero.com\\\/it\\\/?s={search_term_string}\"},\"query-input\":{\"@type\":\"PropertyValueSpecification\",\"valueRequired\":true,\"valueName\":\"search_term_string\"}}],\"inLanguage\":\"it-IT\"},{\"@type\":[\"Organization\",\"Place\",\"ProfessionalService\"],\"@id\":\"https:\\\/\\\/www.cyberfero.com\\\/it\\\/#organization\",\"name\":\"Cyberfero s.r.l.\",\"url\":\"https:\\\/\\\/www.cyberfero.com\\\/it\\\/\",\"logo\":{\"@id\":\"https:\\\/\\\/www.cyberfero.com\\\/it\\\/cloud-products-and-services\\\/web-conference-2\\\/cloud-conference-caratteristiche\\\/#local-main-organization-logo\"},\"image\":{\"@id\":\"https:\\\/\\\/www.cyberfero.com\\\/it\\\/cloud-products-and-services\\\/web-conference-2\\\/cloud-conference-caratteristiche\\\/#local-main-organization-logo\"},\"sameAs\":[\"https:\\\/\\\/www.facebook.com\\\/Cyberfero\",\"https:\\\/\\\/x.com\\\/secureod\",\"https:\\\/\\\/www.instagram.com\\\/cyber_fero\\\/\",\"https:\\\/\\\/www.linkedin.com\\\/company\\\/cyberfero\",\"http:\\\/\\\/www.pinterest.com\\\/cyberfero\",\"https:\\\/\\\/www.youtube.com\\\/user\\\/secureod\"],\"address\":{\"@id\":\"https:\\\/\\\/www.cyberfero.com\\\/it\\\/cloud-products-and-services\\\/web-conference-2\\\/cloud-conference-caratteristiche\\\/#local-main-place-address\"},\"telephone\":[\"+39 0522 1685330\"],\"openingHoursSpecification\":[{\"@type\":\"OpeningHoursSpecification\",\"dayOfWeek\":[\"Monday\",\"Tuesday\",\"Wednesday\",\"Thursday\",\"Friday\"],\"opens\":\"09:00\",\"closes\":\"18:30\"},{\"@type\":\"OpeningHoursSpecification\",\"dayOfWeek\":[\"Saturday\",\"Sunday\"],\"opens\":\"00:00\",\"closes\":\"00:00\"}],\"email\":\"info@cyberfero.com\",\"faxNumber\":\"+39 0522 015371\",\"areaServed\":\"Italia\",\"vatID\":\"03058120357\",\"taxID\":\"03058120357\",\"priceRange\":\"$$$\",\"currenciesAccepted\":\"\u20ac\",\"paymentAccepted\":\"paypal, bonifico bancario\"},{\"@type\":\"PostalAddress\",\"@id\":\"https:\\\/\\\/www.cyberfero.com\\\/it\\\/cloud-products-and-services\\\/web-conference-2\\\/cloud-conference-caratteristiche\\\/#local-main-place-address\",\"streetAddress\":\"Via Statuto, 3\",\"addressLocality\":\"Reggio Emilia\",\"postalCode\":\"42121\",\"addressRegion\":\"Italia\",\"addressCountry\":\"IT\"},{\"@type\":\"ImageObject\",\"inLanguage\":\"it-IT\",\"@id\":\"https:\\\/\\\/www.cyberfero.com\\\/it\\\/cloud-products-and-services\\\/web-conference-2\\\/cloud-conference-caratteristiche\\\/#local-main-organization-logo\",\"url\":\"https:\\\/\\\/www.cyberfero.com\\\/wp-content\\\/uploads\\\/2024\\\/05\\\/Color-logo-no-background.png\",\"contentUrl\":\"https:\\\/\\\/www.cyberfero.com\\\/wp-content\\\/uploads\\\/2024\\\/05\\\/Color-logo-no-background.png\",\"width\":3163,\"height\":922,\"caption\":\"Cyberfero s.r.l.\"}]}<\/script>\n<meta name=\"geo.placename\" content=\"Reggio Emilia\" \/>\n<meta name=\"geo.region\" content=\"Italia\" \/>\n<!-- \/ Yoast SEO Premium plugin. -->","yoast_head_json":{"title":"Caratteristiche Cloud Web Conference | Secure Online Desktop","description":"Caratteristiche:Cloud Web Conference \u00e8 un sistema di video conferenza in Cloud che non richiede l'uso di software, nessuna installazione \u00e8 necessaria perch\u00e9","robots":{"index":"index","follow":"follow","max-snippet":"max-snippet:-1","max-image-preview":"max-image-preview:large","max-video-preview":"max-video-preview:-1"},"canonical":"https:\/\/www.cyberfero.com\/it\/cloud-products-and-services\/web-conference-2\/cloud-conference-caratteristiche\/","og_locale":"it_IT","og_type":"article","og_title":"Caratteristiche","og_description":"Caratteristiche:Cloud Web Conference \u00e8 un sistema di video conferenza in Cloud che non richiede l'uso di software, nessuna installazione \u00e8 necessaria perch\u00e9","og_url":"https:\/\/www.cyberfero.com\/it\/cloud-products-and-services\/web-conference-2\/cloud-conference-caratteristiche\/","og_site_name":"Cyberfero","article_publisher":"https:\/\/www.facebook.com\/Cyberfero","article_modified_time":"2020-05-02T07:05:43+00:00","og_image":[{"url":"http:\/\/cyberfero.com\/wp-content\/uploads\/2015\/01\/step-4.jpg","type":"","width":"","height":""}],"twitter_card":"summary_large_image","twitter_site":"@secureod","twitter_misc":{"Tempo di lettura stimato":"2 minuti"},"schema":{"@context":"https:\/\/schema.org","@graph":[{"@type":"WebPage","@id":"https:\/\/www.cyberfero.com\/it\/cloud-products-and-services\/web-conference-2\/cloud-conference-caratteristiche\/","url":"https:\/\/www.cyberfero.com\/it\/cloud-products-and-services\/web-conference-2\/cloud-conference-caratteristiche\/","name":"Caratteristiche Cloud Web Conference | Secure Online Desktop","isPartOf":{"@id":"https:\/\/www.cyberfero.com\/it\/#website"},"primaryImageOfPage":{"@id":"https:\/\/www.cyberfero.com\/it\/cloud-products-and-services\/web-conference-2\/cloud-conference-caratteristiche\/#primaryimage"},"image":{"@id":"https:\/\/www.cyberfero.com\/it\/cloud-products-and-services\/web-conference-2\/cloud-conference-caratteristiche\/#primaryimage"},"thumbnailUrl":"http:\/\/cyberfero.com\/wp-content\/uploads\/2015\/01\/step-4.jpg","datePublished":"2015-01-09T09:36:05+00:00","dateModified":"2020-05-02T07:05:43+00:00","description":"Caratteristiche:Cloud Web Conference \u00e8 un sistema di video conferenza in Cloud che non richiede l'uso di software, nessuna installazione \u00e8 necessaria perch\u00e9","breadcrumb":{"@id":"https:\/\/www.cyberfero.com\/it\/cloud-products-and-services\/web-conference-2\/cloud-conference-caratteristiche\/#breadcrumb"},"inLanguage":"it-IT","potentialAction":[{"@type":"ReadAction","target":["https:\/\/www.cyberfero.com\/it\/cloud-products-and-services\/web-conference-2\/cloud-conference-caratteristiche\/"]}]},{"@type":"ImageObject","inLanguage":"it-IT","@id":"https:\/\/www.cyberfero.com\/it\/cloud-products-and-services\/web-conference-2\/cloud-conference-caratteristiche\/#primaryimage","url":"http:\/\/cyberfero.com\/wp-content\/uploads\/2015\/01\/step-4.jpg","contentUrl":"http:\/\/cyberfero.com\/wp-content\/uploads\/2015\/01\/step-4.jpg"},{"@type":"BreadcrumbList","@id":"https:\/\/www.cyberfero.com\/it\/cloud-products-and-services\/web-conference-2\/cloud-conference-caratteristiche\/#breadcrumb","itemListElement":[{"@type":"ListItem","position":1,"name":"Home","item":"https:\/\/www.cyberfero.com\/it\/"},{"@type":"ListItem","position":2,"name":"Prodotti e Servizi Cloud","item":"https:\/\/www.cyberfero.com\/it\/cloud-products-and-services\/"},{"@type":"ListItem","position":3,"name":"Conferenza Cloud","item":"https:\/\/www.cyberfero.com\/it\/cloud-products-and-services\/web-conference-2\/"},{"@type":"ListItem","position":4,"name":"Caratteristiche"}]},{"@type":"WebSite","@id":"https:\/\/www.cyberfero.com\/it\/#website","url":"https:\/\/www.cyberfero.com\/it\/","name":"Cyberfero","description":"Managed Security Service Provider","publisher":{"@id":"https:\/\/www.cyberfero.com\/it\/#organization"},"potentialAction":[{"@type":"SearchAction","target":{"@type":"EntryPoint","urlTemplate":"https:\/\/www.cyberfero.com\/it\/?s={search_term_string}"},"query-input":{"@type":"PropertyValueSpecification","valueRequired":true,"valueName":"search_term_string"}}],"inLanguage":"it-IT"},{"@type":["Organization","Place","ProfessionalService"],"@id":"https:\/\/www.cyberfero.com\/it\/#organization","name":"Cyberfero s.r.l.","url":"https:\/\/www.cyberfero.com\/it\/","logo":{"@id":"https:\/\/www.cyberfero.com\/it\/cloud-products-and-services\/web-conference-2\/cloud-conference-caratteristiche\/#local-main-organization-logo"},"image":{"@id":"https:\/\/www.cyberfero.com\/it\/cloud-products-and-services\/web-conference-2\/cloud-conference-caratteristiche\/#local-main-organization-logo"},"sameAs":["https:\/\/www.facebook.com\/Cyberfero","https:\/\/x.com\/secureod","https:\/\/www.instagram.com\/cyber_fero\/","https:\/\/www.linkedin.com\/company\/cyberfero","http:\/\/www.pinterest.com\/cyberfero","https:\/\/www.youtube.com\/user\/secureod"],"address":{"@id":"https:\/\/www.cyberfero.com\/it\/cloud-products-and-services\/web-conference-2\/cloud-conference-caratteristiche\/#local-main-place-address"},"telephone":["+39 0522 1685330"],"openingHoursSpecification":[{"@type":"OpeningHoursSpecification","dayOfWeek":["Monday","Tuesday","Wednesday","Thursday","Friday"],"opens":"09:00","closes":"18:30"},{"@type":"OpeningHoursSpecification","dayOfWeek":["Saturday","Sunday"],"opens":"00:00","closes":"00:00"}],"email":"info@cyberfero.com","faxNumber":"+39 0522 015371","areaServed":"Italia","vatID":"03058120357","taxID":"03058120357","priceRange":"$$$","currenciesAccepted":"\u20ac","paymentAccepted":"paypal, bonifico bancario"},{"@type":"PostalAddress","@id":"https:\/\/www.cyberfero.com\/it\/cloud-products-and-services\/web-conference-2\/cloud-conference-caratteristiche\/#local-main-place-address","streetAddress":"Via Statuto, 3","addressLocality":"Reggio Emilia","postalCode":"42121","addressRegion":"Italia","addressCountry":"IT"},{"@type":"ImageObject","inLanguage":"it-IT","@id":"https:\/\/www.cyberfero.com\/it\/cloud-products-and-services\/web-conference-2\/cloud-conference-caratteristiche\/#local-main-organization-logo","url":"https:\/\/www.cyberfero.com\/wp-content\/uploads\/2024\/05\/Color-logo-no-background.png","contentUrl":"https:\/\/www.cyberfero.com\/wp-content\/uploads\/2024\/05\/Color-logo-no-background.png","width":3163,"height":922,"caption":"Cyberfero s.r.l."}]},"geo.placename":"Reggio Emilia","geo.region":"Italia"},"_links":{"self":[{"href":"https:\/\/www.cyberfero.com\/it\/wp-json\/wp\/v2\/pages\/1142","targetHints":{"allow":["GET"]}}],"collection":[{"href":"https:\/\/www.cyberfero.com\/it\/wp-json\/wp\/v2\/pages"}],"about":[{"href":"https:\/\/www.cyberfero.com\/it\/wp-json\/wp\/v2\/types\/page"}],"author":[{"embeddable":true,"href":"https:\/\/www.cyberfero.com\/it\/wp-json\/wp\/v2\/users\/2"}],"replies":[{"embeddable":true,"href":"https:\/\/www.cyberfero.com\/it\/wp-json\/wp\/v2\/comments?post=1142"}],"version-history":[{"count":0,"href":"https:\/\/www.cyberfero.com\/it\/wp-json\/wp\/v2\/pages\/1142\/revisions"}],"up":[{"embeddable":true,"href":"https:\/\/www.cyberfero.com\/it\/wp-json\/wp\/v2\/pages\/1132"}],"wp:attachment":[{"href":"https:\/\/www.cyberfero.com\/it\/wp-json\/wp\/v2\/media?parent=1142"}],"curies":[{"name":"wp","href":"https:\/\/api.w.org\/{rel}","templated":true}]}}