{"id":1148,"date":"2015-01-09T09:35:41","date_gmt":"2015-01-09T09:35:41","guid":{"rendered":"http:\/\/109.168.97.153\/\/\/?page_id=1148"},"modified":"2020-04-22T20:24:43","modified_gmt":"2020-04-22T18:24:43","slug":"web-conference","status":"publish","type":"page","link":"https:\/\/www.cyberfero.com\/it\/cloud-products-and-services\/web-conference-2\/web-conference\/","title":{"rendered":"Come funziona la Cloud Conference"},"content":{"rendered":"<p>web conference<\/p>\n<h2>web conference<\/h2>\n<p>Cloud Conference<\/p>\n<p>La &#8220;Cloud Web Conference&#8221; \u00e8 un sistema di <a href=\"https:\/\/cloud.cyberfero.com\/cart\/cloud-conference\/\" target=\"_blank\" rel=\"noopener noreferrer\">Videoconferenza<\/a> in Cloud che<br \/>non richiede l&#8217;uso di nessun software, nessuna installazione \u00e8 necessarie perch\u00e9 \u00e8 tutto disponibile online.<\/p>\n<p>Cloud Conference Come funziona<\/p>\n<p>La Cloud Conference \u00e8 il modo pi\u00f9 semplice per fare conference video di gruppo senza dover installare nessun software, direttamente online.<\/p>\n<p>Inizia la tua riunione<\/p>\n<p>Vai su <a href=\"\/it\/cloud-conference\/\">Cloud Conference<\/a>, inserisci le tue credenziali e clicca Join.<\/p>\n<p>Invita le persone<\/p>\n<p>Invia le informazioni di accesso a tutte le persone che desideri invitare alla conferenza.<\/p>\n<p>Unisciti alla conferenza con audio e video<\/p>\n<p>Clicca sull&#8217;icona del microfono e della videocamera per abilitarle.<\/p>\n<p>Condividi le tue slide<\/p>\n<p>Inizia la tua presentazione, condividi il tuo schermo e crea delle sessioni pubbliche e private con i tuoi partecipanti.<\/p>\n<p><a href=\"http:\/\/cyberfero.com\/wp-content\/uploads\/2015\/01\/video-img5.jpg\" rel=\"attachment wp-att-616\"><img decoding=\"async\" class=\"alignnone size-full wp-image-616\" src=\"http:\/\/cyberfero.com\/wp-content\/uploads\/2015\/01\/video-img5.jpg\" alt=\"web conference\" width=\"154\" height=\"98\"><\/a><\/p>\n<p>Cloud Conference<\/p>\n<p>La &#8220;Cloud Web Conference&#8221; \u00e8 un sistema di Videoconferenza in Cloud che<br \/>non richiede l&#8217;uso di nessun software, nessuna installazione \u00e8 necessarie perch\u00e9 \u00e8 tutto disponibile online.<\/p>\n<p>Cloud Conference Come funziona<\/p>\n<p>La Cloud Conference \u00e8 il modo pi\u00f9 semplice per fare conference video di gruppo senza dover installare nessun software, direttamente online.<\/p>\n<p>Inizia la tua riunione<\/p>\n<p>Vai su <a href=\"\/it\/cloud-conference\/\">Cloud Conference<\/a>, inserisci le tue credenziali e clicca Join.<\/p>\n<p>Invita le persone<\/p>\n<p>Invia le informazioni di accesso a tutte le persone che desideri invitare alla conferenza.<\/p>\n<p>Unisciti alla conferenza con audio e video<\/p>\n<p>Clicca sull&#8217;icona del microfono e della videocamera per abilitarle.<\/p>\n<p>Condividi le tue slide<\/p>\n<p>Inizia la tua presentazione, condividi il tuo schermo e crea delle sessioni pubbliche e private con i tuoi partecipanti.<\/p>\n<p>La &#8220;Cloud Web Conference&#8221; \u00e8 un sistema di Videoconferenza in Cloud che<br \/>non richiede l&#8217;uso di nessun software, nessuna installazione \u00e8 necessarie perch\u00e9 \u00e8 tutto disponibile online.<\/p>\n<p>Cloud Conference Come funziona<\/p>\n<p>La Cloud Conference \u00e8 il modo pi\u00f9 semplice per fare conference video di gruppo senza dover installare nessun software, direttamente online.<\/p>\n<p>Inizia la tua riunione<\/p>\n<p>Vai su <a href=\"\/it\/cloud-conference\/\">Cloud Conference<\/a>, inserisci le tue credenziali e clicca Join.<\/p>\n<p>Invita le persone<\/p>\n<p>Invia le informazioni di accesso a tutte le persone che desideri invitare alla conferenza.<\/p>\n<p>Unisciti alla conferenza con audio e video<\/p>\n<p>Clicca sull&#8217;icona del microfono e della videocamera per abilitarle.<\/p>\n<p>Condividi le tue slide<\/p>\n<p>Inizia la tua presentazione, condividi il tuo schermo e crea delle sessioni pubbliche e private con i tuoi partecipanti.<\/p>\n","protected":false},"excerpt":{"rendered":"<p>web conference web conference Cloud Conference La &#8220;Cloud Web Conference&#8221; \u00e8 un sistema di Videoconferenza in Cloud chenon richiede l&#8217;uso di nessun software, nessuna installazione \u00e8 necessarie perch\u00e9 \u00e8 tutto disponibile online. Cloud Conference Come funziona La Cloud Conference \u00e8 il modo pi\u00f9 semplice per fare conference video di gruppo senza dover installare nessun software, direttamente online. Inizia la tua&#8230;<\/p>\n","protected":false},"author":2,"featured_media":0,"parent":1132,"menu_order":0,"comment_status":"open","ping_status":"closed","template":"how_it_works-template.php","meta":{"_acf_changed":false,"_monsterinsights_skip_tracking":false,"_monsterinsights_sitenote_active":false,"_monsterinsights_sitenote_note":"","_monsterinsights_sitenote_category":0,"_uf_show_specific_survey":0,"_uf_disable_surveys":false,"footnotes":""},"class_list":["post-1148","page","type-page","status-publish","hentry"],"acf":[],"yoast_head":"<!-- This site is optimized with the Yoast SEO Premium plugin v24.2 (Yoast SEO v27.3) - https:\/\/yoast.com\/product\/yoast-seo-premium-wordpress\/ -->\n<title>Web Conference | Come funziona | Secure Online Desktop<\/title>\n<meta name=\"description\" content=\"La &quot;Cloud Web Conference&quot; \u00e8 un sistema di Videoconferenza in Cloud che non richiede l&#039;uso di nessun software, nessuna installazione \u00e8 necessarie perch\u00e9 \u00e8\" \/>\n<meta name=\"robots\" content=\"index, follow, max-snippet:-1, max-image-preview:large, max-video-preview:-1\" \/>\n<link rel=\"canonical\" href=\"https:\/\/www.cyberfero.com\/it\/cloud-products-and-services\/web-conference-2\/web-conference\/\" \/>\n<meta property=\"og:locale\" content=\"it_IT\" \/>\n<meta property=\"og:type\" content=\"article\" \/>\n<meta property=\"og:title\" content=\"Come funziona la Cloud Conference\" \/>\n<meta property=\"og:description\" content=\"La &quot;Cloud Web Conference&quot; \u00e8 un sistema di Videoconferenza in Cloud che non richiede l&#039;uso di nessun software, nessuna installazione \u00e8 necessarie perch\u00e9 \u00e8\" \/>\n<meta property=\"og:url\" content=\"https:\/\/www.cyberfero.com\/it\/cloud-products-and-services\/web-conference-2\/web-conference\/\" \/>\n<meta property=\"og:site_name\" content=\"Cyberfero\" \/>\n<meta property=\"article:publisher\" content=\"https:\/\/www.facebook.com\/Cyberfero\" \/>\n<meta property=\"article:modified_time\" content=\"2020-04-22T18:24:43+00:00\" \/>\n<meta property=\"og:image\" content=\"http:\/\/cyberfero.com\/wp-content\/uploads\/2015\/01\/video-img5.jpg\" \/>\n<meta name=\"twitter:card\" content=\"summary_large_image\" \/>\n<meta name=\"twitter:site\" content=\"@secureod\" \/>\n<meta name=\"twitter:label1\" content=\"Tempo di lettura stimato\" \/>\n\t<meta name=\"twitter:data1\" content=\"2 minuti\" \/>\n<script type=\"application\/ld+json\" class=\"yoast-schema-graph\">{\"@context\":\"https:\\\/\\\/schema.org\",\"@graph\":[{\"@type\":\"WebPage\",\"@id\":\"https:\\\/\\\/www.cyberfero.com\\\/it\\\/cloud-products-and-services\\\/web-conference-2\\\/web-conference\\\/\",\"url\":\"https:\\\/\\\/www.cyberfero.com\\\/it\\\/cloud-products-and-services\\\/web-conference-2\\\/web-conference\\\/\",\"name\":\"Web Conference | Come funziona | Secure Online Desktop\",\"isPartOf\":{\"@id\":\"https:\\\/\\\/www.cyberfero.com\\\/it\\\/#website\"},\"primaryImageOfPage\":{\"@id\":\"https:\\\/\\\/www.cyberfero.com\\\/it\\\/cloud-products-and-services\\\/web-conference-2\\\/web-conference\\\/#primaryimage\"},\"image\":{\"@id\":\"https:\\\/\\\/www.cyberfero.com\\\/it\\\/cloud-products-and-services\\\/web-conference-2\\\/web-conference\\\/#primaryimage\"},\"thumbnailUrl\":\"http:\\\/\\\/cyberfero.com\\\/wp-content\\\/uploads\\\/2015\\\/01\\\/video-img5.jpg\",\"datePublished\":\"2015-01-09T09:35:41+00:00\",\"dateModified\":\"2020-04-22T18:24:43+00:00\",\"description\":\"La \\\"Cloud Web Conference\\\" \u00e8 un sistema di Videoconferenza in Cloud che non richiede l'uso di nessun software, nessuna installazione \u00e8 necessarie perch\u00e9 \u00e8\",\"breadcrumb\":{\"@id\":\"https:\\\/\\\/www.cyberfero.com\\\/it\\\/cloud-products-and-services\\\/web-conference-2\\\/web-conference\\\/#breadcrumb\"},\"inLanguage\":\"it-IT\",\"potentialAction\":[{\"@type\":\"ReadAction\",\"target\":[\"https:\\\/\\\/www.cyberfero.com\\\/it\\\/cloud-products-and-services\\\/web-conference-2\\\/web-conference\\\/\"]}]},{\"@type\":\"ImageObject\",\"inLanguage\":\"it-IT\",\"@id\":\"https:\\\/\\\/www.cyberfero.com\\\/it\\\/cloud-products-and-services\\\/web-conference-2\\\/web-conference\\\/#primaryimage\",\"url\":\"http:\\\/\\\/cyberfero.com\\\/wp-content\\\/uploads\\\/2015\\\/01\\\/video-img5.jpg\",\"contentUrl\":\"http:\\\/\\\/cyberfero.com\\\/wp-content\\\/uploads\\\/2015\\\/01\\\/video-img5.jpg\"},{\"@type\":\"BreadcrumbList\",\"@id\":\"https:\\\/\\\/www.cyberfero.com\\\/it\\\/cloud-products-and-services\\\/web-conference-2\\\/web-conference\\\/#breadcrumb\",\"itemListElement\":[{\"@type\":\"ListItem\",\"position\":1,\"name\":\"Home\",\"item\":\"https:\\\/\\\/www.cyberfero.com\\\/it\\\/\"},{\"@type\":\"ListItem\",\"position\":2,\"name\":\"Prodotti e Servizi Cloud\",\"item\":\"https:\\\/\\\/www.cyberfero.com\\\/it\\\/cloud-products-and-services\\\/\"},{\"@type\":\"ListItem\",\"position\":3,\"name\":\"Conferenza Cloud\",\"item\":\"https:\\\/\\\/www.cyberfero.com\\\/it\\\/cloud-products-and-services\\\/web-conference-2\\\/\"},{\"@type\":\"ListItem\",\"position\":4,\"name\":\"Come funziona la Cloud Conference\"}]},{\"@type\":\"WebSite\",\"@id\":\"https:\\\/\\\/www.cyberfero.com\\\/it\\\/#website\",\"url\":\"https:\\\/\\\/www.cyberfero.com\\\/it\\\/\",\"name\":\"Cyberfero\",\"description\":\"Managed Security Service Provider\",\"publisher\":{\"@id\":\"https:\\\/\\\/www.cyberfero.com\\\/it\\\/#organization\"},\"potentialAction\":[{\"@type\":\"SearchAction\",\"target\":{\"@type\":\"EntryPoint\",\"urlTemplate\":\"https:\\\/\\\/www.cyberfero.com\\\/it\\\/?s={search_term_string}\"},\"query-input\":{\"@type\":\"PropertyValueSpecification\",\"valueRequired\":true,\"valueName\":\"search_term_string\"}}],\"inLanguage\":\"it-IT\"},{\"@type\":[\"Organization\",\"Place\",\"ProfessionalService\"],\"@id\":\"https:\\\/\\\/www.cyberfero.com\\\/it\\\/#organization\",\"name\":\"Cyberfero s.r.l.\",\"url\":\"https:\\\/\\\/www.cyberfero.com\\\/it\\\/\",\"logo\":{\"@id\":\"https:\\\/\\\/www.cyberfero.com\\\/it\\\/cloud-products-and-services\\\/web-conference-2\\\/web-conference\\\/#local-main-organization-logo\"},\"image\":{\"@id\":\"https:\\\/\\\/www.cyberfero.com\\\/it\\\/cloud-products-and-services\\\/web-conference-2\\\/web-conference\\\/#local-main-organization-logo\"},\"sameAs\":[\"https:\\\/\\\/www.facebook.com\\\/Cyberfero\",\"https:\\\/\\\/x.com\\\/secureod\",\"https:\\\/\\\/www.instagram.com\\\/cyber_fero\\\/\",\"https:\\\/\\\/www.linkedin.com\\\/company\\\/cyberfero\",\"http:\\\/\\\/www.pinterest.com\\\/cyberfero\",\"https:\\\/\\\/www.youtube.com\\\/user\\\/secureod\"],\"address\":{\"@id\":\"https:\\\/\\\/www.cyberfero.com\\\/it\\\/cloud-products-and-services\\\/web-conference-2\\\/web-conference\\\/#local-main-place-address\"},\"telephone\":[\"+39 0522 1685330\"],\"openingHoursSpecification\":[{\"@type\":\"OpeningHoursSpecification\",\"dayOfWeek\":[\"Monday\",\"Tuesday\",\"Wednesday\",\"Thursday\",\"Friday\"],\"opens\":\"09:00\",\"closes\":\"18:30\"},{\"@type\":\"OpeningHoursSpecification\",\"dayOfWeek\":[\"Saturday\",\"Sunday\"],\"opens\":\"00:00\",\"closes\":\"00:00\"}],\"email\":\"info@cyberfero.com\",\"faxNumber\":\"+39 0522 015371\",\"areaServed\":\"Italia\",\"vatID\":\"03058120357\",\"taxID\":\"03058120357\",\"priceRange\":\"$$$\",\"currenciesAccepted\":\"\u20ac\",\"paymentAccepted\":\"paypal, bonifico bancario\"},{\"@type\":\"PostalAddress\",\"@id\":\"https:\\\/\\\/www.cyberfero.com\\\/it\\\/cloud-products-and-services\\\/web-conference-2\\\/web-conference\\\/#local-main-place-address\",\"streetAddress\":\"Via Statuto, 3\",\"addressLocality\":\"Reggio Emilia\",\"postalCode\":\"42121\",\"addressRegion\":\"Italia\",\"addressCountry\":\"IT\"},{\"@type\":\"ImageObject\",\"inLanguage\":\"it-IT\",\"@id\":\"https:\\\/\\\/www.cyberfero.com\\\/it\\\/cloud-products-and-services\\\/web-conference-2\\\/web-conference\\\/#local-main-organization-logo\",\"url\":\"https:\\\/\\\/www.cyberfero.com\\\/wp-content\\\/uploads\\\/2024\\\/05\\\/Color-logo-no-background.png\",\"contentUrl\":\"https:\\\/\\\/www.cyberfero.com\\\/wp-content\\\/uploads\\\/2024\\\/05\\\/Color-logo-no-background.png\",\"width\":3163,\"height\":922,\"caption\":\"Cyberfero s.r.l.\"}]}<\/script>\n<meta name=\"geo.placename\" content=\"Reggio Emilia\" \/>\n<meta name=\"geo.region\" content=\"Italia\" \/>\n<!-- \/ Yoast SEO Premium plugin. -->","yoast_head_json":{"title":"Web Conference | Come funziona | Secure Online Desktop","description":"La \"Cloud Web Conference\" \u00e8 un sistema di Videoconferenza in Cloud che non richiede l'uso di nessun software, nessuna installazione \u00e8 necessarie perch\u00e9 \u00e8","robots":{"index":"index","follow":"follow","max-snippet":"max-snippet:-1","max-image-preview":"max-image-preview:large","max-video-preview":"max-video-preview:-1"},"canonical":"https:\/\/www.cyberfero.com\/it\/cloud-products-and-services\/web-conference-2\/web-conference\/","og_locale":"it_IT","og_type":"article","og_title":"Come funziona la Cloud Conference","og_description":"La \"Cloud Web Conference\" \u00e8 un sistema di Videoconferenza in Cloud che non richiede l'uso di nessun software, nessuna installazione \u00e8 necessarie perch\u00e9 \u00e8","og_url":"https:\/\/www.cyberfero.com\/it\/cloud-products-and-services\/web-conference-2\/web-conference\/","og_site_name":"Cyberfero","article_publisher":"https:\/\/www.facebook.com\/Cyberfero","article_modified_time":"2020-04-22T18:24:43+00:00","og_image":[{"url":"http:\/\/cyberfero.com\/wp-content\/uploads\/2015\/01\/video-img5.jpg","type":"","width":"","height":""}],"twitter_card":"summary_large_image","twitter_site":"@secureod","twitter_misc":{"Tempo di lettura stimato":"2 minuti"},"schema":{"@context":"https:\/\/schema.org","@graph":[{"@type":"WebPage","@id":"https:\/\/www.cyberfero.com\/it\/cloud-products-and-services\/web-conference-2\/web-conference\/","url":"https:\/\/www.cyberfero.com\/it\/cloud-products-and-services\/web-conference-2\/web-conference\/","name":"Web Conference | Come funziona | Secure Online Desktop","isPartOf":{"@id":"https:\/\/www.cyberfero.com\/it\/#website"},"primaryImageOfPage":{"@id":"https:\/\/www.cyberfero.com\/it\/cloud-products-and-services\/web-conference-2\/web-conference\/#primaryimage"},"image":{"@id":"https:\/\/www.cyberfero.com\/it\/cloud-products-and-services\/web-conference-2\/web-conference\/#primaryimage"},"thumbnailUrl":"http:\/\/cyberfero.com\/wp-content\/uploads\/2015\/01\/video-img5.jpg","datePublished":"2015-01-09T09:35:41+00:00","dateModified":"2020-04-22T18:24:43+00:00","description":"La \"Cloud Web Conference\" \u00e8 un sistema di Videoconferenza in Cloud che non richiede l'uso di nessun software, nessuna installazione \u00e8 necessarie perch\u00e9 \u00e8","breadcrumb":{"@id":"https:\/\/www.cyberfero.com\/it\/cloud-products-and-services\/web-conference-2\/web-conference\/#breadcrumb"},"inLanguage":"it-IT","potentialAction":[{"@type":"ReadAction","target":["https:\/\/www.cyberfero.com\/it\/cloud-products-and-services\/web-conference-2\/web-conference\/"]}]},{"@type":"ImageObject","inLanguage":"it-IT","@id":"https:\/\/www.cyberfero.com\/it\/cloud-products-and-services\/web-conference-2\/web-conference\/#primaryimage","url":"http:\/\/cyberfero.com\/wp-content\/uploads\/2015\/01\/video-img5.jpg","contentUrl":"http:\/\/cyberfero.com\/wp-content\/uploads\/2015\/01\/video-img5.jpg"},{"@type":"BreadcrumbList","@id":"https:\/\/www.cyberfero.com\/it\/cloud-products-and-services\/web-conference-2\/web-conference\/#breadcrumb","itemListElement":[{"@type":"ListItem","position":1,"name":"Home","item":"https:\/\/www.cyberfero.com\/it\/"},{"@type":"ListItem","position":2,"name":"Prodotti e Servizi Cloud","item":"https:\/\/www.cyberfero.com\/it\/cloud-products-and-services\/"},{"@type":"ListItem","position":3,"name":"Conferenza Cloud","item":"https:\/\/www.cyberfero.com\/it\/cloud-products-and-services\/web-conference-2\/"},{"@type":"ListItem","position":4,"name":"Come funziona la Cloud Conference"}]},{"@type":"WebSite","@id":"https:\/\/www.cyberfero.com\/it\/#website","url":"https:\/\/www.cyberfero.com\/it\/","name":"Cyberfero","description":"Managed Security Service Provider","publisher":{"@id":"https:\/\/www.cyberfero.com\/it\/#organization"},"potentialAction":[{"@type":"SearchAction","target":{"@type":"EntryPoint","urlTemplate":"https:\/\/www.cyberfero.com\/it\/?s={search_term_string}"},"query-input":{"@type":"PropertyValueSpecification","valueRequired":true,"valueName":"search_term_string"}}],"inLanguage":"it-IT"},{"@type":["Organization","Place","ProfessionalService"],"@id":"https:\/\/www.cyberfero.com\/it\/#organization","name":"Cyberfero s.r.l.","url":"https:\/\/www.cyberfero.com\/it\/","logo":{"@id":"https:\/\/www.cyberfero.com\/it\/cloud-products-and-services\/web-conference-2\/web-conference\/#local-main-organization-logo"},"image":{"@id":"https:\/\/www.cyberfero.com\/it\/cloud-products-and-services\/web-conference-2\/web-conference\/#local-main-organization-logo"},"sameAs":["https:\/\/www.facebook.com\/Cyberfero","https:\/\/x.com\/secureod","https:\/\/www.instagram.com\/cyber_fero\/","https:\/\/www.linkedin.com\/company\/cyberfero","http:\/\/www.pinterest.com\/cyberfero","https:\/\/www.youtube.com\/user\/secureod"],"address":{"@id":"https:\/\/www.cyberfero.com\/it\/cloud-products-and-services\/web-conference-2\/web-conference\/#local-main-place-address"},"telephone":["+39 0522 1685330"],"openingHoursSpecification":[{"@type":"OpeningHoursSpecification","dayOfWeek":["Monday","Tuesday","Wednesday","Thursday","Friday"],"opens":"09:00","closes":"18:30"},{"@type":"OpeningHoursSpecification","dayOfWeek":["Saturday","Sunday"],"opens":"00:00","closes":"00:00"}],"email":"info@cyberfero.com","faxNumber":"+39 0522 015371","areaServed":"Italia","vatID":"03058120357","taxID":"03058120357","priceRange":"$$$","currenciesAccepted":"\u20ac","paymentAccepted":"paypal, bonifico bancario"},{"@type":"PostalAddress","@id":"https:\/\/www.cyberfero.com\/it\/cloud-products-and-services\/web-conference-2\/web-conference\/#local-main-place-address","streetAddress":"Via Statuto, 3","addressLocality":"Reggio Emilia","postalCode":"42121","addressRegion":"Italia","addressCountry":"IT"},{"@type":"ImageObject","inLanguage":"it-IT","@id":"https:\/\/www.cyberfero.com\/it\/cloud-products-and-services\/web-conference-2\/web-conference\/#local-main-organization-logo","url":"https:\/\/www.cyberfero.com\/wp-content\/uploads\/2024\/05\/Color-logo-no-background.png","contentUrl":"https:\/\/www.cyberfero.com\/wp-content\/uploads\/2024\/05\/Color-logo-no-background.png","width":3163,"height":922,"caption":"Cyberfero s.r.l."}]},"geo.placename":"Reggio Emilia","geo.region":"Italia"},"_links":{"self":[{"href":"https:\/\/www.cyberfero.com\/it\/wp-json\/wp\/v2\/pages\/1148","targetHints":{"allow":["GET"]}}],"collection":[{"href":"https:\/\/www.cyberfero.com\/it\/wp-json\/wp\/v2\/pages"}],"about":[{"href":"https:\/\/www.cyberfero.com\/it\/wp-json\/wp\/v2\/types\/page"}],"author":[{"embeddable":true,"href":"https:\/\/www.cyberfero.com\/it\/wp-json\/wp\/v2\/users\/2"}],"replies":[{"embeddable":true,"href":"https:\/\/www.cyberfero.com\/it\/wp-json\/wp\/v2\/comments?post=1148"}],"version-history":[{"count":0,"href":"https:\/\/www.cyberfero.com\/it\/wp-json\/wp\/v2\/pages\/1148\/revisions"}],"up":[{"embeddable":true,"href":"https:\/\/www.cyberfero.com\/it\/wp-json\/wp\/v2\/pages\/1132"}],"wp:attachment":[{"href":"https:\/\/www.cyberfero.com\/it\/wp-json\/wp\/v2\/media?parent=1148"}],"curies":[{"name":"wp","href":"https:\/\/api.w.org\/{rel}","templated":true}]}}