{"id":3728,"date":"2017-03-10T12:14:59","date_gmt":"2017-03-10T10:14:59","guid":{"rendered":"http:\/\/cyberfero.com\/web-agency\/"},"modified":"2021-06-03T12:56:01","modified_gmt":"2021-06-03T10:56:01","slug":"web-agency","status":"publish","type":"page","link":"https:\/\/www.cyberfero.com\/it\/cloud-products-and-services\/web-hosting\/web-agency\/","title":{"rendered":"Web agency"},"content":{"rendered":"<p>Come web agency lavoriamo al tuo fianco dal sito web al web marketing, dal social marketing all\u2019e-commerce: studiamo la giusta strategia per il successo del tuo business online.<\/p>\n<h2>Costruiamo identit\u00e0 digitali<\/h2>\n<h4 style=\"text-align: center;\"><\/h4>\n<p><img fetchpriority=\"high\" decoding=\"async\" class=\"aligncenter wp-image-3720\" src=\"http:\/\/cyberfero.com\/wp-content\/uploads\/2017\/03\/clouddesktop-Fotolia_58772166_XS.jpg\" alt=\"Web agency\" width=\"850\" height=\"501\" srcset=\"https:\/\/www.cyberfero.com\/wp-content\/uploads\/2017\/03\/clouddesktop-Fotolia_58772166_XS.jpg 451w, https:\/\/www.cyberfero.com\/wp-content\/uploads\/2017\/03\/clouddesktop-Fotolia_58772166_XS-300x177.jpg 300w\" sizes=\"(max-width: 850px) 100vw, 850px\" \/><\/p>\n<h2>Ci prendiamo cura del tuo progetto in ogni momento, per verificare la completa funzionalita&#8217; ed efficienza.<\/h2>\n<table class=\" aligncenter\" style=\"border: 1px solid #999999; width: 750px;\" border=\"0\" cellspacing=\"5\" cellpadding=\"5\">\n<tbody>\n<tr>\n<td style=\"color: #666666; font-size: 14px; width: 769px;\" colspan=\"2\" align=\"center\" bgcolor=\"#f2f2f2\">\n<h3>Siti web su misura per risultati smisurati<\/h3>\n<\/td>\n<\/tr>\n<tr>\n<td style=\"font-size: 12px; width: 362px;\" valign=\"top\">Creiamo il tuo sito web come una casa: ben strutturato e accogliente. Personalizziamo il design, per dare uno stile esclusivo al tuo brand. Studiamo ogni dettaglio funzionale\u2026 &#8220;Convertire&#8221; \u00e8 la parola d\u2019ordine!<\/td>\n<td style=\"font-size: 12px; width: 407px;\" align=\"left\" valign=\"top\">Curiamo la comunicazione aziendale elaborando progetti di web marketing con precisione e accuratezza. Analizziamo ogni dettaglio, studiamo il mercato di riferimento e gli obiettivi di business, costruendo la strategia pi\u00f9 giusta per ogni esigenza, secondo un piano di web marketing strutturato e dettagliato. Siti ottimizzati per i motori di ricerca, web design accattivanti e innovativi, contenuti coinvolgenti e originali: ogni aspetto dell\u2019identit\u00e0 digitale del tuo brand sar\u00e0 costruito con professionalit\u00e0 e efficienza! Grazie ad un sito web ben strutturato, ottimizzato per i motori di ricerca e dalla grafica accattivante potrai migliorare la tua presenza online ed attrarre maggior clienti.<\/td>\n<\/tr>\n<\/tbody>\n<\/table>\n<h2>Web agency<\/h2>\n<table class=\" aligncenter\" style=\"height: 454px;\" cellspacing=\"10\">\n<tbody>\n<tr style=\"height: 252px;\">\n<td style=\"height: 252px;\"><a href=\"http:\/\/cyberfero.com\/wp-content\/uploads\/2017\/03\/Screen-Shot-2017-03-10-at-11.26.42-e1489220401188.png\"><img decoding=\"async\" class=\"size-full wp-image-3707 aligncenter\" src=\"http:\/\/cyberfero.com\/wp-content\/uploads\/2017\/03\/Screen-Shot-2017-03-10-at-11.26.42-e1489220401188.png\" alt=\"Web Marketing\" width=\"50\" height=\"50\"><\/a><\/p>\n<h3>Web Marketing<\/h3>\n<p>Analizziamo il mercato, il target di riferimento e gli obiettivi di business sviluppando un piano di web marketing dettagliato.<\/td>\n<td style=\"height: 252px;\"><a href=\"http:\/\/cyberfero.com\/wp-content\/uploads\/2017\/03\/Screen-Shot-2017-03-10-at-11.27.12-e1489220420567.png\"><img decoding=\"async\" class=\"size-full wp-image-3708 aligncenter\" src=\"http:\/\/cyberfero.com\/wp-content\/uploads\/2017\/03\/Screen-Shot-2017-03-10-at-11.27.12-e1489220420567.png\" alt=\"web sites\" width=\"50\" height=\"50\"><\/a><\/p>\n<h3>Siti web<\/h3>\n<p>Progettiamo siti web ottimizzati con layout responsive, garantendo una perfetta esperienza di navigazione all\u2019utente.<\/td>\n<td style=\"height: 252px;\"><a href=\"http:\/\/cyberfero.com\/wp-content\/uploads\/2017\/03\/Screen-Shot-2017-03-10-at-11.27.39-e1489220433990.png\"><img loading=\"lazy\" decoding=\"async\" class=\"size-full wp-image-3709 aligncenter\" src=\"http:\/\/cyberfero.com\/wp-content\/uploads\/2017\/03\/Screen-Shot-2017-03-10-at-11.27.39-e1489220433990.png\" alt=\"Ecommerce\" width=\"50\" height=\"50\"><\/a><\/p>\n<h3>Ecommerce<\/h3>\n<p>Sviluppiamo siti e-commerce, per garantire un\u2019ottima esperienza di acquisto e aumentare le vendite online.<\/td>\n<\/tr>\n<tr style=\"height: 202px;\">\n<td style=\"height: 202px;\"><a href=\"http:\/\/cyberfero.com\/wp-content\/uploads\/2017\/03\/Screen-Shot-2017-03-10-at-11.28.27-e1489220442325.png\"><img loading=\"lazy\" decoding=\"async\" class=\"size-full wp-image-3710 aligncenter\" src=\"http:\/\/cyberfero.com\/wp-content\/uploads\/2017\/03\/Screen-Shot-2017-03-10-at-11.28.27-e1489220442325.png\" alt=\"App Mobile\" width=\"50\" height=\"50\"><\/a><\/p>\n<h3>App mobile<\/h3>\n<p>Realizziamo App Mobile professionali, con tantissime funzionalit\u00e0 per il vostro business, e completamente gestibili in autonomia.<\/td>\n<td style=\"height: 202px;\"><a href=\"http:\/\/cyberfero.com\/wp-content\/uploads\/2017\/03\/Screen-Shot-2017-03-10-at-11.29.10-e1489220460649.png\"><img loading=\"lazy\" decoding=\"async\" class=\"size-full wp-image-3711 aligncenter\" src=\"http:\/\/cyberfero.com\/wp-content\/uploads\/2017\/03\/Screen-Shot-2017-03-10-at-11.29.10-e1489220460649.png\" alt=\"Social Media Marketing\" width=\"50\" height=\"50\"><\/a><\/p>\n<h3>Social Marketing<\/h3>\n<p>Curiamo la social identity aziendale, creando contenuti accattivanti per stimolare la condivisione sui principali social network.<\/td>\n<td style=\"height: 202px;\"><a href=\"http:\/\/cyberfero.com\/wp-content\/uploads\/2017\/03\/Screen-Shot-2017-03-10-at-11.29.47-e1489220471891.png\"><img loading=\"lazy\" decoding=\"async\" class=\"size-full wp-image-3712 aligncenter\" src=\"http:\/\/cyberfero.com\/wp-content\/uploads\/2017\/03\/Screen-Shot-2017-03-10-at-11.29.47-e1489220471891.png\" alt=\"v\" width=\"50\" height=\"50\"><\/a><\/p>\n<h3>Hosting<\/h3>\n<p>Proponiamo servizi di <a href=\"https:\/\/www.cyberfero.com\/cloud-products-and-services\/web-hosting\/\">hosting<\/a> e <a href=\"https:\/\/www.cyberfero.com\/it\/cloud-products-and-services\/cloud-macchine-virtuali\/\">virtual private server<\/a>, con prestazioni ottimizzate e adatte ad ogni singola esigenza.<\/td>\n<\/tr>\n<\/tbody>\n<\/table>\n<div class=\"page-header\">\n<p style=\"text-align: center;\"><em><strong>Il tuo obiettivo e&#8217; il nostro obiettivo!<\/strong><\/em><\/p>\n<\/div>\n<div>\n<p style=\"text-align: center;\"><em><strong>Valutiamo il successo sulla soddisfazione del cliente.<\/strong><\/em><\/p>\n<p style=\"text-align: center;\"><strong><em>Raccontaci del tuo progetto web, lavoreremo insieme per renderlo unico e professionale.<\/em><\/strong><\/p>\n<\/div>\n<p style=\"text-align: center;\">[btnsx id=&#8221;2929&#8243;]<\/p>\n","protected":false},"excerpt":{"rendered":"<p>Come web agency lavoriamo al tuo fianco dal sito web al web marketing, dal social marketing all\u2019e-commerce: studiamo la giusta strategia per il successo del tuo business online. Costruiamo identit\u00e0 digitali Ci prendiamo cura del tuo progetto in ogni momento, per verificare la completa funzionalita&#8217; ed efficienza. Siti web su misura per risultati smisurati Creiamo il tuo sito web come&#8230;<\/p>\n","protected":false},"author":4,"featured_media":0,"parent":1167,"menu_order":0,"comment_status":"closed","ping_status":"closed","template":"company-template.php","meta":{"_acf_changed":false,"_monsterinsights_skip_tracking":false,"_monsterinsights_sitenote_active":false,"_monsterinsights_sitenote_note":"","_monsterinsights_sitenote_category":0,"_uf_show_specific_survey":0,"_uf_disable_surveys":false,"footnotes":""},"class_list":["post-3728","page","type-page","status-publish","hentry"],"acf":[],"yoast_head":"<!-- This site is optimized with the Yoast SEO Premium plugin v24.2 (Yoast SEO v27.5) - https:\/\/yoast.com\/product\/yoast-seo-premium-wordpress\/ -->\n<title>Web agency | Sviluppo siti web | Secure Online Desktop<\/title>\n<meta name=\"description\" content=\"Come web agency lavoriamo al tuo fianco dal sito web al web marketing, dal social marketing all\u2019e-commerce: studiamo la giusta strategia per il successo ..\" \/>\n<meta name=\"robots\" content=\"index, follow, max-snippet:-1, max-image-preview:large, max-video-preview:-1\" \/>\n<link rel=\"canonical\" href=\"https:\/\/www.cyberfero.com\/it\/cloud-products-and-services\/web-hosting\/web-agency\/\" \/>\n<meta property=\"og:locale\" content=\"it_IT\" \/>\n<meta property=\"og:type\" content=\"article\" \/>\n<meta property=\"og:title\" content=\"Web agency\" \/>\n<meta property=\"og:description\" content=\"Come web agency lavoriamo al tuo fianco dal sito web al web marketing, dal social marketing all\u2019e-commerce: studiamo la giusta strategia per il successo ..\" \/>\n<meta property=\"og:url\" content=\"https:\/\/www.cyberfero.com\/it\/cloud-products-and-services\/web-hosting\/web-agency\/\" \/>\n<meta property=\"og:site_name\" content=\"Cyberfero\" \/>\n<meta property=\"article:publisher\" content=\"https:\/\/www.facebook.com\/Cyberfero\" \/>\n<meta property=\"article:modified_time\" content=\"2021-06-03T10:56:01+00:00\" \/>\n<meta property=\"og:image\" content=\"http:\/\/cyberfero.com\/wp-content\/uploads\/2017\/03\/clouddesktop-Fotolia_58772166_XS.jpg\" \/>\n<meta name=\"twitter:card\" content=\"summary_large_image\" \/>\n<meta name=\"twitter:site\" content=\"@secureod\" \/>\n<meta name=\"twitter:label1\" content=\"Tempo di lettura stimato\" \/>\n\t<meta name=\"twitter:data1\" content=\"3 minuti\" \/>\n<script type=\"application\/ld+json\" class=\"yoast-schema-graph\">{\"@context\":\"https:\\\/\\\/schema.org\",\"@graph\":[{\"@type\":\"WebPage\",\"@id\":\"https:\\\/\\\/www.cyberfero.com\\\/it\\\/cloud-products-and-services\\\/web-hosting\\\/web-agency\\\/\",\"url\":\"https:\\\/\\\/www.cyberfero.com\\\/it\\\/cloud-products-and-services\\\/web-hosting\\\/web-agency\\\/\",\"name\":\"Web agency | Sviluppo siti web | Secure Online Desktop\",\"isPartOf\":{\"@id\":\"https:\\\/\\\/www.cyberfero.com\\\/it\\\/#website\"},\"primaryImageOfPage\":{\"@id\":\"https:\\\/\\\/www.cyberfero.com\\\/it\\\/cloud-products-and-services\\\/web-hosting\\\/web-agency\\\/#primaryimage\"},\"image\":{\"@id\":\"https:\\\/\\\/www.cyberfero.com\\\/it\\\/cloud-products-and-services\\\/web-hosting\\\/web-agency\\\/#primaryimage\"},\"thumbnailUrl\":\"http:\\\/\\\/cyberfero.com\\\/wp-content\\\/uploads\\\/2017\\\/03\\\/clouddesktop-Fotolia_58772166_XS.jpg\",\"datePublished\":\"2017-03-10T10:14:59+00:00\",\"dateModified\":\"2021-06-03T10:56:01+00:00\",\"description\":\"Come web agency lavoriamo al tuo fianco dal sito web al web marketing, dal social marketing all\u2019e-commerce: studiamo la giusta strategia per il successo ..\",\"breadcrumb\":{\"@id\":\"https:\\\/\\\/www.cyberfero.com\\\/it\\\/cloud-products-and-services\\\/web-hosting\\\/web-agency\\\/#breadcrumb\"},\"inLanguage\":\"it-IT\",\"potentialAction\":[{\"@type\":\"ReadAction\",\"target\":[\"https:\\\/\\\/www.cyberfero.com\\\/it\\\/cloud-products-and-services\\\/web-hosting\\\/web-agency\\\/\"]}]},{\"@type\":\"ImageObject\",\"inLanguage\":\"it-IT\",\"@id\":\"https:\\\/\\\/www.cyberfero.com\\\/it\\\/cloud-products-and-services\\\/web-hosting\\\/web-agency\\\/#primaryimage\",\"url\":\"http:\\\/\\\/cyberfero.com\\\/wp-content\\\/uploads\\\/2017\\\/03\\\/clouddesktop-Fotolia_58772166_XS.jpg\",\"contentUrl\":\"http:\\\/\\\/cyberfero.com\\\/wp-content\\\/uploads\\\/2017\\\/03\\\/clouddesktop-Fotolia_58772166_XS.jpg\"},{\"@type\":\"BreadcrumbList\",\"@id\":\"https:\\\/\\\/www.cyberfero.com\\\/it\\\/cloud-products-and-services\\\/web-hosting\\\/web-agency\\\/#breadcrumb\",\"itemListElement\":[{\"@type\":\"ListItem\",\"position\":1,\"name\":\"Home\",\"item\":\"https:\\\/\\\/www.cyberfero.com\\\/it\\\/\"},{\"@type\":\"ListItem\",\"position\":2,\"name\":\"Prodotti e Servizi Cloud\",\"item\":\"https:\\\/\\\/www.cyberfero.com\\\/it\\\/cloud-products-and-services\\\/\"},{\"@type\":\"ListItem\",\"position\":3,\"name\":\"Web Hosting\",\"item\":\"https:\\\/\\\/www.cyberfero.com\\\/it\\\/cloud-products-and-services\\\/web-hosting\\\/\"},{\"@type\":\"ListItem\",\"position\":4,\"name\":\"Web agency\"}]},{\"@type\":\"WebSite\",\"@id\":\"https:\\\/\\\/www.cyberfero.com\\\/it\\\/#website\",\"url\":\"https:\\\/\\\/www.cyberfero.com\\\/it\\\/\",\"name\":\"Cyberfero\",\"description\":\"Managed Security Service Provider\",\"publisher\":{\"@id\":\"https:\\\/\\\/www.cyberfero.com\\\/it\\\/#organization\"},\"potentialAction\":[{\"@type\":\"SearchAction\",\"target\":{\"@type\":\"EntryPoint\",\"urlTemplate\":\"https:\\\/\\\/www.cyberfero.com\\\/it\\\/?s={search_term_string}\"},\"query-input\":{\"@type\":\"PropertyValueSpecification\",\"valueRequired\":true,\"valueName\":\"search_term_string\"}}],\"inLanguage\":\"it-IT\"},{\"@type\":[\"Organization\",\"Place\",\"ProfessionalService\"],\"@id\":\"https:\\\/\\\/www.cyberfero.com\\\/it\\\/#organization\",\"name\":\"Cyberfero s.r.l.\",\"url\":\"https:\\\/\\\/www.cyberfero.com\\\/it\\\/\",\"logo\":{\"@id\":\"https:\\\/\\\/www.cyberfero.com\\\/it\\\/cloud-products-and-services\\\/web-hosting\\\/web-agency\\\/#local-main-organization-logo\"},\"image\":{\"@id\":\"https:\\\/\\\/www.cyberfero.com\\\/it\\\/cloud-products-and-services\\\/web-hosting\\\/web-agency\\\/#local-main-organization-logo\"},\"sameAs\":[\"https:\\\/\\\/www.facebook.com\\\/Cyberfero\",\"https:\\\/\\\/x.com\\\/secureod\",\"https:\\\/\\\/www.instagram.com\\\/cyber_fero\\\/\",\"https:\\\/\\\/www.linkedin.com\\\/company\\\/cyberfero\",\"http:\\\/\\\/www.pinterest.com\\\/cyberfero\",\"https:\\\/\\\/www.youtube.com\\\/user\\\/secureod\"],\"address\":{\"@id\":\"https:\\\/\\\/www.cyberfero.com\\\/it\\\/cloud-products-and-services\\\/web-hosting\\\/web-agency\\\/#local-main-place-address\"},\"telephone\":[\"+39 0522 1685330\"],\"openingHoursSpecification\":[{\"@type\":\"OpeningHoursSpecification\",\"dayOfWeek\":[\"Monday\",\"Tuesday\",\"Wednesday\",\"Thursday\",\"Friday\"],\"opens\":\"09:00\",\"closes\":\"18:30\"},{\"@type\":\"OpeningHoursSpecification\",\"dayOfWeek\":[\"Saturday\",\"Sunday\"],\"opens\":\"00:00\",\"closes\":\"00:00\"}],\"email\":\"info@cyberfero.com\",\"faxNumber\":\"+39 0522 015371\",\"areaServed\":\"Italia\",\"vatID\":\"03058120357\",\"taxID\":\"03058120357\",\"priceRange\":\"$$$\",\"currenciesAccepted\":\"\u20ac\",\"paymentAccepted\":\"paypal, bonifico bancario\"},{\"@type\":\"PostalAddress\",\"@id\":\"https:\\\/\\\/www.cyberfero.com\\\/it\\\/cloud-products-and-services\\\/web-hosting\\\/web-agency\\\/#local-main-place-address\",\"streetAddress\":\"Via Statuto, 3\",\"addressLocality\":\"Reggio Emilia\",\"postalCode\":\"42121\",\"addressRegion\":\"Italia\",\"addressCountry\":\"IT\"},{\"@type\":\"ImageObject\",\"inLanguage\":\"it-IT\",\"@id\":\"https:\\\/\\\/www.cyberfero.com\\\/it\\\/cloud-products-and-services\\\/web-hosting\\\/web-agency\\\/#local-main-organization-logo\",\"url\":\"https:\\\/\\\/www.cyberfero.com\\\/wp-content\\\/uploads\\\/2024\\\/05\\\/Color-logo-no-background.png\",\"contentUrl\":\"https:\\\/\\\/www.cyberfero.com\\\/wp-content\\\/uploads\\\/2024\\\/05\\\/Color-logo-no-background.png\",\"width\":3163,\"height\":922,\"caption\":\"Cyberfero s.r.l.\"}]}<\/script>\n<meta name=\"geo.placename\" content=\"Reggio Emilia\" \/>\n<meta name=\"geo.region\" content=\"Italia\" \/>\n<!-- \/ Yoast SEO Premium plugin. -->","yoast_head_json":{"title":"Web agency | Sviluppo siti web | Secure Online Desktop","description":"Come web agency lavoriamo al tuo fianco dal sito web al web marketing, dal social marketing all\u2019e-commerce: studiamo la giusta strategia per il successo ..","robots":{"index":"index","follow":"follow","max-snippet":"max-snippet:-1","max-image-preview":"max-image-preview:large","max-video-preview":"max-video-preview:-1"},"canonical":"https:\/\/www.cyberfero.com\/it\/cloud-products-and-services\/web-hosting\/web-agency\/","og_locale":"it_IT","og_type":"article","og_title":"Web agency","og_description":"Come web agency lavoriamo al tuo fianco dal sito web al web marketing, dal social marketing all\u2019e-commerce: studiamo la giusta strategia per il successo ..","og_url":"https:\/\/www.cyberfero.com\/it\/cloud-products-and-services\/web-hosting\/web-agency\/","og_site_name":"Cyberfero","article_publisher":"https:\/\/www.facebook.com\/Cyberfero","article_modified_time":"2021-06-03T10:56:01+00:00","og_image":[{"url":"http:\/\/cyberfero.com\/wp-content\/uploads\/2017\/03\/clouddesktop-Fotolia_58772166_XS.jpg","type":"","width":"","height":""}],"twitter_card":"summary_large_image","twitter_site":"@secureod","twitter_misc":{"Tempo di lettura stimato":"3 minuti"},"schema":{"@context":"https:\/\/schema.org","@graph":[{"@type":"WebPage","@id":"https:\/\/www.cyberfero.com\/it\/cloud-products-and-services\/web-hosting\/web-agency\/","url":"https:\/\/www.cyberfero.com\/it\/cloud-products-and-services\/web-hosting\/web-agency\/","name":"Web agency | Sviluppo siti web | Secure Online Desktop","isPartOf":{"@id":"https:\/\/www.cyberfero.com\/it\/#website"},"primaryImageOfPage":{"@id":"https:\/\/www.cyberfero.com\/it\/cloud-products-and-services\/web-hosting\/web-agency\/#primaryimage"},"image":{"@id":"https:\/\/www.cyberfero.com\/it\/cloud-products-and-services\/web-hosting\/web-agency\/#primaryimage"},"thumbnailUrl":"http:\/\/cyberfero.com\/wp-content\/uploads\/2017\/03\/clouddesktop-Fotolia_58772166_XS.jpg","datePublished":"2017-03-10T10:14:59+00:00","dateModified":"2021-06-03T10:56:01+00:00","description":"Come web agency lavoriamo al tuo fianco dal sito web al web marketing, dal social marketing all\u2019e-commerce: studiamo la giusta strategia per il successo ..","breadcrumb":{"@id":"https:\/\/www.cyberfero.com\/it\/cloud-products-and-services\/web-hosting\/web-agency\/#breadcrumb"},"inLanguage":"it-IT","potentialAction":[{"@type":"ReadAction","target":["https:\/\/www.cyberfero.com\/it\/cloud-products-and-services\/web-hosting\/web-agency\/"]}]},{"@type":"ImageObject","inLanguage":"it-IT","@id":"https:\/\/www.cyberfero.com\/it\/cloud-products-and-services\/web-hosting\/web-agency\/#primaryimage","url":"http:\/\/cyberfero.com\/wp-content\/uploads\/2017\/03\/clouddesktop-Fotolia_58772166_XS.jpg","contentUrl":"http:\/\/cyberfero.com\/wp-content\/uploads\/2017\/03\/clouddesktop-Fotolia_58772166_XS.jpg"},{"@type":"BreadcrumbList","@id":"https:\/\/www.cyberfero.com\/it\/cloud-products-and-services\/web-hosting\/web-agency\/#breadcrumb","itemListElement":[{"@type":"ListItem","position":1,"name":"Home","item":"https:\/\/www.cyberfero.com\/it\/"},{"@type":"ListItem","position":2,"name":"Prodotti e Servizi Cloud","item":"https:\/\/www.cyberfero.com\/it\/cloud-products-and-services\/"},{"@type":"ListItem","position":3,"name":"Web Hosting","item":"https:\/\/www.cyberfero.com\/it\/cloud-products-and-services\/web-hosting\/"},{"@type":"ListItem","position":4,"name":"Web agency"}]},{"@type":"WebSite","@id":"https:\/\/www.cyberfero.com\/it\/#website","url":"https:\/\/www.cyberfero.com\/it\/","name":"Cyberfero","description":"Managed Security Service Provider","publisher":{"@id":"https:\/\/www.cyberfero.com\/it\/#organization"},"potentialAction":[{"@type":"SearchAction","target":{"@type":"EntryPoint","urlTemplate":"https:\/\/www.cyberfero.com\/it\/?s={search_term_string}"},"query-input":{"@type":"PropertyValueSpecification","valueRequired":true,"valueName":"search_term_string"}}],"inLanguage":"it-IT"},{"@type":["Organization","Place","ProfessionalService"],"@id":"https:\/\/www.cyberfero.com\/it\/#organization","name":"Cyberfero s.r.l.","url":"https:\/\/www.cyberfero.com\/it\/","logo":{"@id":"https:\/\/www.cyberfero.com\/it\/cloud-products-and-services\/web-hosting\/web-agency\/#local-main-organization-logo"},"image":{"@id":"https:\/\/www.cyberfero.com\/it\/cloud-products-and-services\/web-hosting\/web-agency\/#local-main-organization-logo"},"sameAs":["https:\/\/www.facebook.com\/Cyberfero","https:\/\/x.com\/secureod","https:\/\/www.instagram.com\/cyber_fero\/","https:\/\/www.linkedin.com\/company\/cyberfero","http:\/\/www.pinterest.com\/cyberfero","https:\/\/www.youtube.com\/user\/secureod"],"address":{"@id":"https:\/\/www.cyberfero.com\/it\/cloud-products-and-services\/web-hosting\/web-agency\/#local-main-place-address"},"telephone":["+39 0522 1685330"],"openingHoursSpecification":[{"@type":"OpeningHoursSpecification","dayOfWeek":["Monday","Tuesday","Wednesday","Thursday","Friday"],"opens":"09:00","closes":"18:30"},{"@type":"OpeningHoursSpecification","dayOfWeek":["Saturday","Sunday"],"opens":"00:00","closes":"00:00"}],"email":"info@cyberfero.com","faxNumber":"+39 0522 015371","areaServed":"Italia","vatID":"03058120357","taxID":"03058120357","priceRange":"$$$","currenciesAccepted":"\u20ac","paymentAccepted":"paypal, bonifico bancario"},{"@type":"PostalAddress","@id":"https:\/\/www.cyberfero.com\/it\/cloud-products-and-services\/web-hosting\/web-agency\/#local-main-place-address","streetAddress":"Via Statuto, 3","addressLocality":"Reggio Emilia","postalCode":"42121","addressRegion":"Italia","addressCountry":"IT"},{"@type":"ImageObject","inLanguage":"it-IT","@id":"https:\/\/www.cyberfero.com\/it\/cloud-products-and-services\/web-hosting\/web-agency\/#local-main-organization-logo","url":"https:\/\/www.cyberfero.com\/wp-content\/uploads\/2024\/05\/Color-logo-no-background.png","contentUrl":"https:\/\/www.cyberfero.com\/wp-content\/uploads\/2024\/05\/Color-logo-no-background.png","width":3163,"height":922,"caption":"Cyberfero s.r.l."}]},"geo.placename":"Reggio Emilia","geo.region":"Italia"},"_links":{"self":[{"href":"https:\/\/www.cyberfero.com\/it\/wp-json\/wp\/v2\/pages\/3728","targetHints":{"allow":["GET"]}}],"collection":[{"href":"https:\/\/www.cyberfero.com\/it\/wp-json\/wp\/v2\/pages"}],"about":[{"href":"https:\/\/www.cyberfero.com\/it\/wp-json\/wp\/v2\/types\/page"}],"author":[{"embeddable":true,"href":"https:\/\/www.cyberfero.com\/it\/wp-json\/wp\/v2\/users\/4"}],"replies":[{"embeddable":true,"href":"https:\/\/www.cyberfero.com\/it\/wp-json\/wp\/v2\/comments?post=3728"}],"version-history":[{"count":4,"href":"https:\/\/www.cyberfero.com\/it\/wp-json\/wp\/v2\/pages\/3728\/revisions"}],"predecessor-version":[{"id":13876,"href":"https:\/\/www.cyberfero.com\/it\/wp-json\/wp\/v2\/pages\/3728\/revisions\/13876"}],"up":[{"embeddable":true,"href":"https:\/\/www.cyberfero.com\/it\/wp-json\/wp\/v2\/pages\/1167"}],"wp:attachment":[{"href":"https:\/\/www.cyberfero.com\/it\/wp-json\/wp\/v2\/media?parent=3728"}],"curies":[{"name":"wp","href":"https:\/\/api.w.org\/{rel}","templated":true}]}}