{"id":4435,"date":"2017-05-13T10:37:12","date_gmt":"2017-05-13T08:37:12","guid":{"rendered":"http:\/\/cyberfero.com\/cloud-products-and-services\/"},"modified":"2020-12-07T01:02:02","modified_gmt":"2020-12-07T00:02:02","slug":"cloud-products-and-services","status":"publish","type":"page","link":"https:\/\/www.cyberfero.com\/it\/cloud-products-and-services\/","title":{"rendered":"Prodotti e Servizi Cloud"},"content":{"rendered":"<p>&nbsp;<br \/><br class=\"blank\"><\/p>\n<p><img fetchpriority=\"high\" decoding=\"async\" class=\"size-medium wp-image-7398 alignleft\" src=\"https:\/\/www.cyberfero.com\/wp-content\/uploads\/2017\/05\/cloud-services-300x173.jpg\" alt=\"Cloud Products and Services\" width=\"300\" height=\"173\" srcset=\"https:\/\/www.cyberfero.com\/wp-content\/uploads\/2017\/05\/cloud-services-300x173.jpg 300w, https:\/\/www.cyberfero.com\/wp-content\/uploads\/2017\/05\/cloud-services.jpg 400w\" sizes=\"(max-width: 300px) 100vw, 300px\" \/><\/p>\n<p>&nbsp;<\/p>\n<p style=\"text-align: left;\">Scopri i nostri Cloud Products and Services<\/p>\n<h2>&nbsp;<\/h2>\n<h2><a href=\"https:\/\/www.cyberfero.com\/it\/cloud-products-and-services\/cloud-macchine-virtuali\/\">Cloud Server<\/a><\/h2>\n<div class=\"ca_menu_desc\">\n<p>VPS Windows e Linux pronti in pochi minuti.<\/p>\n<\/div>\n<ul>\n<li>\u25ca&nbsp;<a href=\"https:\/\/www.cyberfero.com\/virtual-datacenter\/\">SuperCloud<\/a><\/li>\n<li>\u25ca <a href=\"https:\/\/www.cyberfero.com\/it\/cloud-products-and-services\/cloud-macchine-virtuali\/servizi-gestiti\/\">Servizi Gestiti<\/a><\/li>\n<li>\u25ca <a href=\"https:\/\/cloud.cyberfero.com\/cart\/iaas-public-cloud---load-balancer\/\">Load Balancer<\/a><\/li>\n<li>\u25ca <a href=\"https:\/\/cloud.cyberfero.com\/cart\/iaas-public-cloud---load-balancer\/\">VM Autoscaling<\/a><\/li>\n<\/ul>\n<h2>&nbsp;<\/h2>\n<h2><a href=\"https:\/\/www.cyberfero.com\/cloud-products-and-services\/web-hosting\/\">Web hosting<\/a><\/h2>\n<div class=\"ca_menu\">\n<div class=\"ca_menu_desc\">\n<div class=\"ca_menu\">\n<div class=\"ca_menu_desc\">\n<p>Crea a sviluppa il tuo sito web. Installa e gestisci le applicazioni web, commerciali e gratuite. Forum, gallerie fotografiche, strumenti di collaborazione e molti altri da installare in pochi click.<\/p>\n<\/div>\n<\/div>\n<ul>\n<li>\u25ca <a href=\"https:\/\/cloud.cyberfero.com\/checkdomain\/web-domain-name&amp;languagechange=Italian\">Registrazione domini<\/a><\/li>\n<li>\u25ca <a href=\"https:\/\/cloud.cyberfero.com\/cart\/webhosting&amp;action=default&amp;languagechange=Italian\">Posta elettronica<\/a><\/li>\n<li>\u25ca <a href=\"https:\/\/cloud.cyberfero.com\/cart\/ssl-certificates\/\">SSL Certificates<\/a><\/li>\n<\/ul>\n<\/div>\n<\/div>\n<h2>&nbsp;<\/h2>\n<h2><a href=\"https:\/\/www.cyberfero.com\/it\/cloud-products-and-services\/web-conference-2\/\">Conferenza Cloud<\/a><\/h2>\n<div class=\"ca_menu\">\n<div class=\"ca_menu_desc\">\n<div class=\"ca_menu\">\n<div class=\"ca_menu_desc\">\n<p>\u201cCloud web conference\u201d \u00e8 un sistema di video conferenza in cloud che non richiede l\u2019utilizzo di nessun software, nessuna installazione \u00e8 richiesta perch\u00e9 \u00e8 tutto disponibile online.<\/p>\n<\/div>\n<\/div>\n<p>&nbsp;<\/p>\n<\/div>\n<\/div>\n<h2>&nbsp;<\/h2>\n<h2><a href=\"https:\/\/www.cyberfero.com\/it\/cloud-products-and-services\/cloud-crm-per-call-center\/\">Cloud CRM per Call Center<\/a><\/h2>\n<div class=\"ca_menu\">\n<div class=\"ca_menu_desc\">\n<p>Il CRM gi\u00e0 pronto in Cloud per il tuo Call Center. Disponibile per pc e dispositivi mobili.<\/p>\n<\/div>\n<\/div>\n<ul>\n<li>\u25ca <a href=\"https:\/\/cloud.cyberfero.com\/cart\/-lang-customline152-\/&amp;step=0&amp;action=default&amp;languagechange=Italian\">Traffico VoIP<\/a><\/li>\n<\/ul>\n<h2>&nbsp;<\/h2>\n<h2><a href=\"https:\/\/www.cyberfero.com\/it\/cloud-products-and-services\/consulenza\/\">Consulenza ICT e body rental<\/a><\/h2>\n<div class=\"ca_menu\">\n<div class=\"ca_menu_desc\">\n<div class=\"ca_menu\">\n<div class=\"ca_menu_desc\">\n<p>Sviluppa i tuoi progetti ICT subito senza acquisire nuove risorse, esternalizza le tue competenze IT con i servizi di ICT consulting e body rental!<\/p>\n<\/div>\n<\/div>\n<\/div>\n<\/div>\n<h2>&nbsp;<\/h2>\n<h2><a href=\"https:\/\/www.cyberfero.com\/cloud-products-and-services\/owncloud\/\">ownCloud<\/a><\/h2>\n<div class=\"ca_menu\">\n<div class=\"ca_menu_desc\">\n<div class=\"ca_menu\">\n<div class=\"ca_menu_desc\">\n<p>I tuoi dati personali sul Cloud Accedi ai tuoi file ovunque, da qualsiasi piattaforma, quando vuoi Condividi i tuoi file e collabora con il tuoi team.<\/p>\n<\/div>\n<\/div>\n<\/div>\n<\/div>\n<h2>&nbsp;<\/h2>\n<h2><a href=\"https:\/\/www.cyberfero.com\/cloud-products-and-services\/baas\/\">BaaS | Cloud Backup | Backup as a Service<\/a><\/h2>\n<p>Baas (Backup as a Service) \u00e8 un altro modello del Cloud utilizzato per avere una copia off-site del proprio backup seguendo la regola \u201c3-2-1\u201d.<\/p>\n<ul>\n<li>\u25ca <a href=\"https:\/\/www.cyberfero.com\/cloud-products-and-services\/baas\/veeam-cloud-connect\/\">BaaS | Veeam Cloud Connect<\/a><\/li>\n<li>\u25ca <a href=\"https:\/\/www.cyberfero.com\/cloud-products-and-services\/baas\/acronis-cloud-backup\/\">BaaS| Acronis Cloud Backup<\/a><\/li>\n<\/ul>\n<h2>&nbsp;<\/h2>\n<h2><a href=\"https:\/\/www.cyberfero.com\/it\/cloud-products-and-services\/log-management\/\">Log Management<\/a><\/h2>\n<p>Log Management &#8211; Il servizio ad alte prestazione per la conservazioni dei Log<\/p>\n<h2>&nbsp;<\/h2>\n<h2><a href=\"https:\/\/www.cyberfero.com\/it\/cloud-products-and-services\/monitoraggio-ict\/\" target=\"_blank\" rel=\"noopener noreferrer\">Servizio di monitoraggio ICT<\/a><\/h2>\n<p>Monitora la tua infrastruttura IT dalla tua console Cloud<\/p>\n<p>&nbsp;<\/p>\n<h2><a href=\"https:\/\/www.cyberfero.com\/it\/soc-as-a-service\/\" target=\"_blank\" rel=\"noopener noreferrer\">Next Generation SIEM<\/a><\/h2>\n<p>Un servizio completo per la sicurezza della tua azienda<\/p>\n<p>&nbsp;<\/p>\n<h2><a href=\"https:\/\/www.cyberfero.com\/it\/testa-la-tua-azienda-con-attacchi-di-phishing-etico\/\">Ethical Phishing<\/a><\/h2>\n<p>Verifica la preparazione dei tuoi dipendenti contro gli attacchi di phishing<\/p>\n<h2>&nbsp;<\/h2>\n<h2 style=\"text-align: center;\">Cloud Products and Services<\/h2>\n<p style=\"text-align: center;\">[btnsx id=&#8221;2929&#8243;]<\/p>\n","protected":false},"excerpt":{"rendered":"<p>&nbsp; &nbsp; Scopri i nostri Cloud Products and Services &nbsp; Cloud Server VPS Windows e Linux pronti in pochi minuti. \u25ca&nbsp;SuperCloud \u25ca Servizi Gestiti \u25ca Load Balancer \u25ca VM Autoscaling &nbsp; Web hosting Crea a sviluppa il tuo sito web. Installa e gestisci le applicazioni web, commerciali e gratuite. Forum, gallerie fotografiche, strumenti di collaborazione e molti altri da installare&#8230;<\/p>\n","protected":false},"author":4,"featured_media":0,"parent":0,"menu_order":0,"comment_status":"closed","ping_status":"closed","template":"","meta":{"_monsterinsights_skip_tracking":false,"_monsterinsights_sitenote_active":false,"_monsterinsights_sitenote_note":"","_monsterinsights_sitenote_category":0,"_uf_show_specific_survey":0,"_uf_disable_surveys":false,"footnotes":""},"class_list":["post-4435","page","type-page","status-publish","hentry"],"yoast_head":"<!-- This site is optimized with the Yoast SEO Premium plugin v24.2 (Yoast SEO v27.5) - https:\/\/yoast.com\/product\/yoast-seo-premium-wordpress\/ -->\n<title>Prodotti e Servizi Cloud | Public Cloud | Secure Online Desktop<\/title>\n<meta name=\"description\" content=\"Prodotti e Servizi Cloud: VPS Windows e Linux pronte in pochi minuti, SuperCloud, Servizi gestiti, Load Balancer, VM Autoscaling, Web Hosting\" \/>\n<meta name=\"robots\" content=\"index, follow, max-snippet:-1, max-image-preview:large, max-video-preview:-1\" \/>\n<link rel=\"canonical\" href=\"https:\/\/www.cyberfero.com\/it\/cloud-products-and-services\/\" \/>\n<meta property=\"og:locale\" content=\"it_IT\" \/>\n<meta property=\"og:type\" content=\"article\" \/>\n<meta property=\"og:title\" content=\"Prodotti e Servizi Cloud\" \/>\n<meta property=\"og:description\" content=\"Prodotti e Servizi Cloud: VPS Windows e Linux pronte in pochi minuti, SuperCloud, Servizi gestiti, Load Balancer, VM Autoscaling, Web Hosting\" \/>\n<meta property=\"og:url\" content=\"https:\/\/www.cyberfero.com\/it\/cloud-products-and-services\/\" \/>\n<meta property=\"og:site_name\" content=\"Cyberfero\" \/>\n<meta property=\"article:publisher\" content=\"https:\/\/www.facebook.com\/Cyberfero\" \/>\n<meta property=\"article:modified_time\" content=\"2020-12-07T00:02:02+00:00\" \/>\n<meta property=\"og:image\" content=\"https:\/\/www.cyberfero.com\/wp-content\/uploads\/2017\/05\/cloud-services-300x173.jpg\" \/>\n<meta name=\"twitter:card\" content=\"summary_large_image\" \/>\n<meta name=\"twitter:site\" content=\"@secureod\" \/>\n<meta name=\"twitter:label1\" content=\"Tempo di lettura stimato\" \/>\n\t<meta name=\"twitter:data1\" content=\"1 minuto\" \/>\n<script type=\"application\/ld+json\" class=\"yoast-schema-graph\">{\"@context\":\"https:\\\/\\\/schema.org\",\"@graph\":[{\"@type\":\"WebPage\",\"@id\":\"https:\\\/\\\/www.cyberfero.com\\\/it\\\/cloud-products-and-services\\\/\",\"url\":\"https:\\\/\\\/www.cyberfero.com\\\/it\\\/cloud-products-and-services\\\/\",\"name\":\"Prodotti e Servizi Cloud | Public Cloud | Secure Online Desktop\",\"isPartOf\":{\"@id\":\"https:\\\/\\\/www.cyberfero.com\\\/it\\\/#website\"},\"primaryImageOfPage\":{\"@id\":\"https:\\\/\\\/www.cyberfero.com\\\/it\\\/cloud-products-and-services\\\/#primaryimage\"},\"image\":{\"@id\":\"https:\\\/\\\/www.cyberfero.com\\\/it\\\/cloud-products-and-services\\\/#primaryimage\"},\"thumbnailUrl\":\"https:\\\/\\\/www.cyberfero.com\\\/wp-content\\\/uploads\\\/2017\\\/05\\\/cloud-services-300x173.jpg\",\"datePublished\":\"2017-05-13T08:37:12+00:00\",\"dateModified\":\"2020-12-07T00:02:02+00:00\",\"description\":\"Prodotti e Servizi Cloud: VPS Windows e Linux pronte in pochi minuti, SuperCloud, Servizi gestiti, Load Balancer, VM Autoscaling, Web Hosting\",\"breadcrumb\":{\"@id\":\"https:\\\/\\\/www.cyberfero.com\\\/it\\\/cloud-products-and-services\\\/#breadcrumb\"},\"inLanguage\":\"it-IT\",\"potentialAction\":[{\"@type\":\"ReadAction\",\"target\":[\"https:\\\/\\\/www.cyberfero.com\\\/it\\\/cloud-products-and-services\\\/\"]}]},{\"@type\":\"ImageObject\",\"inLanguage\":\"it-IT\",\"@id\":\"https:\\\/\\\/www.cyberfero.com\\\/it\\\/cloud-products-and-services\\\/#primaryimage\",\"url\":\"https:\\\/\\\/www.cyberfero.com\\\/wp-content\\\/uploads\\\/2017\\\/05\\\/cloud-services-300x173.jpg\",\"contentUrl\":\"https:\\\/\\\/www.cyberfero.com\\\/wp-content\\\/uploads\\\/2017\\\/05\\\/cloud-services-300x173.jpg\"},{\"@type\":\"BreadcrumbList\",\"@id\":\"https:\\\/\\\/www.cyberfero.com\\\/it\\\/cloud-products-and-services\\\/#breadcrumb\",\"itemListElement\":[{\"@type\":\"ListItem\",\"position\":1,\"name\":\"Home\",\"item\":\"https:\\\/\\\/www.cyberfero.com\\\/it\\\/\"},{\"@type\":\"ListItem\",\"position\":2,\"name\":\"Prodotti e Servizi Cloud\"}]},{\"@type\":\"WebSite\",\"@id\":\"https:\\\/\\\/www.cyberfero.com\\\/it\\\/#website\",\"url\":\"https:\\\/\\\/www.cyberfero.com\\\/it\\\/\",\"name\":\"Cyberfero\",\"description\":\"Managed Security Service Provider\",\"publisher\":{\"@id\":\"https:\\\/\\\/www.cyberfero.com\\\/it\\\/#organization\"},\"potentialAction\":[{\"@type\":\"SearchAction\",\"target\":{\"@type\":\"EntryPoint\",\"urlTemplate\":\"https:\\\/\\\/www.cyberfero.com\\\/it\\\/?s={search_term_string}\"},\"query-input\":{\"@type\":\"PropertyValueSpecification\",\"valueRequired\":true,\"valueName\":\"search_term_string\"}}],\"inLanguage\":\"it-IT\"},{\"@type\":[\"Organization\",\"Place\",\"ProfessionalService\"],\"@id\":\"https:\\\/\\\/www.cyberfero.com\\\/it\\\/#organization\",\"name\":\"Cyberfero s.r.l.\",\"url\":\"https:\\\/\\\/www.cyberfero.com\\\/it\\\/\",\"logo\":{\"@id\":\"https:\\\/\\\/www.cyberfero.com\\\/it\\\/cloud-products-and-services\\\/#local-main-organization-logo\"},\"image\":{\"@id\":\"https:\\\/\\\/www.cyberfero.com\\\/it\\\/cloud-products-and-services\\\/#local-main-organization-logo\"},\"sameAs\":[\"https:\\\/\\\/www.facebook.com\\\/Cyberfero\",\"https:\\\/\\\/x.com\\\/secureod\",\"https:\\\/\\\/www.instagram.com\\\/cyber_fero\\\/\",\"https:\\\/\\\/www.linkedin.com\\\/company\\\/cyberfero\",\"http:\\\/\\\/www.pinterest.com\\\/cyberfero\",\"https:\\\/\\\/www.youtube.com\\\/user\\\/secureod\"],\"address\":{\"@id\":\"https:\\\/\\\/www.cyberfero.com\\\/it\\\/cloud-products-and-services\\\/#local-main-place-address\"},\"telephone\":[\"+39 0522 1685330\"],\"openingHoursSpecification\":[{\"@type\":\"OpeningHoursSpecification\",\"dayOfWeek\":[\"Monday\",\"Tuesday\",\"Wednesday\",\"Thursday\",\"Friday\"],\"opens\":\"09:00\",\"closes\":\"18:30\"},{\"@type\":\"OpeningHoursSpecification\",\"dayOfWeek\":[\"Saturday\",\"Sunday\"],\"opens\":\"00:00\",\"closes\":\"00:00\"}],\"email\":\"info@cyberfero.com\",\"faxNumber\":\"+39 0522 015371\",\"areaServed\":\"Italia\",\"vatID\":\"03058120357\",\"taxID\":\"03058120357\",\"priceRange\":\"$$$\",\"currenciesAccepted\":\"\u20ac\",\"paymentAccepted\":\"paypal, bonifico bancario\"},{\"@type\":\"PostalAddress\",\"@id\":\"https:\\\/\\\/www.cyberfero.com\\\/it\\\/cloud-products-and-services\\\/#local-main-place-address\",\"streetAddress\":\"Via Statuto, 3\",\"addressLocality\":\"Reggio Emilia\",\"postalCode\":\"42121\",\"addressRegion\":\"Italia\",\"addressCountry\":\"IT\"},{\"@type\":\"ImageObject\",\"inLanguage\":\"it-IT\",\"@id\":\"https:\\\/\\\/www.cyberfero.com\\\/it\\\/cloud-products-and-services\\\/#local-main-organization-logo\",\"url\":\"https:\\\/\\\/www.cyberfero.com\\\/wp-content\\\/uploads\\\/2024\\\/05\\\/Color-logo-no-background.png\",\"contentUrl\":\"https:\\\/\\\/www.cyberfero.com\\\/wp-content\\\/uploads\\\/2024\\\/05\\\/Color-logo-no-background.png\",\"width\":3163,\"height\":922,\"caption\":\"Cyberfero s.r.l.\"}]}<\/script>\n<meta name=\"geo.placename\" content=\"Reggio Emilia\" \/>\n<meta name=\"geo.region\" content=\"Italia\" \/>\n<!-- \/ Yoast SEO Premium plugin. -->","yoast_head_json":{"title":"Prodotti e Servizi Cloud | Public Cloud | Secure Online Desktop","description":"Prodotti e Servizi Cloud: VPS Windows e Linux pronte in pochi minuti, SuperCloud, Servizi gestiti, Load Balancer, VM Autoscaling, Web Hosting","robots":{"index":"index","follow":"follow","max-snippet":"max-snippet:-1","max-image-preview":"max-image-preview:large","max-video-preview":"max-video-preview:-1"},"canonical":"https:\/\/www.cyberfero.com\/it\/cloud-products-and-services\/","og_locale":"it_IT","og_type":"article","og_title":"Prodotti e Servizi Cloud","og_description":"Prodotti e Servizi Cloud: VPS Windows e Linux pronte in pochi minuti, SuperCloud, Servizi gestiti, Load Balancer, VM Autoscaling, Web Hosting","og_url":"https:\/\/www.cyberfero.com\/it\/cloud-products-and-services\/","og_site_name":"Cyberfero","article_publisher":"https:\/\/www.facebook.com\/Cyberfero","article_modified_time":"2020-12-07T00:02:02+00:00","og_image":[{"url":"https:\/\/www.cyberfero.com\/wp-content\/uploads\/2017\/05\/cloud-services-300x173.jpg","type":"","width":"","height":""}],"twitter_card":"summary_large_image","twitter_site":"@secureod","twitter_misc":{"Tempo di lettura stimato":"1 minuto"},"schema":{"@context":"https:\/\/schema.org","@graph":[{"@type":"WebPage","@id":"https:\/\/www.cyberfero.com\/it\/cloud-products-and-services\/","url":"https:\/\/www.cyberfero.com\/it\/cloud-products-and-services\/","name":"Prodotti e Servizi Cloud | Public Cloud | Secure Online Desktop","isPartOf":{"@id":"https:\/\/www.cyberfero.com\/it\/#website"},"primaryImageOfPage":{"@id":"https:\/\/www.cyberfero.com\/it\/cloud-products-and-services\/#primaryimage"},"image":{"@id":"https:\/\/www.cyberfero.com\/it\/cloud-products-and-services\/#primaryimage"},"thumbnailUrl":"https:\/\/www.cyberfero.com\/wp-content\/uploads\/2017\/05\/cloud-services-300x173.jpg","datePublished":"2017-05-13T08:37:12+00:00","dateModified":"2020-12-07T00:02:02+00:00","description":"Prodotti e Servizi Cloud: VPS Windows e Linux pronte in pochi minuti, SuperCloud, Servizi gestiti, Load Balancer, VM Autoscaling, Web Hosting","breadcrumb":{"@id":"https:\/\/www.cyberfero.com\/it\/cloud-products-and-services\/#breadcrumb"},"inLanguage":"it-IT","potentialAction":[{"@type":"ReadAction","target":["https:\/\/www.cyberfero.com\/it\/cloud-products-and-services\/"]}]},{"@type":"ImageObject","inLanguage":"it-IT","@id":"https:\/\/www.cyberfero.com\/it\/cloud-products-and-services\/#primaryimage","url":"https:\/\/www.cyberfero.com\/wp-content\/uploads\/2017\/05\/cloud-services-300x173.jpg","contentUrl":"https:\/\/www.cyberfero.com\/wp-content\/uploads\/2017\/05\/cloud-services-300x173.jpg"},{"@type":"BreadcrumbList","@id":"https:\/\/www.cyberfero.com\/it\/cloud-products-and-services\/#breadcrumb","itemListElement":[{"@type":"ListItem","position":1,"name":"Home","item":"https:\/\/www.cyberfero.com\/it\/"},{"@type":"ListItem","position":2,"name":"Prodotti e Servizi Cloud"}]},{"@type":"WebSite","@id":"https:\/\/www.cyberfero.com\/it\/#website","url":"https:\/\/www.cyberfero.com\/it\/","name":"Cyberfero","description":"Managed Security Service Provider","publisher":{"@id":"https:\/\/www.cyberfero.com\/it\/#organization"},"potentialAction":[{"@type":"SearchAction","target":{"@type":"EntryPoint","urlTemplate":"https:\/\/www.cyberfero.com\/it\/?s={search_term_string}"},"query-input":{"@type":"PropertyValueSpecification","valueRequired":true,"valueName":"search_term_string"}}],"inLanguage":"it-IT"},{"@type":["Organization","Place","ProfessionalService"],"@id":"https:\/\/www.cyberfero.com\/it\/#organization","name":"Cyberfero s.r.l.","url":"https:\/\/www.cyberfero.com\/it\/","logo":{"@id":"https:\/\/www.cyberfero.com\/it\/cloud-products-and-services\/#local-main-organization-logo"},"image":{"@id":"https:\/\/www.cyberfero.com\/it\/cloud-products-and-services\/#local-main-organization-logo"},"sameAs":["https:\/\/www.facebook.com\/Cyberfero","https:\/\/x.com\/secureod","https:\/\/www.instagram.com\/cyber_fero\/","https:\/\/www.linkedin.com\/company\/cyberfero","http:\/\/www.pinterest.com\/cyberfero","https:\/\/www.youtube.com\/user\/secureod"],"address":{"@id":"https:\/\/www.cyberfero.com\/it\/cloud-products-and-services\/#local-main-place-address"},"telephone":["+39 0522 1685330"],"openingHoursSpecification":[{"@type":"OpeningHoursSpecification","dayOfWeek":["Monday","Tuesday","Wednesday","Thursday","Friday"],"opens":"09:00","closes":"18:30"},{"@type":"OpeningHoursSpecification","dayOfWeek":["Saturday","Sunday"],"opens":"00:00","closes":"00:00"}],"email":"info@cyberfero.com","faxNumber":"+39 0522 015371","areaServed":"Italia","vatID":"03058120357","taxID":"03058120357","priceRange":"$$$","currenciesAccepted":"\u20ac","paymentAccepted":"paypal, bonifico bancario"},{"@type":"PostalAddress","@id":"https:\/\/www.cyberfero.com\/it\/cloud-products-and-services\/#local-main-place-address","streetAddress":"Via Statuto, 3","addressLocality":"Reggio Emilia","postalCode":"42121","addressRegion":"Italia","addressCountry":"IT"},{"@type":"ImageObject","inLanguage":"it-IT","@id":"https:\/\/www.cyberfero.com\/it\/cloud-products-and-services\/#local-main-organization-logo","url":"https:\/\/www.cyberfero.com\/wp-content\/uploads\/2024\/05\/Color-logo-no-background.png","contentUrl":"https:\/\/www.cyberfero.com\/wp-content\/uploads\/2024\/05\/Color-logo-no-background.png","width":3163,"height":922,"caption":"Cyberfero s.r.l."}]},"geo.placename":"Reggio Emilia","geo.region":"Italia"},"_links":{"self":[{"href":"https:\/\/www.cyberfero.com\/it\/wp-json\/wp\/v2\/pages\/4435","targetHints":{"allow":["GET"]}}],"collection":[{"href":"https:\/\/www.cyberfero.com\/it\/wp-json\/wp\/v2\/pages"}],"about":[{"href":"https:\/\/www.cyberfero.com\/it\/wp-json\/wp\/v2\/types\/page"}],"author":[{"embeddable":true,"href":"https:\/\/www.cyberfero.com\/it\/wp-json\/wp\/v2\/users\/4"}],"replies":[{"embeddable":true,"href":"https:\/\/www.cyberfero.com\/it\/wp-json\/wp\/v2\/comments?post=4435"}],"version-history":[{"count":2,"href":"https:\/\/www.cyberfero.com\/it\/wp-json\/wp\/v2\/pages\/4435\/revisions"}],"predecessor-version":[{"id":10705,"href":"https:\/\/www.cyberfero.com\/it\/wp-json\/wp\/v2\/pages\/4435\/revisions\/10705"}],"wp:attachment":[{"href":"https:\/\/www.cyberfero.com\/it\/wp-json\/wp\/v2\/media?parent=4435"}],"curies":[{"name":"wp","href":"https:\/\/api.w.org\/{rel}","templated":true}]}}