{"id":5124,"date":"2017-08-02T18:38:53","date_gmt":"2017-08-02T16:38:53","guid":{"rendered":"https:\/\/www.cyberfero.com\/linux-demo-server-ssh-access\/"},"modified":"2022-03-09T10:20:10","modified_gmt":"2022-03-09T09:20:10","slug":"linux-demo-server-accesso-ssh","status":"publish","type":"page","link":"https:\/\/www.cyberfero.com\/it\/linux-demo-server-accesso-ssh\/","title":{"rendered":"Linux Demo Server | Accesso SSH"},"content":{"rendered":"<p>Indirizzo IP: 109.168.97.221<br \/>\nUsername: demo<br \/>\nPassword: D3m02014*Test<\/p>\n<p>Usage: Use any program for <a href=\"https:\/\/en.wikipedia.org\/wiki\/Secure_Shell\" target=\"_blank\" rel=\"noopener\">SSH<\/a> like <a href=\"http:\/\/www.putty.org\" target=\"_blank\" rel=\"noopener\">Putty<\/a> or directly ssh client for Linux and Mac<\/p>\n<p><em>Disclaimer:<\/em><\/p>\n<p><em>Avvertenze:<\/em><\/p>\n<p><em>I server seguenti sono solo per finalit\u00e0 di demo, gli account demo hanno permessi limitati e le regole firewall non consentono di eseguire tutte le operazioni.<strong>Questi account sono condivisi pertanto non copiare nessun dato personale o sensibile. I contenuti dei server virtuali vengono rimossi periodicamente.<\/strong><\/em><br \/>\n<em>Il Server demo Windows consente solo una connessione demo alla volta, se il server \u00e8 gi\u00e0 impegnato vi preghiamo di provare pi\u00f9 tardi.<\/em><\/p>\n","protected":false},"excerpt":{"rendered":"<p>Indirizzo IP: 109.168.97.221 Username: demo Password: D3m02014*Test Usage: Use any program for SSH like Putty or directly ssh client for Linux and Mac Disclaimer: Avvertenze: I server seguenti sono solo per finalit\u00e0 di demo, gli account demo hanno permessi limitati e le regole firewall non consentono di eseguire tutte le operazioni.Questi account sono condivisi pertanto non copiare nessun dato personale&#8230;<\/p>\n","protected":false},"author":4,"featured_media":699,"parent":0,"menu_order":0,"comment_status":"closed","ping_status":"closed","template":"","meta":{"_acf_changed":false,"_monsterinsights_skip_tracking":false,"_monsterinsights_sitenote_active":false,"_monsterinsights_sitenote_note":"","_monsterinsights_sitenote_category":0,"_uf_show_specific_survey":0,"_uf_disable_surveys":false,"footnotes":""},"class_list":["post-5124","page","type-page","status-publish","has-post-thumbnail","hentry"],"acf":[],"yoast_head":"<!-- This site is optimized with the Yoast SEO Premium plugin v24.2 (Yoast SEO v27.5) - https:\/\/yoast.com\/product\/yoast-seo-premium-wordpress\/ -->\n<title>Linux Demo Server | Accesso SSH<\/title>\n<meta name=\"robots\" content=\"noindex, follow\" \/>\n<meta property=\"og:locale\" content=\"it_IT\" \/>\n<meta property=\"og:type\" content=\"article\" \/>\n<meta property=\"og:title\" content=\"Linux Demo Server | Accesso SSH\" \/>\n<meta property=\"og:description\" content=\"Indirizzo IP: 109.168.97.221 Username: demo Password: D3m02014*Test Usage: Use any program for SSH like Putty or directly ssh client for Linux and Mac Disclaimer: Avvertenze: I server seguenti sono solo per finalit\u00e0 di demo, gli account demo hanno permessi limitati e le regole firewall non consentono di eseguire tutte le operazioni.Questi account sono condivisi pertanto non copiare nessun dato personale...\" \/>\n<meta property=\"og:url\" content=\"https:\/\/www.cyberfero.com\/it\/linux-demo-server-accesso-ssh\/\" \/>\n<meta property=\"og:site_name\" content=\"Cyberfero\" \/>\n<meta property=\"article:publisher\" content=\"https:\/\/www.facebook.com\/Cyberfero\" \/>\n<meta property=\"article:modified_time\" content=\"2022-03-09T09:20:10+00:00\" \/>\n<meta property=\"og:image\" content=\"https:\/\/www.cyberfero.com\/wp-content\/uploads\/2015\/01\/linux.jpg\" \/>\n\t<meta property=\"og:image:width\" content=\"625\" \/>\n\t<meta property=\"og:image:height\" content=\"266\" \/>\n\t<meta property=\"og:image:type\" content=\"image\/jpeg\" \/>\n<meta name=\"twitter:card\" content=\"summary_large_image\" \/>\n<meta name=\"twitter:site\" content=\"@secureod\" \/>\n<meta name=\"twitter:label1\" content=\"Tempo di lettura stimato\" \/>\n\t<meta name=\"twitter:data1\" content=\"1 minuto\" \/>\n<script type=\"application\/ld+json\" class=\"yoast-schema-graph\">{\"@context\":\"https:\\\/\\\/schema.org\",\"@graph\":[{\"@type\":\"WebPage\",\"@id\":\"https:\\\/\\\/www.cyberfero.com\\\/it\\\/linux-demo-server-accesso-ssh\\\/\",\"url\":\"https:\\\/\\\/www.cyberfero.com\\\/it\\\/linux-demo-server-accesso-ssh\\\/\",\"name\":\"Linux Demo Server | Accesso SSH\",\"isPartOf\":{\"@id\":\"https:\\\/\\\/www.cyberfero.com\\\/it\\\/#website\"},\"primaryImageOfPage\":{\"@id\":\"https:\\\/\\\/www.cyberfero.com\\\/it\\\/linux-demo-server-accesso-ssh\\\/#primaryimage\"},\"image\":{\"@id\":\"https:\\\/\\\/www.cyberfero.com\\\/it\\\/linux-demo-server-accesso-ssh\\\/#primaryimage\"},\"thumbnailUrl\":\"https:\\\/\\\/www.cyberfero.com\\\/wp-content\\\/uploads\\\/2015\\\/01\\\/linux.jpg\",\"datePublished\":\"2017-08-02T16:38:53+00:00\",\"dateModified\":\"2022-03-09T09:20:10+00:00\",\"breadcrumb\":{\"@id\":\"https:\\\/\\\/www.cyberfero.com\\\/it\\\/linux-demo-server-accesso-ssh\\\/#breadcrumb\"},\"inLanguage\":\"it-IT\",\"potentialAction\":[{\"@type\":\"ReadAction\",\"target\":[\"https:\\\/\\\/www.cyberfero.com\\\/it\\\/linux-demo-server-accesso-ssh\\\/\"]}]},{\"@type\":\"ImageObject\",\"inLanguage\":\"it-IT\",\"@id\":\"https:\\\/\\\/www.cyberfero.com\\\/it\\\/linux-demo-server-accesso-ssh\\\/#primaryimage\",\"url\":\"https:\\\/\\\/www.cyberfero.com\\\/wp-content\\\/uploads\\\/2015\\\/01\\\/linux.jpg\",\"contentUrl\":\"https:\\\/\\\/www.cyberfero.com\\\/wp-content\\\/uploads\\\/2015\\\/01\\\/linux.jpg\",\"width\":625,\"height\":266,\"caption\":\"demo server\"},{\"@type\":\"BreadcrumbList\",\"@id\":\"https:\\\/\\\/www.cyberfero.com\\\/it\\\/linux-demo-server-accesso-ssh\\\/#breadcrumb\",\"itemListElement\":[{\"@type\":\"ListItem\",\"position\":1,\"name\":\"Home\",\"item\":\"https:\\\/\\\/www.cyberfero.com\\\/it\\\/\"},{\"@type\":\"ListItem\",\"position\":2,\"name\":\"Linux Demo Server | Accesso SSH\"}]},{\"@type\":\"WebSite\",\"@id\":\"https:\\\/\\\/www.cyberfero.com\\\/it\\\/#website\",\"url\":\"https:\\\/\\\/www.cyberfero.com\\\/it\\\/\",\"name\":\"Cyberfero\",\"description\":\"Managed Security Service Provider\",\"publisher\":{\"@id\":\"https:\\\/\\\/www.cyberfero.com\\\/it\\\/#organization\"},\"potentialAction\":[{\"@type\":\"SearchAction\",\"target\":{\"@type\":\"EntryPoint\",\"urlTemplate\":\"https:\\\/\\\/www.cyberfero.com\\\/it\\\/?s={search_term_string}\"},\"query-input\":{\"@type\":\"PropertyValueSpecification\",\"valueRequired\":true,\"valueName\":\"search_term_string\"}}],\"inLanguage\":\"it-IT\"},{\"@type\":[\"Organization\",\"Place\",\"ProfessionalService\"],\"@id\":\"https:\\\/\\\/www.cyberfero.com\\\/it\\\/#organization\",\"name\":\"Cyberfero s.r.l.\",\"url\":\"https:\\\/\\\/www.cyberfero.com\\\/it\\\/\",\"logo\":{\"@id\":\"https:\\\/\\\/www.cyberfero.com\\\/it\\\/linux-demo-server-accesso-ssh\\\/#local-main-organization-logo\"},\"image\":{\"@id\":\"https:\\\/\\\/www.cyberfero.com\\\/it\\\/linux-demo-server-accesso-ssh\\\/#local-main-organization-logo\"},\"sameAs\":[\"https:\\\/\\\/www.facebook.com\\\/Cyberfero\",\"https:\\\/\\\/x.com\\\/secureod\",\"https:\\\/\\\/www.instagram.com\\\/cyber_fero\\\/\",\"https:\\\/\\\/www.linkedin.com\\\/company\\\/cyberfero\",\"http:\\\/\\\/www.pinterest.com\\\/cyberfero\",\"https:\\\/\\\/www.youtube.com\\\/user\\\/secureod\"],\"address\":{\"@id\":\"https:\\\/\\\/www.cyberfero.com\\\/it\\\/linux-demo-server-accesso-ssh\\\/#local-main-place-address\"},\"telephone\":[\"+39 0522 1685330\"],\"openingHoursSpecification\":[{\"@type\":\"OpeningHoursSpecification\",\"dayOfWeek\":[\"Monday\",\"Tuesday\",\"Wednesday\",\"Thursday\",\"Friday\"],\"opens\":\"09:00\",\"closes\":\"18:30\"},{\"@type\":\"OpeningHoursSpecification\",\"dayOfWeek\":[\"Saturday\",\"Sunday\"],\"opens\":\"00:00\",\"closes\":\"00:00\"}],\"email\":\"info@cyberfero.com\",\"faxNumber\":\"+39 0522 015371\",\"areaServed\":\"Italia\",\"vatID\":\"03058120357\",\"taxID\":\"03058120357\",\"priceRange\":\"$$$\",\"currenciesAccepted\":\"\u20ac\",\"paymentAccepted\":\"paypal, bonifico bancario\"},{\"@type\":\"PostalAddress\",\"@id\":\"https:\\\/\\\/www.cyberfero.com\\\/it\\\/linux-demo-server-accesso-ssh\\\/#local-main-place-address\",\"streetAddress\":\"Via Statuto, 3\",\"addressLocality\":\"Reggio Emilia\",\"postalCode\":\"42121\",\"addressRegion\":\"Italia\",\"addressCountry\":\"IT\"},{\"@type\":\"ImageObject\",\"inLanguage\":\"it-IT\",\"@id\":\"https:\\\/\\\/www.cyberfero.com\\\/it\\\/linux-demo-server-accesso-ssh\\\/#local-main-organization-logo\",\"url\":\"https:\\\/\\\/www.cyberfero.com\\\/wp-content\\\/uploads\\\/2024\\\/05\\\/Color-logo-no-background.png\",\"contentUrl\":\"https:\\\/\\\/www.cyberfero.com\\\/wp-content\\\/uploads\\\/2024\\\/05\\\/Color-logo-no-background.png\",\"width\":3163,\"height\":922,\"caption\":\"Cyberfero s.r.l.\"}]}<\/script>\n<meta name=\"geo.placename\" content=\"Reggio Emilia\" \/>\n<meta name=\"geo.region\" content=\"Italia\" \/>\n<!-- \/ Yoast SEO Premium plugin. -->","yoast_head_json":{"title":"Linux Demo Server | Accesso SSH","robots":{"index":"noindex","follow":"follow"},"og_locale":"it_IT","og_type":"article","og_title":"Linux Demo Server | Accesso SSH","og_description":"Indirizzo IP: 109.168.97.221 Username: demo Password: D3m02014*Test Usage: Use any program for SSH like Putty or directly ssh client for Linux and Mac Disclaimer: Avvertenze: I server seguenti sono solo per finalit\u00e0 di demo, gli account demo hanno permessi limitati e le regole firewall non consentono di eseguire tutte le operazioni.Questi account sono condivisi pertanto non copiare nessun dato personale...","og_url":"https:\/\/www.cyberfero.com\/it\/linux-demo-server-accesso-ssh\/","og_site_name":"Cyberfero","article_publisher":"https:\/\/www.facebook.com\/Cyberfero","article_modified_time":"2022-03-09T09:20:10+00:00","og_image":[{"width":625,"height":266,"url":"https:\/\/www.cyberfero.com\/wp-content\/uploads\/2015\/01\/linux.jpg","type":"image\/jpeg"}],"twitter_card":"summary_large_image","twitter_site":"@secureod","twitter_misc":{"Tempo di lettura stimato":"1 minuto"},"schema":{"@context":"https:\/\/schema.org","@graph":[{"@type":"WebPage","@id":"https:\/\/www.cyberfero.com\/it\/linux-demo-server-accesso-ssh\/","url":"https:\/\/www.cyberfero.com\/it\/linux-demo-server-accesso-ssh\/","name":"Linux Demo Server | Accesso SSH","isPartOf":{"@id":"https:\/\/www.cyberfero.com\/it\/#website"},"primaryImageOfPage":{"@id":"https:\/\/www.cyberfero.com\/it\/linux-demo-server-accesso-ssh\/#primaryimage"},"image":{"@id":"https:\/\/www.cyberfero.com\/it\/linux-demo-server-accesso-ssh\/#primaryimage"},"thumbnailUrl":"https:\/\/www.cyberfero.com\/wp-content\/uploads\/2015\/01\/linux.jpg","datePublished":"2017-08-02T16:38:53+00:00","dateModified":"2022-03-09T09:20:10+00:00","breadcrumb":{"@id":"https:\/\/www.cyberfero.com\/it\/linux-demo-server-accesso-ssh\/#breadcrumb"},"inLanguage":"it-IT","potentialAction":[{"@type":"ReadAction","target":["https:\/\/www.cyberfero.com\/it\/linux-demo-server-accesso-ssh\/"]}]},{"@type":"ImageObject","inLanguage":"it-IT","@id":"https:\/\/www.cyberfero.com\/it\/linux-demo-server-accesso-ssh\/#primaryimage","url":"https:\/\/www.cyberfero.com\/wp-content\/uploads\/2015\/01\/linux.jpg","contentUrl":"https:\/\/www.cyberfero.com\/wp-content\/uploads\/2015\/01\/linux.jpg","width":625,"height":266,"caption":"demo server"},{"@type":"BreadcrumbList","@id":"https:\/\/www.cyberfero.com\/it\/linux-demo-server-accesso-ssh\/#breadcrumb","itemListElement":[{"@type":"ListItem","position":1,"name":"Home","item":"https:\/\/www.cyberfero.com\/it\/"},{"@type":"ListItem","position":2,"name":"Linux Demo Server | Accesso SSH"}]},{"@type":"WebSite","@id":"https:\/\/www.cyberfero.com\/it\/#website","url":"https:\/\/www.cyberfero.com\/it\/","name":"Cyberfero","description":"Managed Security Service Provider","publisher":{"@id":"https:\/\/www.cyberfero.com\/it\/#organization"},"potentialAction":[{"@type":"SearchAction","target":{"@type":"EntryPoint","urlTemplate":"https:\/\/www.cyberfero.com\/it\/?s={search_term_string}"},"query-input":{"@type":"PropertyValueSpecification","valueRequired":true,"valueName":"search_term_string"}}],"inLanguage":"it-IT"},{"@type":["Organization","Place","ProfessionalService"],"@id":"https:\/\/www.cyberfero.com\/it\/#organization","name":"Cyberfero s.r.l.","url":"https:\/\/www.cyberfero.com\/it\/","logo":{"@id":"https:\/\/www.cyberfero.com\/it\/linux-demo-server-accesso-ssh\/#local-main-organization-logo"},"image":{"@id":"https:\/\/www.cyberfero.com\/it\/linux-demo-server-accesso-ssh\/#local-main-organization-logo"},"sameAs":["https:\/\/www.facebook.com\/Cyberfero","https:\/\/x.com\/secureod","https:\/\/www.instagram.com\/cyber_fero\/","https:\/\/www.linkedin.com\/company\/cyberfero","http:\/\/www.pinterest.com\/cyberfero","https:\/\/www.youtube.com\/user\/secureod"],"address":{"@id":"https:\/\/www.cyberfero.com\/it\/linux-demo-server-accesso-ssh\/#local-main-place-address"},"telephone":["+39 0522 1685330"],"openingHoursSpecification":[{"@type":"OpeningHoursSpecification","dayOfWeek":["Monday","Tuesday","Wednesday","Thursday","Friday"],"opens":"09:00","closes":"18:30"},{"@type":"OpeningHoursSpecification","dayOfWeek":["Saturday","Sunday"],"opens":"00:00","closes":"00:00"}],"email":"info@cyberfero.com","faxNumber":"+39 0522 015371","areaServed":"Italia","vatID":"03058120357","taxID":"03058120357","priceRange":"$$$","currenciesAccepted":"\u20ac","paymentAccepted":"paypal, bonifico bancario"},{"@type":"PostalAddress","@id":"https:\/\/www.cyberfero.com\/it\/linux-demo-server-accesso-ssh\/#local-main-place-address","streetAddress":"Via Statuto, 3","addressLocality":"Reggio Emilia","postalCode":"42121","addressRegion":"Italia","addressCountry":"IT"},{"@type":"ImageObject","inLanguage":"it-IT","@id":"https:\/\/www.cyberfero.com\/it\/linux-demo-server-accesso-ssh\/#local-main-organization-logo","url":"https:\/\/www.cyberfero.com\/wp-content\/uploads\/2024\/05\/Color-logo-no-background.png","contentUrl":"https:\/\/www.cyberfero.com\/wp-content\/uploads\/2024\/05\/Color-logo-no-background.png","width":3163,"height":922,"caption":"Cyberfero s.r.l."}]},"geo.placename":"Reggio Emilia","geo.region":"Italia"},"_links":{"self":[{"href":"https:\/\/www.cyberfero.com\/it\/wp-json\/wp\/v2\/pages\/5124","targetHints":{"allow":["GET"]}}],"collection":[{"href":"https:\/\/www.cyberfero.com\/it\/wp-json\/wp\/v2\/pages"}],"about":[{"href":"https:\/\/www.cyberfero.com\/it\/wp-json\/wp\/v2\/types\/page"}],"author":[{"embeddable":true,"href":"https:\/\/www.cyberfero.com\/it\/wp-json\/wp\/v2\/users\/4"}],"replies":[{"embeddable":true,"href":"https:\/\/www.cyberfero.com\/it\/wp-json\/wp\/v2\/comments?post=5124"}],"version-history":[{"count":1,"href":"https:\/\/www.cyberfero.com\/it\/wp-json\/wp\/v2\/pages\/5124\/revisions"}],"predecessor-version":[{"id":15113,"href":"https:\/\/www.cyberfero.com\/it\/wp-json\/wp\/v2\/pages\/5124\/revisions\/15113"}],"wp:featuredmedia":[{"embeddable":true,"href":"https:\/\/www.cyberfero.com\/it\/wp-json\/wp\/v2\/media\/699"}],"wp:attachment":[{"href":"https:\/\/www.cyberfero.com\/it\/wp-json\/wp\/v2\/media?parent=5124"}],"curies":[{"name":"wp","href":"https:\/\/api.w.org\/{rel}","templated":true}]}}