{"id":5311,"date":"2017-08-08T11:32:57","date_gmt":"2017-08-08T09:32:57","guid":{"rendered":"https:\/\/www.cyberfero.com\/?page_id=5311\/"},"modified":"2020-06-30T12:07:17","modified_gmt":"2020-06-30T10:07:17","slug":"garante-privacy","status":"publish","type":"page","link":"https:\/\/www.cyberfero.com\/it\/cloud-products-and-services\/log-management\/garante-privacy\/","title":{"rendered":"Garante privacy"},"content":{"rendered":"<p>Garante privacy Log Management &#8211; Il servizio ad alte prestazione per la conservazioni dei Log<\/p>\n<ul>\n<li>Utilizza tutti i punti di forza del syslog-ng Premium Edition<\/li>\n<li>Ricerca i log, rendi sicuri i dati sensibili con policy di accesso granulari e genera report<\/li>\n<li>Inoltra i log verso strumenti di terze parti<\/li>\n<\/ul>\n<p>&nbsp;<\/p>\n<p>https:\/\/cloud.cyberfero.com\/cart\/log-management\/<\/p>\n<p>Configuralo ora<\/p>\n<p>La disposizione del Garante per la Privacy del 27 Novembre 2008<\/p>\n<p>Il Garante per la protezione dei dati personali ha stabilito che dal 28 Febbraio 2009 (prorogato al 15 Dicembre 2009) tutte le aziende &#8211; private e pubbliche &#8211; devono registrare e conservare i dati relativi agli accessi degli Amministratori di Sistema sui sistemi da loro gestiti, al fine di agevolare la &#8220;verifica sulla loro attivit\u00e0 da parte di chi ha la titolarit\u00e0 delle banche dati e dei sistemi informatici&#8221; (Gazzetta Ufficiale n. 300, 24 Dicembre 2008).<\/p>\n<blockquote class=\"wp-embedded-content\" data-secret=\"ebluDlnVrU\"><p><a href=\"https:\/\/www.cyberfero.com\/it\/partner\/\">Partner<\/a><\/p><\/blockquote>\n<p><iframe class=\"wp-embedded-content\" sandbox=\"allow-scripts\" security=\"restricted\" style=\"position: absolute; clip: rect(1px, 1px, 1px, 1px);\" title=\"&#8220;Partner&#8221; &#8212; Cyberfero\" src=\"https:\/\/www.cyberfero.com\/it\/partner\/embed\/#?secret=Dhq7LhMUJJ#?secret=ebluDlnVrU\" data-secret=\"ebluDlnVrU\" width=\"500\" height=\"282\" frameborder=\"0\" marginwidth=\"0\" marginheight=\"0\" scrolling=\"no\"><\/iframe><\/p>\n<p>Diventa un rivenditore<\/p>\n<h2>Cosa significa in pratica?<\/h2>\n<p>Ogni azienda, dopo aver individuato i sistemi (dispositivi di rete, database, apparati di sicurezza e sistemi software complessi) che contengono i dati pi\u00f9 critici ed averne nominato gli amministratori, dovr\u00e0 dotarsi di un sistema di <a href=\"https:\/\/www.cyberfero.com\/it\/log-management\/\">Log Management<\/a> in grado di tracciare gli accessi degli operatori ai dispositivi ed alle applicazioni che gestiscono. Questo sistema dovr\u00e0 conservare i dati in maniera sicura per un periodo minimo di sei mesi e dovr\u00e0 essere consultabile dall&#8217;azienda e dalle autorit\u00e0.<\/p>\n<p>Il servizio di Log Management supporta in tutto il processo tecnico e organizzativo piccole, medie e grandi aziende nell&#8217;adempiere alla disposizione del Garante per la Protezione dei Dati Personali.<\/p>\n<p>&nbsp;<\/p>\n<h2>Garante privacy: Come mettersi in regola<\/h2>\n<p>Grazie al servizio di <a href=\"https:\/\/www.cyberfero.com\/it\/log-management\/\">Log Management<\/a> qualsiasi azienda pu\u00f2 scegliere la soluzione tecnologica pi\u00f9 adatta per adeguarsi in tutta sicurezza alle disposizioni del Garante della Privacy. <b>Ma non solo<\/b>.<\/p>\n<p>Lo staff della Secure Online Desktop pu\u00f2 supportarvi in tutte le attivit\u00e0 tecnico\/organizzative necessarie per mettere in regola la vostra azienda con le disposizioni del Garante. Qui di seguito un elenco delle principali attivit\u00e0 che possiamo offrirvi:<\/p>\n<p>&#8211; Individuazione dei sistemi da monitorare<\/p>\n<p>&#8211; Individuazione univoca degli amministratori di sistema e creazione di utenze collegate alla persona fisica<\/p>\n<p>&#8211; Analisi e dimensionamento dei server e degli apparati di rete da monitorare<\/p>\n<p>&#8211; Consulenza legale e tecnico-organizzativa sul Provvedimento<\/p>\n<p>&#8211; Eventuale implementazione di un sistema di Strong Authentication che garantisce all&#8217;azienda e all&#8217;amministratore una maggiore sicurezza poich\u00e8 viene garantito che le credenziali utilizzate per accedere ad un sistema corrispondono effettivamente alla persona fisica<\/p>\n<p>Scarica l&#8217;admin guide del Log Management<\/p>\n<p><a href=\"http:\/\/www.garanteprivacy.it\/garante\/doc.jsp?ID=1577499\">Il provvedimento del garante<\/a><\/p>\n<p><img fetchpriority=\"high\" decoding=\"async\" class=\"alignnone size-medium\" src=\"https:\/\/www.cyberfero.com\/wp-content\/uploads\/2017\/08\/garante-privacy.jpg\" width=\"530\" height=\"530\"><\/p>\n<p><a href=\"http:\/\/www.garanteprivacy.it\/garante\/doc.jsp?ID=1577499#indice\">FAQ del Garante della Privacy &#8211; 21 Aprile 2009<\/a><\/p>\n<p><a href=\"https:\/\/www.cyberfero.com\/wp-content\/uploads\/2017\/08\/garante-privacy.jpg\"><img decoding=\"async\" class=\"alignnone size-medium wp-image-5320\" src=\"https:\/\/www.cyberfero.com\/wp-content\/uploads\/2017\/08\/garante-privacy-300x98.jpg\" alt=\"garante privacy\" width=\"300\" height=\"98\" srcset=\"https:\/\/www.cyberfero.com\/wp-content\/uploads\/2017\/08\/garante-privacy-300x98.jpg 300w, https:\/\/www.cyberfero.com\/wp-content\/uploads\/2017\/08\/garante-privacy.jpg 556w\" sizes=\"(max-width: 300px) 100vw, 300px\" \/><\/a><\/p>\n","protected":false},"excerpt":{"rendered":"<p>Garante privacy Log Management &#8211; Il servizio ad alte prestazione per la conservazioni dei Log Utilizza tutti i punti di forza del syslog-ng Premium Edition Ricerca i log, rendi sicuri i dati sensibili con policy di accesso granulari e genera report Inoltra i log verso strumenti di terze parti &nbsp; https:\/\/cloud.cyberfero.com\/cart\/log-management\/ Configuralo ora La disposizione del Garante per la Privacy&#8230;<\/p>\n","protected":false},"author":4,"featured_media":0,"parent":5204,"menu_order":0,"comment_status":"closed","ping_status":"closed","template":"partner-template.php","meta":{"_acf_changed":false,"_monsterinsights_skip_tracking":false,"_monsterinsights_sitenote_active":false,"_monsterinsights_sitenote_note":"","_monsterinsights_sitenote_category":0,"_uf_show_specific_survey":0,"_uf_disable_surveys":false,"footnotes":""},"class_list":["post-5311","page","type-page","status-publish","hentry"],"acf":[],"yoast_head":"<!-- This site is optimized with the Yoast SEO Premium plugin v24.2 (Yoast SEO v27.3) - https:\/\/yoast.com\/product\/yoast-seo-premium-wordpress\/ -->\n<title>Garante Privacy - Log Management - Secure Online Desktop<\/title>\n<meta name=\"description\" content=\"Garante privacy: Il Garante per la protezione dei dati personali ha stabilito che dal 28 Febbraio 2009 tutte le aziende - private e pubbliche - devono ...\" \/>\n<meta name=\"robots\" content=\"index, follow, max-snippet:-1, max-image-preview:large, max-video-preview:-1\" \/>\n<link rel=\"canonical\" href=\"https:\/\/www.cyberfero.com\/it\/cloud-products-and-services\/log-management\/garante-privacy\/\" \/>\n<meta property=\"og:locale\" content=\"it_IT\" \/>\n<meta property=\"og:type\" content=\"article\" \/>\n<meta property=\"og:title\" content=\"Garante privacy\" \/>\n<meta property=\"og:description\" content=\"Garante privacy: Il Garante per la protezione dei dati personali ha stabilito che dal 28 Febbraio 2009 tutte le aziende - private e pubbliche - devono ...\" \/>\n<meta property=\"og:url\" content=\"https:\/\/www.cyberfero.com\/it\/cloud-products-and-services\/log-management\/garante-privacy\/\" \/>\n<meta property=\"og:site_name\" content=\"Cyberfero\" \/>\n<meta property=\"article:publisher\" content=\"https:\/\/www.facebook.com\/Cyberfero\" \/>\n<meta property=\"article:modified_time\" content=\"2020-06-30T10:07:17+00:00\" \/>\n<meta property=\"og:image\" content=\"https:\/\/www.cyberfero.com\/wp-content\/uploads\/2017\/08\/garante-privacy.jpg\" \/>\n<meta name=\"twitter:card\" content=\"summary_large_image\" \/>\n<meta name=\"twitter:site\" content=\"@secureod\" \/>\n<meta name=\"twitter:label1\" content=\"Tempo di lettura stimato\" \/>\n\t<meta name=\"twitter:data1\" content=\"2 minuti\" \/>\n<script type=\"application\/ld+json\" class=\"yoast-schema-graph\">{\"@context\":\"https:\\\/\\\/schema.org\",\"@graph\":[{\"@type\":\"WebPage\",\"@id\":\"https:\\\/\\\/www.cyberfero.com\\\/it\\\/cloud-products-and-services\\\/log-management\\\/garante-privacy\\\/\",\"url\":\"https:\\\/\\\/www.cyberfero.com\\\/it\\\/cloud-products-and-services\\\/log-management\\\/garante-privacy\\\/\",\"name\":\"Garante Privacy - Log Management - Secure Online Desktop\",\"isPartOf\":{\"@id\":\"https:\\\/\\\/www.cyberfero.com\\\/it\\\/#website\"},\"primaryImageOfPage\":{\"@id\":\"https:\\\/\\\/www.cyberfero.com\\\/it\\\/cloud-products-and-services\\\/log-management\\\/garante-privacy\\\/#primaryimage\"},\"image\":{\"@id\":\"https:\\\/\\\/www.cyberfero.com\\\/it\\\/cloud-products-and-services\\\/log-management\\\/garante-privacy\\\/#primaryimage\"},\"thumbnailUrl\":\"https:\\\/\\\/www.cyberfero.com\\\/wp-content\\\/uploads\\\/2017\\\/08\\\/garante-privacy.jpg\",\"datePublished\":\"2017-08-08T09:32:57+00:00\",\"dateModified\":\"2020-06-30T10:07:17+00:00\",\"description\":\"Garante privacy: Il Garante per la protezione dei dati personali ha stabilito che dal 28 Febbraio 2009 tutte le aziende - private e pubbliche - devono ...\",\"breadcrumb\":{\"@id\":\"https:\\\/\\\/www.cyberfero.com\\\/it\\\/cloud-products-and-services\\\/log-management\\\/garante-privacy\\\/#breadcrumb\"},\"inLanguage\":\"it-IT\",\"potentialAction\":[{\"@type\":\"ReadAction\",\"target\":[\"https:\\\/\\\/www.cyberfero.com\\\/it\\\/cloud-products-and-services\\\/log-management\\\/garante-privacy\\\/\"]}]},{\"@type\":\"ImageObject\",\"inLanguage\":\"it-IT\",\"@id\":\"https:\\\/\\\/www.cyberfero.com\\\/it\\\/cloud-products-and-services\\\/log-management\\\/garante-privacy\\\/#primaryimage\",\"url\":\"https:\\\/\\\/www.cyberfero.com\\\/wp-content\\\/uploads\\\/2017\\\/08\\\/garante-privacy.jpg\",\"contentUrl\":\"https:\\\/\\\/www.cyberfero.com\\\/wp-content\\\/uploads\\\/2017\\\/08\\\/garante-privacy.jpg\"},{\"@type\":\"BreadcrumbList\",\"@id\":\"https:\\\/\\\/www.cyberfero.com\\\/it\\\/cloud-products-and-services\\\/log-management\\\/garante-privacy\\\/#breadcrumb\",\"itemListElement\":[{\"@type\":\"ListItem\",\"position\":1,\"name\":\"Home\",\"item\":\"https:\\\/\\\/www.cyberfero.com\\\/it\\\/\"},{\"@type\":\"ListItem\",\"position\":2,\"name\":\"Prodotti e Servizi Cloud\",\"item\":\"https:\\\/\\\/www.cyberfero.com\\\/it\\\/cloud-products-and-services\\\/\"},{\"@type\":\"ListItem\",\"position\":3,\"name\":\"Log Management\",\"item\":\"https:\\\/\\\/www.cyberfero.com\\\/it\\\/cloud-products-and-services\\\/log-management\\\/\"},{\"@type\":\"ListItem\",\"position\":4,\"name\":\"Garante privacy\"}]},{\"@type\":\"WebSite\",\"@id\":\"https:\\\/\\\/www.cyberfero.com\\\/it\\\/#website\",\"url\":\"https:\\\/\\\/www.cyberfero.com\\\/it\\\/\",\"name\":\"Cyberfero\",\"description\":\"Managed Security Service Provider\",\"publisher\":{\"@id\":\"https:\\\/\\\/www.cyberfero.com\\\/it\\\/#organization\"},\"potentialAction\":[{\"@type\":\"SearchAction\",\"target\":{\"@type\":\"EntryPoint\",\"urlTemplate\":\"https:\\\/\\\/www.cyberfero.com\\\/it\\\/?s={search_term_string}\"},\"query-input\":{\"@type\":\"PropertyValueSpecification\",\"valueRequired\":true,\"valueName\":\"search_term_string\"}}],\"inLanguage\":\"it-IT\"},{\"@type\":[\"Organization\",\"Place\",\"ProfessionalService\"],\"@id\":\"https:\\\/\\\/www.cyberfero.com\\\/it\\\/#organization\",\"name\":\"Cyberfero s.r.l.\",\"url\":\"https:\\\/\\\/www.cyberfero.com\\\/it\\\/\",\"logo\":{\"@id\":\"https:\\\/\\\/www.cyberfero.com\\\/it\\\/cloud-products-and-services\\\/log-management\\\/garante-privacy\\\/#local-main-organization-logo\"},\"image\":{\"@id\":\"https:\\\/\\\/www.cyberfero.com\\\/it\\\/cloud-products-and-services\\\/log-management\\\/garante-privacy\\\/#local-main-organization-logo\"},\"sameAs\":[\"https:\\\/\\\/www.facebook.com\\\/Cyberfero\",\"https:\\\/\\\/x.com\\\/secureod\",\"https:\\\/\\\/www.instagram.com\\\/cyber_fero\\\/\",\"https:\\\/\\\/www.linkedin.com\\\/company\\\/cyberfero\",\"http:\\\/\\\/www.pinterest.com\\\/cyberfero\",\"https:\\\/\\\/www.youtube.com\\\/user\\\/secureod\"],\"address\":{\"@id\":\"https:\\\/\\\/www.cyberfero.com\\\/it\\\/cloud-products-and-services\\\/log-management\\\/garante-privacy\\\/#local-main-place-address\"},\"telephone\":[\"+39 0522 1685330\"],\"openingHoursSpecification\":[{\"@type\":\"OpeningHoursSpecification\",\"dayOfWeek\":[\"Monday\",\"Tuesday\",\"Wednesday\",\"Thursday\",\"Friday\"],\"opens\":\"09:00\",\"closes\":\"18:30\"},{\"@type\":\"OpeningHoursSpecification\",\"dayOfWeek\":[\"Saturday\",\"Sunday\"],\"opens\":\"00:00\",\"closes\":\"00:00\"}],\"email\":\"info@cyberfero.com\",\"faxNumber\":\"+39 0522 015371\",\"areaServed\":\"Italia\",\"vatID\":\"03058120357\",\"taxID\":\"03058120357\",\"priceRange\":\"$$$\",\"currenciesAccepted\":\"\u20ac\",\"paymentAccepted\":\"paypal, bonifico bancario\"},{\"@type\":\"PostalAddress\",\"@id\":\"https:\\\/\\\/www.cyberfero.com\\\/it\\\/cloud-products-and-services\\\/log-management\\\/garante-privacy\\\/#local-main-place-address\",\"streetAddress\":\"Via Statuto, 3\",\"addressLocality\":\"Reggio Emilia\",\"postalCode\":\"42121\",\"addressRegion\":\"Italia\",\"addressCountry\":\"IT\"},{\"@type\":\"ImageObject\",\"inLanguage\":\"it-IT\",\"@id\":\"https:\\\/\\\/www.cyberfero.com\\\/it\\\/cloud-products-and-services\\\/log-management\\\/garante-privacy\\\/#local-main-organization-logo\",\"url\":\"https:\\\/\\\/www.cyberfero.com\\\/wp-content\\\/uploads\\\/2024\\\/05\\\/Color-logo-no-background.png\",\"contentUrl\":\"https:\\\/\\\/www.cyberfero.com\\\/wp-content\\\/uploads\\\/2024\\\/05\\\/Color-logo-no-background.png\",\"width\":3163,\"height\":922,\"caption\":\"Cyberfero s.r.l.\"}]}<\/script>\n<meta name=\"geo.placename\" content=\"Reggio Emilia\" \/>\n<meta name=\"geo.region\" content=\"Italia\" \/>\n<!-- \/ Yoast SEO Premium plugin. -->","yoast_head_json":{"title":"Garante Privacy - Log Management - Secure Online Desktop","description":"Garante privacy: Il Garante per la protezione dei dati personali ha stabilito che dal 28 Febbraio 2009 tutte le aziende - private e pubbliche - devono ...","robots":{"index":"index","follow":"follow","max-snippet":"max-snippet:-1","max-image-preview":"max-image-preview:large","max-video-preview":"max-video-preview:-1"},"canonical":"https:\/\/www.cyberfero.com\/it\/cloud-products-and-services\/log-management\/garante-privacy\/","og_locale":"it_IT","og_type":"article","og_title":"Garante privacy","og_description":"Garante privacy: Il Garante per la protezione dei dati personali ha stabilito che dal 28 Febbraio 2009 tutte le aziende - private e pubbliche - devono ...","og_url":"https:\/\/www.cyberfero.com\/it\/cloud-products-and-services\/log-management\/garante-privacy\/","og_site_name":"Cyberfero","article_publisher":"https:\/\/www.facebook.com\/Cyberfero","article_modified_time":"2020-06-30T10:07:17+00:00","og_image":[{"url":"https:\/\/www.cyberfero.com\/wp-content\/uploads\/2017\/08\/garante-privacy.jpg","type":"","width":"","height":""}],"twitter_card":"summary_large_image","twitter_site":"@secureod","twitter_misc":{"Tempo di lettura stimato":"2 minuti"},"schema":{"@context":"https:\/\/schema.org","@graph":[{"@type":"WebPage","@id":"https:\/\/www.cyberfero.com\/it\/cloud-products-and-services\/log-management\/garante-privacy\/","url":"https:\/\/www.cyberfero.com\/it\/cloud-products-and-services\/log-management\/garante-privacy\/","name":"Garante Privacy - Log Management - Secure Online Desktop","isPartOf":{"@id":"https:\/\/www.cyberfero.com\/it\/#website"},"primaryImageOfPage":{"@id":"https:\/\/www.cyberfero.com\/it\/cloud-products-and-services\/log-management\/garante-privacy\/#primaryimage"},"image":{"@id":"https:\/\/www.cyberfero.com\/it\/cloud-products-and-services\/log-management\/garante-privacy\/#primaryimage"},"thumbnailUrl":"https:\/\/www.cyberfero.com\/wp-content\/uploads\/2017\/08\/garante-privacy.jpg","datePublished":"2017-08-08T09:32:57+00:00","dateModified":"2020-06-30T10:07:17+00:00","description":"Garante privacy: Il Garante per la protezione dei dati personali ha stabilito che dal 28 Febbraio 2009 tutte le aziende - private e pubbliche - devono ...","breadcrumb":{"@id":"https:\/\/www.cyberfero.com\/it\/cloud-products-and-services\/log-management\/garante-privacy\/#breadcrumb"},"inLanguage":"it-IT","potentialAction":[{"@type":"ReadAction","target":["https:\/\/www.cyberfero.com\/it\/cloud-products-and-services\/log-management\/garante-privacy\/"]}]},{"@type":"ImageObject","inLanguage":"it-IT","@id":"https:\/\/www.cyberfero.com\/it\/cloud-products-and-services\/log-management\/garante-privacy\/#primaryimage","url":"https:\/\/www.cyberfero.com\/wp-content\/uploads\/2017\/08\/garante-privacy.jpg","contentUrl":"https:\/\/www.cyberfero.com\/wp-content\/uploads\/2017\/08\/garante-privacy.jpg"},{"@type":"BreadcrumbList","@id":"https:\/\/www.cyberfero.com\/it\/cloud-products-and-services\/log-management\/garante-privacy\/#breadcrumb","itemListElement":[{"@type":"ListItem","position":1,"name":"Home","item":"https:\/\/www.cyberfero.com\/it\/"},{"@type":"ListItem","position":2,"name":"Prodotti e Servizi Cloud","item":"https:\/\/www.cyberfero.com\/it\/cloud-products-and-services\/"},{"@type":"ListItem","position":3,"name":"Log Management","item":"https:\/\/www.cyberfero.com\/it\/cloud-products-and-services\/log-management\/"},{"@type":"ListItem","position":4,"name":"Garante privacy"}]},{"@type":"WebSite","@id":"https:\/\/www.cyberfero.com\/it\/#website","url":"https:\/\/www.cyberfero.com\/it\/","name":"Cyberfero","description":"Managed Security Service Provider","publisher":{"@id":"https:\/\/www.cyberfero.com\/it\/#organization"},"potentialAction":[{"@type":"SearchAction","target":{"@type":"EntryPoint","urlTemplate":"https:\/\/www.cyberfero.com\/it\/?s={search_term_string}"},"query-input":{"@type":"PropertyValueSpecification","valueRequired":true,"valueName":"search_term_string"}}],"inLanguage":"it-IT"},{"@type":["Organization","Place","ProfessionalService"],"@id":"https:\/\/www.cyberfero.com\/it\/#organization","name":"Cyberfero s.r.l.","url":"https:\/\/www.cyberfero.com\/it\/","logo":{"@id":"https:\/\/www.cyberfero.com\/it\/cloud-products-and-services\/log-management\/garante-privacy\/#local-main-organization-logo"},"image":{"@id":"https:\/\/www.cyberfero.com\/it\/cloud-products-and-services\/log-management\/garante-privacy\/#local-main-organization-logo"},"sameAs":["https:\/\/www.facebook.com\/Cyberfero","https:\/\/x.com\/secureod","https:\/\/www.instagram.com\/cyber_fero\/","https:\/\/www.linkedin.com\/company\/cyberfero","http:\/\/www.pinterest.com\/cyberfero","https:\/\/www.youtube.com\/user\/secureod"],"address":{"@id":"https:\/\/www.cyberfero.com\/it\/cloud-products-and-services\/log-management\/garante-privacy\/#local-main-place-address"},"telephone":["+39 0522 1685330"],"openingHoursSpecification":[{"@type":"OpeningHoursSpecification","dayOfWeek":["Monday","Tuesday","Wednesday","Thursday","Friday"],"opens":"09:00","closes":"18:30"},{"@type":"OpeningHoursSpecification","dayOfWeek":["Saturday","Sunday"],"opens":"00:00","closes":"00:00"}],"email":"info@cyberfero.com","faxNumber":"+39 0522 015371","areaServed":"Italia","vatID":"03058120357","taxID":"03058120357","priceRange":"$$$","currenciesAccepted":"\u20ac","paymentAccepted":"paypal, bonifico bancario"},{"@type":"PostalAddress","@id":"https:\/\/www.cyberfero.com\/it\/cloud-products-and-services\/log-management\/garante-privacy\/#local-main-place-address","streetAddress":"Via Statuto, 3","addressLocality":"Reggio Emilia","postalCode":"42121","addressRegion":"Italia","addressCountry":"IT"},{"@type":"ImageObject","inLanguage":"it-IT","@id":"https:\/\/www.cyberfero.com\/it\/cloud-products-and-services\/log-management\/garante-privacy\/#local-main-organization-logo","url":"https:\/\/www.cyberfero.com\/wp-content\/uploads\/2024\/05\/Color-logo-no-background.png","contentUrl":"https:\/\/www.cyberfero.com\/wp-content\/uploads\/2024\/05\/Color-logo-no-background.png","width":3163,"height":922,"caption":"Cyberfero s.r.l."}]},"geo.placename":"Reggio Emilia","geo.region":"Italia"},"_links":{"self":[{"href":"https:\/\/www.cyberfero.com\/it\/wp-json\/wp\/v2\/pages\/5311","targetHints":{"allow":["GET"]}}],"collection":[{"href":"https:\/\/www.cyberfero.com\/it\/wp-json\/wp\/v2\/pages"}],"about":[{"href":"https:\/\/www.cyberfero.com\/it\/wp-json\/wp\/v2\/types\/page"}],"author":[{"embeddable":true,"href":"https:\/\/www.cyberfero.com\/it\/wp-json\/wp\/v2\/users\/4"}],"replies":[{"embeddable":true,"href":"https:\/\/www.cyberfero.com\/it\/wp-json\/wp\/v2\/comments?post=5311"}],"version-history":[{"count":0,"href":"https:\/\/www.cyberfero.com\/it\/wp-json\/wp\/v2\/pages\/5311\/revisions"}],"up":[{"embeddable":true,"href":"https:\/\/www.cyberfero.com\/it\/wp-json\/wp\/v2\/pages\/5204"}],"wp:attachment":[{"href":"https:\/\/www.cyberfero.com\/it\/wp-json\/wp\/v2\/media?parent=5311"}],"curies":[{"name":"wp","href":"https:\/\/api.w.org\/{rel}","templated":true}]}}